{"id":20597,"date":"2025-06-20T20:06:05","date_gmt":"2025-06-21T00:06:05","guid":{"rendered":"https:\/\/www.multicasa.com.br\/inicio\/?post_type=product&#038;p=20597"},"modified":"2026-02-12T17:21:38","modified_gmt":"2026-02-12T21:21:38","slug":"colher-de-arroz-verde-em-silicone-oikos-272cm","status":"publish","type":"product","link":"https:\/\/www.multicasa.com.br\/inicio\/produto\/colher-de-arroz-verde-em-silicone-oikos-272cm\/","title":{"rendered":"Colher de Arroz Verde em Silicone Oikos 27,2cm"},"content":{"rendered":"<p>Utens\u00edlios de silicone s\u00e3o perfeitos para n\u00e3o danificar suas panelas com arranh\u00f5es. A Colher de Arroz em Silicone Oikos mede 27,2cm, o tamanho ideal para preparar suas refei\u00e7\u00f5es, transferir alimentos s\u00f3lidos e l\u00edquidos e servir. O silicone, al\u00e9m de ter um design moderno e inovador para deixar sua cozinha mais bonita, garante facilidade na hora de limpar, n\u00e3o ret\u00e9m cheiro e n\u00e3o prolifera bact\u00e9rias, tornando sua cozinha um ambiente higi\u00eanico e seguro para se alimentar. Outra qualidade incr\u00edvel \u00e9 que n\u00e3o conduz calor, ou seja, garante seguran\u00e7a na hora do manuseio e n\u00e3o queima as m\u00e3os. Seu cabo tem furo na extremidade para que possa ser pendurado e, assim, otimizar espa\u00e7os na sua cozinha. Dispon\u00edvel na cor verde.<\/p>\n","protected":false},"excerpt":{"rendered":"<h4 style=\"margin: 0px;padding: 0px 0px 16px;font-family: Lato, sans-serif;font-weight: bold;line-height: 3rem;color: var(--dark-grey3);font-size: 22px;font-style: normal;letter-spacing: normal;text-align: start;text-indent: 0px;text-transform: none\">Informa\u00e7\u00f5es t\u00e9cnicas<\/h4>\n<p><span style=\"margin: 0px;padding: 0px;font-weight: 450;font-size: 14px;line-height: 21px;color: var(--dark-grey2);font-family: Lato, sans-serif;font-style: normal;letter-spacing: normal;text-align: start;text-indent: 0px;text-transform: none\">Produto: Colher de Arroz<br \/>\nMarca: Oikos<br \/>\nMaterial: Silicone<br \/>\nCor: Verde<br \/>\nItens inclusos: 1 colher de arroz<br \/>\nDimens\u00f5es do produto (C): 27,2cm<\/span><\/p>\n","protected":false},"featured_media":20661,"template":"","meta":{"_joinchat":[]},"product_brand":[],"product_cat":[93],"product_tag":[],"class_list":{"0":"post-20597","1":"product","2":"type-product","3":"status-publish","4":"has-post-thumbnail","6":"product_cat-utensilios-para-cozinha","8":"first","9":"instock","10":"shipping-taxable","11":"purchasable","12":"product-type-simple"},"_links":{"self":[{"href":"https:\/\/www.multicasa.com.br\/inicio\/wp-json\/wp\/v2\/product\/20597","targetHints":{"allow":["GET"]}}],"collection":[{"href":"https:\/\/www.multicasa.com.br\/inicio\/wp-json\/wp\/v2\/product"}],"about":[{"href":"https:\/\/www.multicasa.com.br\/inicio\/wp-json\/wp\/v2\/types\/product"}],"wp:featuredmedia":[{"embeddable":true,"href":"https:\/\/www.multicasa.com.br\/inicio\/wp-json\/wp\/v2\/media\/20661"}],"wp:attachment":[{"href":"https:\/\/www.multicasa.com.br\/inicio\/wp-json\/wp\/v2\/media?parent=20597"}],"wp:term":[{"taxonomy":"product_brand","embeddable":true,"href":"https:\/\/www.multicasa.com.br\/inicio\/wp-json\/wp\/v2\/product_brand?post=20597"},{"taxonomy":"product_cat","embeddable":true,"href":"https:\/\/www.multicasa.com.br\/inicio\/wp-json\/wp\/v2\/product_cat?post=20597"},{"taxonomy":"product_tag","embeddable":true,"href":"https:\/\/www.multicasa.com.br\/inicio\/wp-json\/wp\/v2\/product_tag?post=20597"}],"curies":[{"name":"wp","href":"https:\/\/api.w.org\/{rel}","templated":true}]}}