{"id":20617,"date":"2025-06-20T20:06:28","date_gmt":"2025-06-21T00:06:28","guid":{"rendered":"https:\/\/www.multicasa.com.br\/inicio\/?post_type=product&#038;p=20617"},"modified":"2026-02-12T05:23:48","modified_gmt":"2026-02-12T09:23:48","slug":"espatula-de-silicone-redonda-amarela-oikos","status":"publish","type":"product","link":"https:\/\/www.multicasa.com.br\/inicio\/produto\/espatula-de-silicone-redonda-amarela-oikos\/","title":{"rendered":"Esp\u00e1tula de Silicone Redonda Amarela Oikos"},"content":{"rendered":"<p>Esp\u00e1tula de Silicone Redonda Oikos \u00e9 perfeita para auxiliar no preparo de suas receitas. Utens\u00edlios de silicone s\u00e3o ideais para serem utilizados em todos os tipos de panelas, inclusive antiaderente Sem Riscar. Com ela, voc\u00ea prepara seu alimento escorregando-a por toda a panela, sem deixar nenhum arranh\u00e3o. Voc\u00ea ainda pode bater a haste para tirar o excesso que ficou, sem amassar a beirada da esp\u00e1tula. Al\u00e9m disso super f\u00e1cil de Limpar, sua superf\u00edcie lisa n\u00e3o ret\u00e9m cheiro, n\u00e3o prolifera bact\u00e9rias e ainda n\u00e3o conduz o calor provocado pela chama do fog\u00e3o. Produzida em Silicone Duplo, trazendo resist\u00eancia em dobro na hora de preparar suas receitas. Vers\u00e1til e colorida.<\/p>\n","protected":false},"excerpt":{"rendered":"<h4 style=\"margin: 0px;padding: 0px 0px 16px;font-family: Lato, sans-serif;font-weight: bold;line-height: 3rem;color: var(--dark-grey3);font-size: 22px;font-style: normal;letter-spacing: normal;text-align: start;text-indent: 0px;text-transform: none\">Informa\u00e7\u00f5es t\u00e9cnicas<\/h4>\n<p><span style=\"margin: 0px;padding: 0px;font-weight: 450;font-size: 14px;line-height: 21px;color: var(--dark-grey2);font-family: Lato, sans-serif;font-style: normal;letter-spacing: normal;text-align: start;text-indent: 0px;text-transform: none\">Produto: Esp\u00e1tula<br \/>\nMarca: Oikos<br \/>\nMaterial: Silicone<br \/>\nCor: Amarelo<br \/>\nItens Inclusos: ?1 Esp\u00e1tula<br \/>\nDimens\u00f5es do produto: ? 27.9 x 5.4 x 1.5 cm; 100 g<br \/>\n<\/span><\/p>\n","protected":false},"featured_media":25132,"template":"","meta":{"_joinchat":[]},"product_brand":[],"product_cat":[93],"product_tag":[],"class_list":{"0":"post-20617","1":"product","2":"type-product","3":"status-publish","4":"has-post-thumbnail","6":"product_cat-utensilios-para-cozinha","8":"first","9":"outofstock","10":"shipping-taxable","11":"purchasable","12":"product-type-simple"},"_links":{"self":[{"href":"https:\/\/www.multicasa.com.br\/inicio\/wp-json\/wp\/v2\/product\/20617","targetHints":{"allow":["GET"]}}],"collection":[{"href":"https:\/\/www.multicasa.com.br\/inicio\/wp-json\/wp\/v2\/product"}],"about":[{"href":"https:\/\/www.multicasa.com.br\/inicio\/wp-json\/wp\/v2\/types\/product"}],"wp:featuredmedia":[{"embeddable":true,"href":"https:\/\/www.multicasa.com.br\/inicio\/wp-json\/wp\/v2\/media\/25132"}],"wp:attachment":[{"href":"https:\/\/www.multicasa.com.br\/inicio\/wp-json\/wp\/v2\/media?parent=20617"}],"wp:term":[{"taxonomy":"product_brand","embeddable":true,"href":"https:\/\/www.multicasa.com.br\/inicio\/wp-json\/wp\/v2\/product_brand?post=20617"},{"taxonomy":"product_cat","embeddable":true,"href":"https:\/\/www.multicasa.com.br\/inicio\/wp-json\/wp\/v2\/product_cat?post=20617"},{"taxonomy":"product_tag","embeddable":true,"href":"https:\/\/www.multicasa.com.br\/inicio\/wp-json\/wp\/v2\/product_tag?post=20617"}],"curies":[{"name":"wp","href":"https:\/\/api.w.org\/{rel}","templated":true}]}}