{"id":20636,"date":"2025-06-20T20:06:51","date_gmt":"2025-06-21T00:06:51","guid":{"rendered":"https:\/\/www.multicasa.com.br\/inicio\/?post_type=product&#038;p=20636"},"modified":"2026-02-12T17:21:58","modified_gmt":"2026-02-12T21:21:58","slug":"espatula-de-silicone-redonda-cotidiana-oikos","status":"publish","type":"product","link":"https:\/\/www.multicasa.com.br\/inicio\/produto\/espatula-de-silicone-redonda-cotidiana-oikos\/","title":{"rendered":"Esp\u00e1tula de Silicone Redonda Cotidiana Oikos"},"content":{"rendered":"<p>A Esp\u00e1tula de Silicone Redonda \u00e9 perfeita para acompanhar a sua refei\u00e7\u00e3o e servir deliciosos pratos. Seu silicone n\u00e3o arranha a sua panela, \u00e9 f\u00e1cil de limpar e pr\u00e1tica. Sua superf\u00edcie lisa n\u00e3o ret\u00e9m cheiro, n\u00e3o prolifera bact\u00e9rias e ainda n\u00e3o conduz o calor provocado pela chama do fog\u00e3o.<\/p>\n","protected":false},"excerpt":{"rendered":"<h4 style=\"margin: 0px;padding: 0px 0px 16px;font-family: Lato, sans-serif;font-weight: bold;line-height: 3rem;color: var(--dark-grey3);font-size: 22px;font-style: normal;letter-spacing: normal;text-align: start;text-indent: 0px;text-transform: none\">Informa\u00e7\u00f5es t\u00e9cnicas<\/h4>\n<p><span style=\"margin: 0px;padding: 0px;font-weight: 450;font-size: 14px;line-height: 21px;color: var(--dark-grey2);font-family: Lato, sans-serif;font-style: normal;letter-spacing: normal;text-align: start;text-indent: 0px;text-transform: none\">Produto: Esp\u00e1tula de Silicone<br \/>\nMarca: Oikos<br \/>\nCor: Azul<br \/>\nMaterial: ? ?Silicone, Ferro<br \/>\nItens Inclusos: ? 1 Esp\u00e1tula<br \/>\nDimens\u00f5es do produto: ? ? ?27.9 x 5.4 x 1.5 cm; 100 g<br \/>\n<\/span><\/p>\n","protected":false},"featured_media":20681,"template":"","meta":{"_joinchat":[]},"product_brand":[],"product_cat":[93],"product_tag":[],"class_list":{"0":"post-20636","1":"product","2":"type-product","3":"status-publish","4":"has-post-thumbnail","6":"product_cat-utensilios-para-cozinha","8":"first","9":"outofstock","10":"shipping-taxable","11":"purchasable","12":"product-type-simple"},"_links":{"self":[{"href":"https:\/\/www.multicasa.com.br\/inicio\/wp-json\/wp\/v2\/product\/20636","targetHints":{"allow":["GET"]}}],"collection":[{"href":"https:\/\/www.multicasa.com.br\/inicio\/wp-json\/wp\/v2\/product"}],"about":[{"href":"https:\/\/www.multicasa.com.br\/inicio\/wp-json\/wp\/v2\/types\/product"}],"wp:featuredmedia":[{"embeddable":true,"href":"https:\/\/www.multicasa.com.br\/inicio\/wp-json\/wp\/v2\/media\/20681"}],"wp:attachment":[{"href":"https:\/\/www.multicasa.com.br\/inicio\/wp-json\/wp\/v2\/media?parent=20636"}],"wp:term":[{"taxonomy":"product_brand","embeddable":true,"href":"https:\/\/www.multicasa.com.br\/inicio\/wp-json\/wp\/v2\/product_brand?post=20636"},{"taxonomy":"product_cat","embeddable":true,"href":"https:\/\/www.multicasa.com.br\/inicio\/wp-json\/wp\/v2\/product_cat?post=20636"},{"taxonomy":"product_tag","embeddable":true,"href":"https:\/\/www.multicasa.com.br\/inicio\/wp-json\/wp\/v2\/product_tag?post=20636"}],"curies":[{"name":"wp","href":"https:\/\/api.w.org\/{rel}","templated":true}]}}