{"id":20641,"date":"2025-06-20T20:06:52","date_gmt":"2025-06-21T00:06:52","guid":{"rendered":"https:\/\/www.multicasa.com.br\/inicio\/?post_type=product&#038;p=20641"},"modified":"2026-02-12T17:19:49","modified_gmt":"2026-02-12T21:19:49","slug":"pegador-de-salada-em-silicone-pequeno-oikos","status":"publish","type":"product","link":"https:\/\/www.multicasa.com.br\/inicio\/produto\/pegador-de-salada-em-silicone-pequeno-oikos\/","title":{"rendered":"Pegador de Salada em Silicone Pequeno Oikos"},"content":{"rendered":"<p>Pegador de Salada em Silicone da Oikos, ou pin\u00e7a para os \u00edntimos, \u00e9 um item ideal para acompanhar e servir suas refei\u00e7\u00f5es, ideal para a sua cozinha. Sua superf\u00edcie lisa n\u00e3o ret\u00e9m cheiro nem prolifera bact\u00e9rias, al\u00e9m de n\u00e3o conduzir o calor do fog\u00e3o para as suas m\u00e3os. Com maior precis\u00e3o, esses pegadores te ajudam desde a virar seus grelhados direto na assadeira at\u00e9 pegar a \u00faltima rodela de cenoura da tigela. e com um design bacana, ele pode ser pendurado com orgulho na sua cozinha. Na nossa casa, todas as cores s\u00e3o bem-vindas.<\/p>\n","protected":false},"excerpt":{"rendered":"<h4 style=\"margin: 0px;padding: 0px 0px 16px;font-family: Lato, sans-serif;font-weight: bold;line-height: 3rem;color: var(--dark-grey3);font-size: 22px;font-style: normal;letter-spacing: normal;text-align: start;text-indent: 0px;text-transform: none\">Informa\u00e7\u00f5es t\u00e9cnicas<\/h4>\n<p><span style=\"margin: 0px;padding: 0px;font-weight: 450;font-size: 14px;line-height: 21px;color: var(--dark-grey2);font-family: Lato, sans-serif;font-style: normal;letter-spacing: normal;text-align: start;text-indent: 0px;text-transform: none\">Produto: Pegador de Massa<br \/>\nMarca: Oikos<br \/>\nMaterial: ?Silicone, Ferro<br \/>\nCor: Verde<br \/>\nItens Inclusos: 1 Pegador<br \/>\nDimens\u00f5es do produto: ?21 x 3.5 x 2 cm; 60 g<br \/>\n<\/span><\/p>\n","protected":false},"featured_media":20687,"template":"","meta":{"_joinchat":[]},"product_brand":[],"product_cat":[93],"product_tag":[],"class_list":{"0":"post-20641","1":"product","2":"type-product","3":"status-publish","4":"has-post-thumbnail","6":"product_cat-utensilios-para-cozinha","8":"first","9":"outofstock","10":"shipping-taxable","11":"purchasable","12":"product-type-simple"},"_links":{"self":[{"href":"https:\/\/www.multicasa.com.br\/inicio\/wp-json\/wp\/v2\/product\/20641","targetHints":{"allow":["GET"]}}],"collection":[{"href":"https:\/\/www.multicasa.com.br\/inicio\/wp-json\/wp\/v2\/product"}],"about":[{"href":"https:\/\/www.multicasa.com.br\/inicio\/wp-json\/wp\/v2\/types\/product"}],"wp:featuredmedia":[{"embeddable":true,"href":"https:\/\/www.multicasa.com.br\/inicio\/wp-json\/wp\/v2\/media\/20687"}],"wp:attachment":[{"href":"https:\/\/www.multicasa.com.br\/inicio\/wp-json\/wp\/v2\/media?parent=20641"}],"wp:term":[{"taxonomy":"product_brand","embeddable":true,"href":"https:\/\/www.multicasa.com.br\/inicio\/wp-json\/wp\/v2\/product_brand?post=20641"},{"taxonomy":"product_cat","embeddable":true,"href":"https:\/\/www.multicasa.com.br\/inicio\/wp-json\/wp\/v2\/product_cat?post=20641"},{"taxonomy":"product_tag","embeddable":true,"href":"https:\/\/www.multicasa.com.br\/inicio\/wp-json\/wp\/v2\/product_tag?post=20641"}],"curies":[{"name":"wp","href":"https:\/\/api.w.org\/{rel}","templated":true}]}}