{"id":20649,"date":"2025-06-20T20:06:53","date_gmt":"2025-06-21T00:06:53","guid":{"rendered":"https:\/\/www.multicasa.com.br\/inicio\/?post_type=product&#038;p=20649"},"modified":"2026-02-12T17:22:43","modified_gmt":"2026-02-12T21:22:43","slug":"espatula-de-silicone-reta-preta-oikos-3","status":"publish","type":"product","link":"https:\/\/www.multicasa.com.br\/inicio\/produto\/espatula-de-silicone-reta-preta-oikos-3\/","title":{"rendered":"Esp\u00e1tula de Silicone Reta Preta Oikos"},"content":{"rendered":"<p>Com a Esp\u00e1tula de Silicone Reta da Oikos seus momentos na hora de cozinhar ser\u00e3o cada vez mais pr\u00e1ticos, ela \u00e9 excelente para produ\u00e7\u00e3o de bolos, omeletes, receitas cremosas e v\u00e1rios outros alimentos. \u00c9 fabricada em material de Silicone muito resistente, possui 20cm de comprimento e sua cor preta traz um toque sofisticado para sua cozinha.<\/p>\n","protected":false},"excerpt":{"rendered":"<h4 style=\"margin: 0px;padding: 0px 0px 16px;font-family: Lato, sans-serif;font-weight: bold;line-height: 3rem;color: var(--dark-grey3);font-size: 22px;font-style: normal;letter-spacing: normal;text-align: start;text-indent: 0px;text-transform: none\">Informa\u00e7\u00f5es t\u00e9cnicas<\/h4>\n<p><span style=\"margin: 0px;padding: 0px;font-weight: 450;font-size: 14px;line-height: 21px;color: var(--dark-grey2);font-family: Lato, sans-serif;font-style: normal;letter-spacing: normal;text-align: start;text-indent: 0px;text-transform: none\">Produto: Esp\u00e1tula<br \/>\nMarca: Oikos<br \/>\nMaterial: Silicone<br \/>\nCor: Preta<br \/>\nUso Indicado: Para produtos com antiaderente<br \/>\nCaracter\u00edsticas: Resistente \u00e0 temperatura de at\u00e9 220 graus; Pode ser usada em lava-lou\u00e7as; N\u00e3o absorve odores<br \/>\nItens Inclusos: 1 esp\u00e1tula<br \/>\nDimens\u00f5es do Produto (A x L): 20,7&#215;4,5cm<\/span><\/p>\n","protected":false},"featured_media":20695,"template":"","meta":{"_joinchat":[]},"product_brand":[],"product_cat":[93],"product_tag":[],"class_list":{"0":"post-20649","1":"product","2":"type-product","3":"status-publish","4":"has-post-thumbnail","6":"product_cat-utensilios-para-cozinha","8":"first","9":"outofstock","10":"shipping-taxable","11":"purchasable","12":"product-type-simple"},"_links":{"self":[{"href":"https:\/\/www.multicasa.com.br\/inicio\/wp-json\/wp\/v2\/product\/20649","targetHints":{"allow":["GET"]}}],"collection":[{"href":"https:\/\/www.multicasa.com.br\/inicio\/wp-json\/wp\/v2\/product"}],"about":[{"href":"https:\/\/www.multicasa.com.br\/inicio\/wp-json\/wp\/v2\/types\/product"}],"wp:featuredmedia":[{"embeddable":true,"href":"https:\/\/www.multicasa.com.br\/inicio\/wp-json\/wp\/v2\/media\/20695"}],"wp:attachment":[{"href":"https:\/\/www.multicasa.com.br\/inicio\/wp-json\/wp\/v2\/media?parent=20649"}],"wp:term":[{"taxonomy":"product_brand","embeddable":true,"href":"https:\/\/www.multicasa.com.br\/inicio\/wp-json\/wp\/v2\/product_brand?post=20649"},{"taxonomy":"product_cat","embeddable":true,"href":"https:\/\/www.multicasa.com.br\/inicio\/wp-json\/wp\/v2\/product_cat?post=20649"},{"taxonomy":"product_tag","embeddable":true,"href":"https:\/\/www.multicasa.com.br\/inicio\/wp-json\/wp\/v2\/product_tag?post=20649"}],"curies":[{"name":"wp","href":"https:\/\/api.w.org\/{rel}","templated":true}]}}