{"id":20667,"date":"2025-06-20T20:07:15","date_gmt":"2025-06-21T00:07:15","guid":{"rendered":"https:\/\/www.multicasa.com.br\/inicio\/?post_type=product&#038;p=20667"},"modified":"2026-02-13T05:28:48","modified_gmt":"2026-02-13T09:28:48","slug":"colher-de-silicone-com-cabo-de-madeira-oikos","status":"publish","type":"product","link":"https:\/\/www.multicasa.com.br\/inicio\/produto\/colher-de-silicone-com-cabo-de-madeira-oikos\/","title":{"rendered":"Colher de Silicone com Cabo de Madeira Oikos"},"content":{"rendered":"<p>Mantenha suas panelas intactas como novas usando a Colher de Silicone com Cabo de Madeira Oikos. Estilo e funcionalidade em um produto s\u00f3. Desenvolvido para garantir seguran\u00e7a e praticidade ao seu dia a dia na cozinha, o silicone possibilita que a mesma colher seja utilizada para alimentos doces, salgados, c\u00edtricos e mais porque n\u00e3o ret\u00e9m cheiro ou sabor; n\u00e3o arranha as panelas e possui f\u00e1cil higieniza\u00e7\u00e3o. J\u00e1 a madeira, garante firmeza e n\u00e3o conduz calor na hora de preparar e mexer seu alimento. <\/p>\n","protected":false},"excerpt":{"rendered":"<h4 style=\"margin: 0px;padding: 0px 0px 16px;font-family: Lato, sans-serif;font-weight: bold;line-height: 3rem;color: var(--dark-grey3);font-size: 22px;font-style: normal;letter-spacing: normal;text-align: start;text-indent: 0px;text-transform: none\">Informa\u00e7\u00f5es t\u00e9cnicas<\/h4>\n<p><span style=\"margin: 0px;padding: 0px;font-weight: 450;font-size: 14px;line-height: 21px;color: var(--dark-grey2);font-family: Lato, sans-serif;font-style: normal;letter-spacing: normal;text-align: start;text-indent: 0px;text-transform: none\">Produto: Colher de Silicone<br \/>\nMarca: Oikos<br \/>\nMaterial: Silicone; madeira<br \/>\nCor: Preto; natural<br \/>\nItens inclusos: 1 colher<br \/>\nDimens\u00f5es do produto (C): 31,5cm<\/span><\/p>\n","protected":false},"featured_media":20711,"template":"","meta":{"_joinchat":[]},"product_brand":[],"product_cat":[93],"product_tag":[],"class_list":{"0":"post-20667","1":"product","2":"type-product","3":"status-publish","4":"has-post-thumbnail","6":"product_cat-utensilios-para-cozinha","8":"first","9":"outofstock","10":"shipping-taxable","11":"purchasable","12":"product-type-simple"},"_links":{"self":[{"href":"https:\/\/www.multicasa.com.br\/inicio\/wp-json\/wp\/v2\/product\/20667","targetHints":{"allow":["GET"]}}],"collection":[{"href":"https:\/\/www.multicasa.com.br\/inicio\/wp-json\/wp\/v2\/product"}],"about":[{"href":"https:\/\/www.multicasa.com.br\/inicio\/wp-json\/wp\/v2\/types\/product"}],"wp:featuredmedia":[{"embeddable":true,"href":"https:\/\/www.multicasa.com.br\/inicio\/wp-json\/wp\/v2\/media\/20711"}],"wp:attachment":[{"href":"https:\/\/www.multicasa.com.br\/inicio\/wp-json\/wp\/v2\/media?parent=20667"}],"wp:term":[{"taxonomy":"product_brand","embeddable":true,"href":"https:\/\/www.multicasa.com.br\/inicio\/wp-json\/wp\/v2\/product_brand?post=20667"},{"taxonomy":"product_cat","embeddable":true,"href":"https:\/\/www.multicasa.com.br\/inicio\/wp-json\/wp\/v2\/product_cat?post=20667"},{"taxonomy":"product_tag","embeddable":true,"href":"https:\/\/www.multicasa.com.br\/inicio\/wp-json\/wp\/v2\/product_tag?post=20667"}],"curies":[{"name":"wp","href":"https:\/\/api.w.org\/{rel}","templated":true}]}}