{"id":20675,"date":"2025-06-20T20:07:16","date_gmt":"2025-06-21T00:07:16","guid":{"rendered":"https:\/\/www.multicasa.com.br\/inicio\/?post_type=product&#038;p=20675"},"modified":"2026-02-12T17:20:24","modified_gmt":"2026-02-12T21:20:24","slug":"espatula-de-silicone-preta-com-cabo-de-madeira-oikos","status":"publish","type":"product","link":"https:\/\/www.multicasa.com.br\/inicio\/produto\/espatula-de-silicone-preta-com-cabo-de-madeira-oikos\/","title":{"rendered":"Esp\u00e1tula de Silicone Preta com Cabo de Madeira Oikos"},"content":{"rendered":"<p>Utilize a Esp\u00e1tula da Oikos para alcan\u00e7ar cantos na hora de preparar as suas receitas. Produzida em silicone preto, mede 32cm e \u00e9 ideal para pratos como tortas, bolos, doces e outros porque permite que voc\u00ea retire todo o alimento do recipiente sem arranhar o fundo. Com a esp\u00e1tula p\u00e3o duro voc\u00ea ainda pode bater a haste para tirar o excesso sem amassar o utens\u00edlio ou do recipiente. Feita com cabo resistente de madeira, seu material \u00e9 de f\u00e1cil limpeza e sua superf\u00edcie lisa n\u00e3o ret\u00e9m cheiro, n\u00e3o prolifera bact\u00e9rias e ainda n\u00e3o conduz calor provocado pela chama do fog\u00e3o. Um item indispens\u00e1vel na sua cozinha.<\/p>\n","protected":false},"excerpt":{"rendered":"<h4 style=\"margin: 0px;padding: 0px 0px 16px;font-family: Lato, sans-serif;font-weight: bold;line-height: 3rem;color: var(--dark-grey3);font-size: 22px;font-style: normal;letter-spacing: normal;text-align: start;text-indent: 0px;text-transform: none\">Informa\u00e7\u00f5es t\u00e9cnicas<\/h4>\n<p><span style=\"margin: 0px;padding: 0px;font-weight: 450;font-size: 14px;line-height: 21px;color: var(--dark-grey2);font-family: Lato, sans-serif;font-style: normal;letter-spacing: normal;text-align: start;text-indent: 0px;text-transform: none\">Produto: Esp\u00e1tula<br \/>\nMarca: Oikos<br \/>\nMaterial: Silicone; madeira<br \/>\nCor: Preta<br \/>\nUso indicado: Raspar latas e vidros<br \/>\nCaracter\u00edsticas: F\u00e1cil de limpar<br \/>\nItens Inclusos: 1 esp\u00e1tula multiuso<br \/>\nDimens\u00f5es do produto (A): 32cm<\/span><\/p>\n","protected":false},"featured_media":20719,"template":"","meta":{"_joinchat":[]},"product_brand":[],"product_cat":[93],"product_tag":[],"class_list":{"0":"post-20675","1":"product","2":"type-product","3":"status-publish","4":"has-post-thumbnail","6":"product_cat-utensilios-para-cozinha","8":"first","9":"outofstock","10":"shipping-taxable","11":"purchasable","12":"product-type-simple"},"_links":{"self":[{"href":"https:\/\/www.multicasa.com.br\/inicio\/wp-json\/wp\/v2\/product\/20675","targetHints":{"allow":["GET"]}}],"collection":[{"href":"https:\/\/www.multicasa.com.br\/inicio\/wp-json\/wp\/v2\/product"}],"about":[{"href":"https:\/\/www.multicasa.com.br\/inicio\/wp-json\/wp\/v2\/types\/product"}],"wp:featuredmedia":[{"embeddable":true,"href":"https:\/\/www.multicasa.com.br\/inicio\/wp-json\/wp\/v2\/media\/20719"}],"wp:attachment":[{"href":"https:\/\/www.multicasa.com.br\/inicio\/wp-json\/wp\/v2\/media?parent=20675"}],"wp:term":[{"taxonomy":"product_brand","embeddable":true,"href":"https:\/\/www.multicasa.com.br\/inicio\/wp-json\/wp\/v2\/product_brand?post=20675"},{"taxonomy":"product_cat","embeddable":true,"href":"https:\/\/www.multicasa.com.br\/inicio\/wp-json\/wp\/v2\/product_cat?post=20675"},{"taxonomy":"product_tag","embeddable":true,"href":"https:\/\/www.multicasa.com.br\/inicio\/wp-json\/wp\/v2\/product_tag?post=20675"}],"curies":[{"name":"wp","href":"https:\/\/api.w.org\/{rel}","templated":true}]}}