{"id":20696,"date":"2025-06-20T20:07:40","date_gmt":"2025-06-21T00:07:40","guid":{"rendered":"https:\/\/www.multicasa.com.br\/inicio\/?post_type=product&#038;p=20696"},"modified":"2025-06-23T10:14:01","modified_gmt":"2025-06-23T14:14:01","slug":"kit-necessaire-para-mala-viagem-vinho-lola-decor-7-pecas","status":"publish","type":"product","link":"https:\/\/www.multicasa.com.br\/inicio\/produto\/kit-necessaire-para-mala-viagem-vinho-lola-decor-7-pecas\/","title":{"rendered":"Kit Necessaire para Mala\/Viagem Vinho Lola Decor 7 Pe\u00e7as"},"content":{"rendered":"<p>O Kit Necessaire Lola Decor, \u00e9 o organizador de malas e parceiro ideal para suas viagens. Confeccionado em poli\u00e9ster na cor vinho , acompanha 7 pe\u00e7as distintas, distribuindo seus pertences de forma inteligente e organizada. O kit inclui 3 cubos organizadores com z\u00edper e tela para melhor visualiza\u00e7\u00e3o, 3 necessaires nos tamanhos P, M e G e 1 protetor de sapatos com z\u00edper.<br \/>\nTamb\u00e9m permite armazenar pe\u00e7as secas ou \u00famidas, trazendo muito mais praticidade e seguran\u00e7a.<br \/>\nViage com tranquilidade sabendo que seus pertences est\u00e3o bem protegidos e organizados!<\/p>\n","protected":false},"excerpt":{"rendered":"<h4 style=\"margin: 0px;padding: 0px 0px 16px;font-family: Lato, sans-serif;font-weight: bold;line-height: 3rem;color: var(--dark-grey3);font-size: 22px;font-style: normal;letter-spacing: normal;text-align: start;text-indent: 0px;text-transform: none\">Informa\u00e7\u00f5es t\u00e9cnicas<\/h4>\n<p><span style=\"margin: 0px;padding: 0px;font-weight: 450;font-size: 14px;line-height: 21px;color: var(--dark-grey2);font-family: Lato, sans-serif;font-style: normal;letter-spacing: normal;text-align: start;text-indent: 0px;text-transform: none\">Produto: Kit necessaire<br \/>\nMarca: Lola Decor<br \/>\nMaterial: Poli\u00e9ster<br \/>\nCor: Vinho<br \/>\nCaracter\u00edsticas: Permite armazenar pe\u00e7as \u00famidas e secas<br \/>\nQuantidade de pe\u00e7as: 7<br \/>\nItens Inclusos: 3 cubos organizadores com z\u00edper e tela<br \/>\n3 necessaires nos tamanhos P, M e G<br \/>\n1 protetor de sapatos<br \/>\nDimens\u00f5es do produto (A X L): 30,5 x 39cm<br \/>\n<\/span><\/p>\n","protected":false},"featured_media":25362,"template":"","meta":{"_joinchat":[]},"product_brand":[],"product_cat":[93],"product_tag":[],"class_list":{"0":"post-20696","1":"product","2":"type-product","3":"status-publish","4":"has-post-thumbnail","6":"product_cat-utensilios-para-cozinha","8":"first","9":"outofstock","10":"shipping-taxable","11":"product-type-simple"},"_links":{"self":[{"href":"https:\/\/www.multicasa.com.br\/inicio\/wp-json\/wp\/v2\/product\/20696","targetHints":{"allow":["GET"]}}],"collection":[{"href":"https:\/\/www.multicasa.com.br\/inicio\/wp-json\/wp\/v2\/product"}],"about":[{"href":"https:\/\/www.multicasa.com.br\/inicio\/wp-json\/wp\/v2\/types\/product"}],"wp:featuredmedia":[{"embeddable":true,"href":"https:\/\/www.multicasa.com.br\/inicio\/wp-json\/wp\/v2\/media\/25362"}],"wp:attachment":[{"href":"https:\/\/www.multicasa.com.br\/inicio\/wp-json\/wp\/v2\/media?parent=20696"}],"wp:term":[{"taxonomy":"product_brand","embeddable":true,"href":"https:\/\/www.multicasa.com.br\/inicio\/wp-json\/wp\/v2\/product_brand?post=20696"},{"taxonomy":"product_cat","embeddable":true,"href":"https:\/\/www.multicasa.com.br\/inicio\/wp-json\/wp\/v2\/product_cat?post=20696"},{"taxonomy":"product_tag","embeddable":true,"href":"https:\/\/www.multicasa.com.br\/inicio\/wp-json\/wp\/v2\/product_tag?post=20696"}],"curies":[{"name":"wp","href":"https:\/\/api.w.org\/{rel}","templated":true}]}}