{"id":20698,"date":"2025-06-20T20:07:40","date_gmt":"2025-06-21T00:07:40","guid":{"rendered":"https:\/\/www.multicasa.com.br\/inicio\/?post_type=product&#038;p=20698"},"modified":"2025-11-10T23:06:52","modified_gmt":"2025-11-11T03:06:52","slug":"forno-eletrico-black-decker-ft9-br-800w-127v","status":"publish","type":"product","link":"https:\/\/www.multicasa.com.br\/inicio\/produto\/forno-eletrico-black-decker-ft9-br-800w-127v\/","title":{"rendered":"Forno El\u00e9trico Black + Decker FT9-BR 800W &#8211; 127V"},"content":{"rendered":"<p>O Forno el\u00e9trico port\u00e1til Black + Decker modelo FT9-BR possui design moderno com fundo abaulado e compacto, ocupando pouco espa\u00e7o na bancada. Com pot\u00eancia de 800w, cabo de alimenta\u00e7\u00e3o compat\u00edvel com tens\u00e3o 127v e temperatura m\u00e1xima de 250\u00b0c. Possui timer de at\u00e9 60 minutos e desligamento autom\u00e1tico emitindo um som quando atinge o tempo programado. Sua capacidade \u00e9 de 9 litros e acompanha bandeja e grelha para assar. A op\u00e7\u00e3o perfeita para quem procura um produto compacto e pr\u00e1tico.<\/p>\n","protected":false},"excerpt":{"rendered":"<h4 style=\"margin: 0px;padding: 0px 0px 16px;font-family: Lato, sans-serif;font-weight: bold;line-height: 3rem;color: var(--dark-grey3);font-size: 22px;font-style: normal;letter-spacing: normal;text-align: start;text-indent: 0px;text-transform: none\">Informa\u00e7\u00f5es t\u00e9cnicas<\/h4>\n<p><span style=\"margin: 0px;padding: 0px;font-weight: 450;font-size: 14px;line-height: 21px;color: var(--dark-grey2);font-family: Lato, sans-serif;font-style: normal;letter-spacing: normal;text-align: start;text-indent: 0px;text-transform: none\">Produto: Forno el\u00e9trico<br \/>\nTipo: Port\u00e1til<br \/>\nMarca: Black + Decker<br \/>\nModelo: FT9-BR<br \/>\nMaterial: Metal<br \/>\nCor: Preto<br \/>\nPot\u00eancia: 800W<br \/>\nTens\u00e3o el\u00e9trica: 127V<br \/>\nCapacidade: 9L<br \/>\nTemperatura m\u00e1xima: 250\u00b0C<br \/>\nCaracter\u00edsticas: Acompanha bandeja<br \/>\nGrelha<br \/>\nItens Inclusos: 1 forno el\u00e9trico<br \/>\nDimens\u00f5es do produto (A x L x P): 24 x 40,3 x 25,5cm<br \/>\nOCP: 0029<br \/>\n<\/span><\/p>\n","protected":false},"featured_media":20740,"template":"","meta":{"_joinchat":[]},"product_brand":[],"product_cat":[93],"product_tag":[],"class_list":{"0":"post-20698","1":"product","2":"type-product","3":"status-publish","4":"has-post-thumbnail","6":"product_cat-utensilios-para-cozinha","8":"first","9":"outofstock","10":"shipping-taxable","11":"purchasable","12":"product-type-simple"},"_links":{"self":[{"href":"https:\/\/www.multicasa.com.br\/inicio\/wp-json\/wp\/v2\/product\/20698","targetHints":{"allow":["GET"]}}],"collection":[{"href":"https:\/\/www.multicasa.com.br\/inicio\/wp-json\/wp\/v2\/product"}],"about":[{"href":"https:\/\/www.multicasa.com.br\/inicio\/wp-json\/wp\/v2\/types\/product"}],"wp:featuredmedia":[{"embeddable":true,"href":"https:\/\/www.multicasa.com.br\/inicio\/wp-json\/wp\/v2\/media\/20740"}],"wp:attachment":[{"href":"https:\/\/www.multicasa.com.br\/inicio\/wp-json\/wp\/v2\/media?parent=20698"}],"wp:term":[{"taxonomy":"product_brand","embeddable":true,"href":"https:\/\/www.multicasa.com.br\/inicio\/wp-json\/wp\/v2\/product_brand?post=20698"},{"taxonomy":"product_cat","embeddable":true,"href":"https:\/\/www.multicasa.com.br\/inicio\/wp-json\/wp\/v2\/product_cat?post=20698"},{"taxonomy":"product_tag","embeddable":true,"href":"https:\/\/www.multicasa.com.br\/inicio\/wp-json\/wp\/v2\/product_tag?post=20698"}],"curies":[{"name":"wp","href":"https:\/\/api.w.org\/{rel}","templated":true}]}}