{"id":20701,"date":"2025-06-20T20:07:40","date_gmt":"2025-06-21T00:07:40","guid":{"rendered":"https:\/\/www.multicasa.com.br\/inicio\/?post_type=product&#038;p=20701"},"modified":"2025-06-20T20:08:24","modified_gmt":"2025-06-21T00:08:24","slug":"saco-zip-lock-para-alimentos-uny-home-tamanho-p","status":"publish","type":"product","link":"https:\/\/www.multicasa.com.br\/inicio\/produto\/saco-zip-lock-para-alimentos-uny-home-tamanho-p\/","title":{"rendered":"Saco Zip Lock para Alimentos Uny Home Tamanho P"},"content":{"rendered":"<p>O Saco Zip Lock para Alimentos Uny Home garante veda\u00e7\u00e3o hermetica que mant\u00e9m a comida fresca por muito mais tempo. Livre de BPA, tamb\u00e9m pode ser usado para guardar pe\u00e7as \u00edntimas, meias e outras roupas pequenas. Possui z\u00edper duplo refor\u00e7ado que garante excelente fechamento e pode ser reutilizado. Depois do uso, indica-se lavar com vinagre, detergente e \u00e1gua morna. Deixa secar em local limpo e seco. Caso deseje remover o ar \u00e9 preciso bomba de suc\u00e7\u00e3o (n\u00e3o inclusa).<\/p>\n","protected":false},"excerpt":{"rendered":"<h4 style=\"margin: 0px;padding: 0px 0px 16px;font-family: Lato, sans-serif;font-weight: bold;line-height: 3rem;color: var(--dark-grey3);font-size: 22px;font-style: normal;letter-spacing: normal;text-align: start;text-indent: 0px;text-transform: none\">Informa\u00e7\u00f5es t\u00e9cnicas<\/h4>\n<p><span style=\"margin: 0px;padding: 0px;font-weight: 450;font-size: 14px;line-height: 21px;color: var(--dark-grey2);font-family: Lato, sans-serif;font-style: normal;letter-spacing: normal;text-align: start;text-indent: 0px;text-transform: none\">Produto: Saco para Alimentos P<br \/>\nMarca: Uny Home<br \/>\nMaterial: Pl\u00e1stico<br \/>\nCor: Transparente, azul<br \/>\nUso indicado: Para manter alimentos frescos por mais tempo<br \/>\nCaracter\u00edsticas: BPA Free<br \/>\nVeda\u00e7\u00e3o Herm\u00e9tica<br \/>\nItens Inclusos: 6 sacos para alimento<br \/>\nDimens\u00f5es do produto (A x L ): 21 x 22cm<br \/>\nPeso: 0,011kg<\/span><\/p>\n","protected":false},"featured_media":20751,"template":"","meta":{"_joinchat":[]},"product_brand":[],"product_cat":[93],"product_tag":[],"class_list":{"0":"post-20701","1":"product","2":"type-product","3":"status-publish","4":"has-post-thumbnail","6":"product_cat-utensilios-para-cozinha","8":"first","9":"outofstock","10":"shipping-taxable","11":"product-type-simple"},"_links":{"self":[{"href":"https:\/\/www.multicasa.com.br\/inicio\/wp-json\/wp\/v2\/product\/20701","targetHints":{"allow":["GET"]}}],"collection":[{"href":"https:\/\/www.multicasa.com.br\/inicio\/wp-json\/wp\/v2\/product"}],"about":[{"href":"https:\/\/www.multicasa.com.br\/inicio\/wp-json\/wp\/v2\/types\/product"}],"wp:featuredmedia":[{"embeddable":true,"href":"https:\/\/www.multicasa.com.br\/inicio\/wp-json\/wp\/v2\/media\/20751"}],"wp:attachment":[{"href":"https:\/\/www.multicasa.com.br\/inicio\/wp-json\/wp\/v2\/media?parent=20701"}],"wp:term":[{"taxonomy":"product_brand","embeddable":true,"href":"https:\/\/www.multicasa.com.br\/inicio\/wp-json\/wp\/v2\/product_brand?post=20701"},{"taxonomy":"product_cat","embeddable":true,"href":"https:\/\/www.multicasa.com.br\/inicio\/wp-json\/wp\/v2\/product_cat?post=20701"},{"taxonomy":"product_tag","embeddable":true,"href":"https:\/\/www.multicasa.com.br\/inicio\/wp-json\/wp\/v2\/product_tag?post=20701"}],"curies":[{"name":"wp","href":"https:\/\/api.w.org\/{rel}","templated":true}]}}