{"id":20703,"date":"2025-06-20T20:07:41","date_gmt":"2025-06-21T00:07:41","guid":{"rendered":"https:\/\/www.multicasa.com.br\/inicio\/?post_type=product&#038;p=20703"},"modified":"2025-12-16T18:49:13","modified_gmt":"2025-12-16T22:49:13","slug":"pegador-de-silicone-vermelho-uny-home-22cm","status":"publish","type":"product","link":"https:\/\/www.multicasa.com.br\/inicio\/produto\/pegador-de-silicone-vermelho-uny-home-22cm\/","title":{"rendered":"Pegador de Silicone Vermelho Uny Home 22cm"},"content":{"rendered":"<p>O Pegador de Silicone Uny Home \u00e9 ideal para preparar e servir as suas receitas favoritas. Com 22cm, atura temperaturas de -40\u00b0C at\u00e9 230\u00b0C e pode ser lavado na lava-lou\u00e7as. Al\u00e9m disso, seu design flex\u00edvel faclita a armazenagem e deixa qualquer manuseio mais f\u00e1cil, pr\u00e1tico e seguro. Utens\u00edlio livre de BPA dispon\u00edvel na cor vermelha.<\/p>\n","protected":false},"excerpt":{"rendered":"<h4 style=\"margin: 0px;padding: 0px 0px 16px;font-family: Lato, sans-serif;font-weight: bold;line-height: 3rem;color: var(--dark-grey3);font-size: 22px;font-style: normal;letter-spacing: normal;text-align: start;text-indent: 0px;text-transform: none\">Informa\u00e7\u00f5es t\u00e9cnicas<\/h4>\n<p><span style=\"margin: 0px;padding: 0px;font-weight: 450;font-size: 14px;line-height: 21px;color: var(--dark-grey2);font-family: Lato, sans-serif;font-style: normal;letter-spacing: normal;text-align: start;text-indent: 0px;text-transform: none\">Produto: Pegador Culin\u00e1rio<br \/>\nMarca: Uny Home<br \/>\nMaterial: Silicone<br \/>\nA\u00e7o Inox<br \/>\nCor: Prata, vermelho<br \/>\nCaracter\u00edsticas: Livre de BPA<br \/>\nFlex\u00edvel<br \/>\nPode ir na lava lou\u00e7as<br \/>\nAtura temperaturas de -40\u00b0C a 230\u00b0C<br \/>\nItens inclusos: 1 Pegador culin\u00e1rio de silicone<br \/>\nDimens\u00f5es do produto (A x L x P): 22 x 2,5cm<br \/>\n<\/span><\/p>\n","protected":false},"featured_media":25699,"template":"","meta":{"_joinchat":[]},"product_brand":[],"product_cat":[93],"product_tag":[],"class_list":{"0":"post-20703","1":"product","2":"type-product","3":"status-publish","4":"has-post-thumbnail","6":"product_cat-utensilios-para-cozinha","8":"first","9":"outofstock","10":"shipping-taxable","11":"purchasable","12":"product-type-simple"},"_links":{"self":[{"href":"https:\/\/www.multicasa.com.br\/inicio\/wp-json\/wp\/v2\/product\/20703","targetHints":{"allow":["GET"]}}],"collection":[{"href":"https:\/\/www.multicasa.com.br\/inicio\/wp-json\/wp\/v2\/product"}],"about":[{"href":"https:\/\/www.multicasa.com.br\/inicio\/wp-json\/wp\/v2\/types\/product"}],"wp:featuredmedia":[{"embeddable":true,"href":"https:\/\/www.multicasa.com.br\/inicio\/wp-json\/wp\/v2\/media\/25699"}],"wp:attachment":[{"href":"https:\/\/www.multicasa.com.br\/inicio\/wp-json\/wp\/v2\/media?parent=20703"}],"wp:term":[{"taxonomy":"product_brand","embeddable":true,"href":"https:\/\/www.multicasa.com.br\/inicio\/wp-json\/wp\/v2\/product_brand?post=20703"},{"taxonomy":"product_cat","embeddable":true,"href":"https:\/\/www.multicasa.com.br\/inicio\/wp-json\/wp\/v2\/product_cat?post=20703"},{"taxonomy":"product_tag","embeddable":true,"href":"https:\/\/www.multicasa.com.br\/inicio\/wp-json\/wp\/v2\/product_tag?post=20703"}],"curies":[{"name":"wp","href":"https:\/\/api.w.org\/{rel}","templated":true}]}}