{"id":20705,"date":"2025-06-20T20:07:41","date_gmt":"2025-06-21T00:07:41","guid":{"rendered":"https:\/\/www.multicasa.com.br\/inicio\/?post_type=product&#038;p=20705"},"modified":"2025-06-20T20:08:31","modified_gmt":"2025-06-21T00:08:31","slug":"bomba-de-succao-para-sacos-a-vacuo-uny-home","status":"publish","type":"product","link":"https:\/\/www.multicasa.com.br\/inicio\/produto\/bomba-de-succao-para-sacos-a-vacuo-uny-home\/","title":{"rendered":"Bomba de Suc\u00e7\u00e3o para Sacos a V\u00e1cuo Uny Home"},"content":{"rendered":"<p>A Bomba de Suc\u00e7\u00e3o da Uny Home \u00e9 manual e port\u00e1til para levar at\u00e9 mesmo em viagens e ajudar a abrir mais espa\u00e7o na mala de roupas. Compacta, \u00e9 muito conveniente. N\u00e3o \u00e9 preciso muito esfor\u00e7o do bra\u00e7o, basta encaixar a abertura do saco a v\u00e1cuo e bombear para tirar o ar. Escolha mais espa\u00e7o no seu arm\u00e1rio, mala ou mochila!<\/p>\n","protected":false},"excerpt":{"rendered":"<h4 style=\"margin: 0px;padding: 0px 0px 16px;font-family: Lato, sans-serif;font-weight: bold;line-height: 3rem;color: var(--dark-grey3);font-size: 22px;font-style: normal;letter-spacing: normal;text-align: start;text-indent: 0px;text-transform: none\">Informa\u00e7\u00f5es t\u00e9cnicas<\/h4>\n<p><span style=\"margin: 0px;padding: 0px;font-weight: 450;font-size: 14px;line-height: 21px;color: var(--dark-grey2);font-family: Lato, sans-serif;font-style: normal;letter-spacing: normal;text-align: start;text-indent: 0px;text-transform: none\">Produto: Bomba de Suc\u00e7\u00e3o<br \/>\nMarca: Uny Home<br \/>\nMaterial: Pl\u00e1stico<br \/>\nCor: Azul                                                                                                                                                                          Caracter\u00edsticas: Suc\u00e7\u00e3o para sacos a v\u00e1cuo, roupa, cobertor<br \/>\nItens Inclusos: 1 Bomba<br \/>\nDimens\u00f5es do produto (A X L X P): 23 x 5cm<br \/>\nPeso: 0,096kg<\/span><\/p>\n","protected":false},"featured_media":20764,"template":"","meta":{"_joinchat":[]},"product_brand":[],"product_cat":[93],"product_tag":[],"class_list":{"0":"post-20705","1":"product","2":"type-product","3":"status-publish","4":"has-post-thumbnail","6":"product_cat-utensilios-para-cozinha","8":"first","9":"outofstock","10":"shipping-taxable","11":"product-type-simple"},"_links":{"self":[{"href":"https:\/\/www.multicasa.com.br\/inicio\/wp-json\/wp\/v2\/product\/20705","targetHints":{"allow":["GET"]}}],"collection":[{"href":"https:\/\/www.multicasa.com.br\/inicio\/wp-json\/wp\/v2\/product"}],"about":[{"href":"https:\/\/www.multicasa.com.br\/inicio\/wp-json\/wp\/v2\/types\/product"}],"wp:featuredmedia":[{"embeddable":true,"href":"https:\/\/www.multicasa.com.br\/inicio\/wp-json\/wp\/v2\/media\/20764"}],"wp:attachment":[{"href":"https:\/\/www.multicasa.com.br\/inicio\/wp-json\/wp\/v2\/media?parent=20705"}],"wp:term":[{"taxonomy":"product_brand","embeddable":true,"href":"https:\/\/www.multicasa.com.br\/inicio\/wp-json\/wp\/v2\/product_brand?post=20705"},{"taxonomy":"product_cat","embeddable":true,"href":"https:\/\/www.multicasa.com.br\/inicio\/wp-json\/wp\/v2\/product_cat?post=20705"},{"taxonomy":"product_tag","embeddable":true,"href":"https:\/\/www.multicasa.com.br\/inicio\/wp-json\/wp\/v2\/product_tag?post=20705"}],"curies":[{"name":"wp","href":"https:\/\/api.w.org\/{rel}","templated":true}]}}