{"id":20707,"date":"2025-06-20T20:07:41","date_gmt":"2025-06-21T00:07:41","guid":{"rendered":"https:\/\/www.multicasa.com.br\/inicio\/?post_type=product&#038;p=20707"},"modified":"2025-06-23T10:38:23","modified_gmt":"2025-06-23T14:38:23","slug":"tampa-padrao-50x50-energisa-p-lacre","status":"publish","type":"product","link":"https:\/\/www.multicasa.com.br\/inicio\/produto\/tampa-padrao-50x50-energisa-p-lacre\/","title":{"rendered":"Tampa Padr\u00e3o 50X50 Energisa P\/Lacre"},"content":{"rendered":"<p>Abriga os rel\u00f3gios de medi\u00e7\u00e3o para consumo de energia em resid\u00eancias, com\u00e9rcios e ind\u00fastria. Recebe a energia da rede via cabos at\u00e9 a entrada do padr\u00e3o de seu estabelecimento. Pode ser padr\u00e3o Monof\u00e1sico de 30\/32A ,50A e 70A; Bif\u00e1sico de 40A,50A e 70A; Trif\u00e1sico de 40A,50A,80A e 100A; E padr\u00f5es Trif\u00e1sicos especiais que v\u00e3o de 150A at\u00e9 200A, mediante projeto  aprovado pela concession\u00e1ria.<\/p>\n","protected":false},"excerpt":{"rendered":"<h4 style=\"margin: 0px;padding: 0px 0px 16px;font-family: Lato, sans-serif;font-weight: bold;line-height: 3rem;color: var(--dark-grey3);font-size: 22px;font-style: normal;letter-spacing: normal;text-align: start;text-indent: 0px;text-transform: none\">Informa\u00e7\u00f5es t\u00e9cnicas<\/h4>\n<p><span style=\"margin: 0px;padding: 0px;font-weight: 450;font-size: 14px;line-height: 21px;color: var(--dark-grey2);font-family: Lato, sans-serif;font-style: normal;letter-spacing: normal;text-align: start;text-indent: 0px;text-transform: none\">Produto: TAMPA PADR\u00c3O 50X50 ENERGISA P\/LACRE<br \/>\nMarca: Padr\u00e3o energisa<br \/>\nMaterial: A\u00e7o<br \/>\nCor: Prata<br \/>\nCaracter\u00edsticas<br \/>\n&#8211; CUBA REDONDA RA-01 DE APOIO<br \/>\n&#8211; TORNEIRA LAVAT\u00d3RIO<br \/>\n&#8211; v\u00e1lvula LAVAT\u00d3RIO<br \/>\n&#8211; FLEX\u00cdVEL TRAN\u00c7ADO A\u00c7O INOX<br \/>\n&#8211; SIF\u00c3O EXTENS\u00cdVEL<\/p>\n<p>Dimens\u00f5es:<br \/>\n50 x 50 cm<\/span><\/p>\n","protected":false},"featured_media":26054,"template":"","meta":{"_joinchat":[]},"product_brand":[],"product_cat":[119],"product_tag":[],"class_list":{"0":"post-20707","1":"product","2":"type-product","3":"status-publish","4":"has-post-thumbnail","6":"product_cat-materiais-eletricos","8":"first","9":"outofstock","10":"shipping-taxable","11":"product-type-simple"},"_links":{"self":[{"href":"https:\/\/www.multicasa.com.br\/inicio\/wp-json\/wp\/v2\/product\/20707","targetHints":{"allow":["GET"]}}],"collection":[{"href":"https:\/\/www.multicasa.com.br\/inicio\/wp-json\/wp\/v2\/product"}],"about":[{"href":"https:\/\/www.multicasa.com.br\/inicio\/wp-json\/wp\/v2\/types\/product"}],"wp:featuredmedia":[{"embeddable":true,"href":"https:\/\/www.multicasa.com.br\/inicio\/wp-json\/wp\/v2\/media\/26054"}],"wp:attachment":[{"href":"https:\/\/www.multicasa.com.br\/inicio\/wp-json\/wp\/v2\/media?parent=20707"}],"wp:term":[{"taxonomy":"product_brand","embeddable":true,"href":"https:\/\/www.multicasa.com.br\/inicio\/wp-json\/wp\/v2\/product_brand?post=20707"},{"taxonomy":"product_cat","embeddable":true,"href":"https:\/\/www.multicasa.com.br\/inicio\/wp-json\/wp\/v2\/product_cat?post=20707"},{"taxonomy":"product_tag","embeddable":true,"href":"https:\/\/www.multicasa.com.br\/inicio\/wp-json\/wp\/v2\/product_tag?post=20707"}],"curies":[{"name":"wp","href":"https:\/\/api.w.org\/{rel}","templated":true}]}}