{"id":20709,"date":"2025-06-20T20:07:41","date_gmt":"2025-06-21T00:07:41","guid":{"rendered":"https:\/\/www.multicasa.com.br\/inicio\/?post_type=product&#038;p=20709"},"modified":"2026-04-04T11:30:19","modified_gmt":"2026-04-04T15:30:19","slug":"modelador-redondo-para-ovo-inox-mimo-style","status":"publish","type":"product","link":"https:\/\/www.multicasa.com.br\/inicio\/produto\/modelador-redondo-para-ovo-inox-mimo-style\/","title":{"rendered":"Modelador Redondo para Ovo Inox Mimo Style"},"content":{"rendered":"<p>O Modelador Redondo para Ovo Inox 10Cm da Mimo \u00e9 ideal para garantir o ovo em formato ideal e fazer diversas receitas com os ovos! De f\u00e1cil utiliza\u00e7\u00e3o, basta quebrar o ovo dentro do modelador com a alavanca j\u00e1 pra cima e aguardar alguns segundos at\u00e9 que ele tome forma. Al\u00e9m disso, \u00e9 desenvolvido em a\u00e7o inox de excelente resist\u00eancia e qualidade.<\/p>\n","protected":false},"excerpt":{"rendered":"<h4 style=\"margin: 0px;padding: 0px 0px 16px;font-family: Lato, sans-serif;font-weight: bold;line-height: 3rem;color: var(--dark-grey3);font-size: 22px;font-style: normal;letter-spacing: normal;text-align: start;text-indent: 0px;text-transform: none\">Informa\u00e7\u00f5es t\u00e9cnicas<\/h4>\n<p><span style=\"margin: 0px;padding: 0px;font-weight: 450;font-size: 14px;line-height: 21px;color: var(--dark-grey2);font-family: Lato, sans-serif;font-style: normal;letter-spacing: normal;text-align: start;text-indent: 0px;text-transform: none\">Produto: Modelador de ovos<br \/>\nMarca: Mimo<br \/>\nMaterial: Inox<br \/>\nItens Inclusos: 1 Modelador de ovos<br \/>\nDimens\u00f5es do produto: 8,5 x 1,5cm<br \/>\nDi\u00e2metro: 10,5<\/span><\/p>\n","protected":false},"featured_media":20769,"template":"","meta":{"_joinchat":[]},"product_brand":[],"product_cat":[93],"product_tag":[],"class_list":{"0":"post-20709","1":"product","2":"type-product","3":"status-publish","4":"has-post-thumbnail","6":"product_cat-utensilios-para-cozinha","8":"first","9":"outofstock","10":"shipping-taxable","11":"purchasable","12":"product-type-simple"},"_links":{"self":[{"href":"https:\/\/www.multicasa.com.br\/inicio\/wp-json\/wp\/v2\/product\/20709","targetHints":{"allow":["GET"]}}],"collection":[{"href":"https:\/\/www.multicasa.com.br\/inicio\/wp-json\/wp\/v2\/product"}],"about":[{"href":"https:\/\/www.multicasa.com.br\/inicio\/wp-json\/wp\/v2\/types\/product"}],"wp:featuredmedia":[{"embeddable":true,"href":"https:\/\/www.multicasa.com.br\/inicio\/wp-json\/wp\/v2\/media\/20769"}],"wp:attachment":[{"href":"https:\/\/www.multicasa.com.br\/inicio\/wp-json\/wp\/v2\/media?parent=20709"}],"wp:term":[{"taxonomy":"product_brand","embeddable":true,"href":"https:\/\/www.multicasa.com.br\/inicio\/wp-json\/wp\/v2\/product_brand?post=20709"},{"taxonomy":"product_cat","embeddable":true,"href":"https:\/\/www.multicasa.com.br\/inicio\/wp-json\/wp\/v2\/product_cat?post=20709"},{"taxonomy":"product_tag","embeddable":true,"href":"https:\/\/www.multicasa.com.br\/inicio\/wp-json\/wp\/v2\/product_tag?post=20709"}],"curies":[{"name":"wp","href":"https:\/\/api.w.org\/{rel}","templated":true}]}}