{"id":20726,"date":"2025-06-20T20:08:05","date_gmt":"2025-06-21T00:08:05","guid":{"rendered":"https:\/\/www.multicasa.com.br\/inicio\/?post_type=product&#038;p=20726"},"modified":"2025-06-20T20:08:40","modified_gmt":"2025-06-21T00:08:40","slug":"video-porteiro-wi-fi-allow-3-preto-intelbras","status":"publish","type":"product","link":"https:\/\/www.multicasa.com.br\/inicio\/produto\/video-porteiro-wi-fi-allow-3-preto-intelbras\/","title":{"rendered":"V\u00eddeo Porteiro Wi-Fi Allow 3 Preto Intelbras"},"content":{"rendered":"<p>O V\u00eddeo Porteiro Wi-Fi Allo W3 Preto da Intelbras chegou para trazer a praticidade da conectividade wi-fi para sua vida, permitindo que voc\u00ea atenda suas visitar em qualquer lugar do mundo, um lan\u00e7amento especial da Intelbras. Voc\u00ea ser\u00e1 capaz de atender, visualizar, gravar e conversar com suas visitas remotamente, de forma autom\u00e1tica ou por comando de voz a partir do aplicativo Allo. Al\u00e9m disso, tamb\u00e9m garante mais seguran\u00e7a para seu dia a dia porque \u00e9 desenvolvido com sistema inteligente que avisa diretamente pelo app quando movimentos na frente da portaria s\u00e3o detectados, assegurando que voc\u00ea monitore tudo o que acontece do lado de fora do ambiente. Conta, ainda, com c\u00e2mera de vis\u00e3o noturna e infravermelho que oferece visualiza\u00e7\u00e3o n\u00edtida at\u00e9 mesmo quando o dia j\u00e1 escureceu. Instale na sua casa, portaria de condom\u00ednios e aprove!<\/p>\n","protected":false},"excerpt":{"rendered":"<h4 style=\"margin: 0px;padding: 0px 0px 16px;font-family: Lato, sans-serif;font-weight: bold;line-height: 3rem;color: var(--dark-grey3);font-size: 22px;font-style: normal;letter-spacing: normal;text-align: start;text-indent: 0px;text-transform: none\">Informa\u00e7\u00f5es t\u00e9cnicas<\/h4>\n<p><span style=\"margin: 0px;padding: 0px;font-weight: 450;font-size: 14px;line-height: 21px;color: var(--dark-grey2);font-family: Lato, sans-serif;font-style: normal;letter-spacing: normal;text-align: start;text-indent: 0px;text-transform: none\">Produto: V\u00eddeo porteiro<br \/>\nMarca: Intelbras<br \/>\nMaterial:<br \/>\nModelo: Allo W3<br \/>\nCor: Preto<br \/>\nAlimenta\u00e7\u00e3o: Bivolt<br \/>\nCaracter\u00edsticas: Acesso remoto via Wi-Fi; Atendimento, conversa\u00e7\u00e3o e visualiza\u00e7\u00e3o do visitante via App Allo; Detec\u00e7\u00e3o de movimento; Grava\u00e7\u00e3o de foto e v\u00eddeo; \u00cdndice de prote\u00e7\u00e3o IP 54; Acompanha fonte 12V\/1A; Visualiza\u00e7\u00e3o noturna; Compat\u00edvel com SD Card de 8GB a 128GB.<br \/>\nItens Inclusos: 1 Videoporteiro Allo w3, 1 Suporte de fixa\u00e7\u00e3o, 1 Suporte ajustador de \u00e2ngulo, 1 Kit fixa\u00e7\u00e3o, 1 Pino de reinicializa\u00e7\u00e3o, 1 Manual, 1 Chave de montagem, 1 Fonte de alimenta\u00e7\u00e3o<br \/>\nDimens\u00f5es (A X L): 11,45 x 4,47 x 2,7cm<\/span><\/p>\n","protected":false},"featured_media":20770,"template":"","meta":{"_joinchat":[]},"product_brand":[],"product_cat":[161],"product_tag":[],"class_list":{"0":"post-20726","1":"product","2":"type-product","3":"status-publish","4":"has-post-thumbnail","6":"product_cat-seguranca","8":"first","9":"outofstock","10":"shipping-taxable","11":"product-type-simple"},"_links":{"self":[{"href":"https:\/\/www.multicasa.com.br\/inicio\/wp-json\/wp\/v2\/product\/20726","targetHints":{"allow":["GET"]}}],"collection":[{"href":"https:\/\/www.multicasa.com.br\/inicio\/wp-json\/wp\/v2\/product"}],"about":[{"href":"https:\/\/www.multicasa.com.br\/inicio\/wp-json\/wp\/v2\/types\/product"}],"wp:featuredmedia":[{"embeddable":true,"href":"https:\/\/www.multicasa.com.br\/inicio\/wp-json\/wp\/v2\/media\/20770"}],"wp:attachment":[{"href":"https:\/\/www.multicasa.com.br\/inicio\/wp-json\/wp\/v2\/media?parent=20726"}],"wp:term":[{"taxonomy":"product_brand","embeddable":true,"href":"https:\/\/www.multicasa.com.br\/inicio\/wp-json\/wp\/v2\/product_brand?post=20726"},{"taxonomy":"product_cat","embeddable":true,"href":"https:\/\/www.multicasa.com.br\/inicio\/wp-json\/wp\/v2\/product_cat?post=20726"},{"taxonomy":"product_tag","embeddable":true,"href":"https:\/\/www.multicasa.com.br\/inicio\/wp-json\/wp\/v2\/product_tag?post=20726"}],"curies":[{"name":"wp","href":"https:\/\/api.w.org\/{rel}","templated":true}]}}