{"id":20727,"date":"2025-06-20T20:08:05","date_gmt":"2025-06-21T00:08:05","guid":{"rendered":"https:\/\/www.multicasa.com.br\/inicio\/?post_type=product&#038;p=20727"},"modified":"2025-12-19T10:02:07","modified_gmt":"2025-12-19T14:02:07","slug":"luva-de-cozinha-de-silicone-uny-home-2","status":"publish","type":"product","link":"https:\/\/www.multicasa.com.br\/inicio\/produto\/luva-de-cozinha-de-silicone-uny-home-2\/","title":{"rendered":"Luva de Cozinha de Silicone Uny Home"},"content":{"rendered":"<p>Tenha mais praticidade e comodidade na hora de preparar suas refei\u00e7\u00f5es com esta moderna Luva de Cozinha em Silicone da Uny Home. N\u00e3o corra o risco de sofrer queimaduras ao manusear panelas quentes ou ao retirar seus alimentos do forno. A luva de silicone se encaixa perfeitamente em ambas as m\u00e3os, pode ser lavada \u00e0 m\u00e1quina de lavar lou\u00e7as. Possui estrias antiderrapantes, aumentando a seguran\u00e7a, evitando que o utens\u00edlio escorregue.<\/p>\n","protected":false},"excerpt":{"rendered":"<h4 style=\"margin: 0px;padding: 0px 0px 16px;font-family: Lato, sans-serif;font-weight: bold;line-height: 3rem;color: var(--dark-grey3);font-size: 22px;font-style: normal;letter-spacing: normal;text-align: start;text-indent: 0px;text-transform: none\">Informa\u00e7\u00f5es t\u00e9cnicas<\/h4>\n<p><span style=\"margin: 0px;padding: 0px;font-weight: 450;font-size: 14px;line-height: 21px;color: var(--dark-grey2);font-family: Lato, sans-serif;font-style: normal;letter-spacing: normal;text-align: start;text-indent: 0px;text-transform: none\">Produto: Luva para Cozinha<br \/>\nMarca: Uny Home<br \/>\nMaterial: Silicone<br \/>\nCor: Vermelho<br \/>\nCaracter\u00edsticas: Formato bico<br \/>\nItens Inclusos: 1 luva para cozinha<br \/>\nDimens\u00f5es do produto (A x Lx P): 11 x 8,5cm                                                                                                                      Peso: 0,042kg<\/span><\/p>\n","protected":false},"featured_media":20771,"template":"","meta":{"_joinchat":[]},"product_brand":[],"product_cat":[93],"product_tag":[],"class_list":{"0":"post-20727","1":"product","2":"type-product","3":"status-publish","4":"has-post-thumbnail","6":"product_cat-utensilios-para-cozinha","8":"first","9":"instock","10":"shipping-taxable","11":"purchasable","12":"product-type-simple"},"_links":{"self":[{"href":"https:\/\/www.multicasa.com.br\/inicio\/wp-json\/wp\/v2\/product\/20727","targetHints":{"allow":["GET"]}}],"collection":[{"href":"https:\/\/www.multicasa.com.br\/inicio\/wp-json\/wp\/v2\/product"}],"about":[{"href":"https:\/\/www.multicasa.com.br\/inicio\/wp-json\/wp\/v2\/types\/product"}],"wp:featuredmedia":[{"embeddable":true,"href":"https:\/\/www.multicasa.com.br\/inicio\/wp-json\/wp\/v2\/media\/20771"}],"wp:attachment":[{"href":"https:\/\/www.multicasa.com.br\/inicio\/wp-json\/wp\/v2\/media?parent=20727"}],"wp:term":[{"taxonomy":"product_brand","embeddable":true,"href":"https:\/\/www.multicasa.com.br\/inicio\/wp-json\/wp\/v2\/product_brand?post=20727"},{"taxonomy":"product_cat","embeddable":true,"href":"https:\/\/www.multicasa.com.br\/inicio\/wp-json\/wp\/v2\/product_cat?post=20727"},{"taxonomy":"product_tag","embeddable":true,"href":"https:\/\/www.multicasa.com.br\/inicio\/wp-json\/wp\/v2\/product_tag?post=20727"}],"curies":[{"name":"wp","href":"https:\/\/api.w.org\/{rel}","templated":true}]}}