{"id":20753,"date":"2025-06-20T20:08:27","date_gmt":"2025-06-21T00:08:27","guid":{"rendered":"https:\/\/www.multicasa.com.br\/inicio\/?post_type=product&#038;p=20753"},"modified":"2025-12-27T11:31:50","modified_gmt":"2025-12-27T15:31:50","slug":"escova-sanitaria-de-plastico-com-suporte-flashlimp","status":"publish","type":"product","link":"https:\/\/www.multicasa.com.br\/inicio\/produto\/escova-sanitaria-de-plastico-com-suporte-flashlimp\/","title":{"rendered":"Escova Sanit\u00e1ria de Pl\u00e1stico com Suporte FlashLimp"},"content":{"rendered":"<p>Mantenha seu banheiro e o vaso sempre limpos com a escova sanit\u00e1ria da Flashlimp. Com suporte, ajuda a manter o ambiente seco e sem sujeiras. Conta com um dispenser para saneantes, acionado por bot\u00e3o. Feita de pl\u00e1stico, a escova para banheiro mede 40,5cm de comprimento.<\/p>\n","protected":false},"excerpt":{"rendered":"<h4 style=\"margin: 0px;padding: 0px 0px 16px;font-family: Lato, sans-serif;font-weight: bold;line-height: 3rem;color: var(--dark-grey3);font-size: 22px;font-style: normal;letter-spacing: normal;text-align: start;text-indent: 0px;text-transform: none\">Informa\u00e7\u00f5es t\u00e9cnicas<\/h4>\n<p><span style=\"margin: 0px;padding: 0px;font-weight: 450;font-size: 14px;line-height: 21px;color: var(--dark-grey2);font-family: Lato, sans-serif;font-style: normal;letter-spacing: normal;text-align: start;text-indent: 0px;text-transform: none\">Produto: Escova sanit\u00e1ria<br \/>\nMarca: Flashlimp<br \/>\nMaterial: Polipropileno<br \/>\nCor: Branco, verde<br \/>\nCaracter\u00edsticas:  muito mais higi\u00eanica e pr\u00e1tica, possui dispenser para saneantes, suporte para melhor armazenamento ap\u00f3s o uso.<br \/>\nQuantidade de pe\u00e7as: 2<br \/>\nItens inclusos: 1 Escova sanit\u00e1ria<br \/>\n1 suporte<br \/>\nDimens\u00f5es do produto (A): Escova com suporte &#8211; 12,5 cm x 12,5 cm x 40,5 cm;<br \/>\nSuporte &#8211; 12,5 cm x 12,5 cm x 10,5 cm;<br \/>\nEscova &#8211; 8,5 cm x 8,5 cm x 39,5 cm;<br \/>\nCapacidade: Dispenser &#8211; 40 ml<\/span><\/p>\n","protected":false},"featured_media":25128,"template":"","meta":{"_joinchat":[]},"product_brand":[],"product_cat":[93],"product_tag":[],"class_list":{"0":"post-20753","1":"product","2":"type-product","3":"status-publish","4":"has-post-thumbnail","6":"product_cat-utensilios-para-cozinha","8":"first","9":"instock","10":"shipping-taxable","11":"purchasable","12":"product-type-simple"},"_links":{"self":[{"href":"https:\/\/www.multicasa.com.br\/inicio\/wp-json\/wp\/v2\/product\/20753","targetHints":{"allow":["GET"]}}],"collection":[{"href":"https:\/\/www.multicasa.com.br\/inicio\/wp-json\/wp\/v2\/product"}],"about":[{"href":"https:\/\/www.multicasa.com.br\/inicio\/wp-json\/wp\/v2\/types\/product"}],"wp:featuredmedia":[{"embeddable":true,"href":"https:\/\/www.multicasa.com.br\/inicio\/wp-json\/wp\/v2\/media\/25128"}],"wp:attachment":[{"href":"https:\/\/www.multicasa.com.br\/inicio\/wp-json\/wp\/v2\/media?parent=20753"}],"wp:term":[{"taxonomy":"product_brand","embeddable":true,"href":"https:\/\/www.multicasa.com.br\/inicio\/wp-json\/wp\/v2\/product_brand?post=20753"},{"taxonomy":"product_cat","embeddable":true,"href":"https:\/\/www.multicasa.com.br\/inicio\/wp-json\/wp\/v2\/product_cat?post=20753"},{"taxonomy":"product_tag","embeddable":true,"href":"https:\/\/www.multicasa.com.br\/inicio\/wp-json\/wp\/v2\/product_tag?post=20753"}],"curies":[{"name":"wp","href":"https:\/\/api.w.org\/{rel}","templated":true}]}}