{"id":20756,"date":"2025-06-20T20:08:28","date_gmt":"2025-06-21T00:08:28","guid":{"rendered":"https:\/\/www.multicasa.com.br\/inicio\/?post_type=product&#038;p=20756"},"modified":"2025-08-16T15:02:59","modified_gmt":"2025-08-16T19:02:59","slug":"mini-processador-de-alimentos-manual-uny-home","status":"publish","type":"product","link":"https:\/\/www.multicasa.com.br\/inicio\/produto\/mini-processador-de-alimentos-manual-uny-home\/","title":{"rendered":"Mini Processador de Alimentos Manual Uny Home"},"content":{"rendered":"<p>O Mini processador e triturador de alimentos facilita na prepara\u00e7\u00e3o de alimentos, cortando, triturando e picando os alimentos de forma muito mais f\u00e1cil, r\u00e1pida, uniforme, organizada e sem desperd\u00edcios. Com 2 l\u00e2minas girat\u00f3rias em a\u00e7o inoxid\u00e1vel que s\u00e3o acionadas atrav\u00e9s de uma corda retr\u00e1til. F\u00e1cil de limpar, ocupa pouco espa\u00e7o, \u00e9 resistente e pr\u00e1tico, manuseio simples.<\/p>\n","protected":false},"excerpt":{"rendered":"<h4 style=\"margin: 0px;padding: 0px 0px 16px;font-family: Lato, sans-serif;font-weight: bold;line-height: 3rem;color: var(--dark-grey3);font-size: 22px;font-style: normal;letter-spacing: normal;text-align: start;text-indent: 0px;text-transform: none\">Informa\u00e7\u00f5es t\u00e9cnicas<\/h4>\n<p><span style=\"margin: 0px;padding: 0px;font-weight: 450;font-size: 14px;line-height: 21px;color: var(--dark-grey2);font-family: Lato, sans-serif;font-style: normal;letter-spacing: normal;text-align: start;text-indent: 0px;text-transform: none\">Produto: Mini Processador de Alimento<br \/>\nTipo: Manual<br \/>\nMarca: Uny Home<br \/>\nMaterial: Pl\u00e1stico e l\u00e2minas em Inox<br \/>\nCapacidade: 200ml<br \/>\nCaracter\u00edsticas: 2 l\u00e2minas girat\u00f3rias com acionamento por corda retr\u00e1til, formato anat\u00f4mico<br \/>\nItens Inclusos: 1 mini processador de alimentos<br \/>\nDimens\u00f5es do produto (A X L X P): 8,7 x 6,7cm                                                                                                                   Peso: 0,143kg<\/span><\/p>\n","protected":false},"featured_media":20819,"template":"","meta":{"_joinchat":[]},"product_brand":[],"product_cat":[93],"product_tag":[],"class_list":{"0":"post-20756","1":"product","2":"type-product","3":"status-publish","4":"has-post-thumbnail","6":"product_cat-utensilios-para-cozinha","8":"first","9":"outofstock","10":"shipping-taxable","11":"product-type-simple"},"_links":{"self":[{"href":"https:\/\/www.multicasa.com.br\/inicio\/wp-json\/wp\/v2\/product\/20756","targetHints":{"allow":["GET"]}}],"collection":[{"href":"https:\/\/www.multicasa.com.br\/inicio\/wp-json\/wp\/v2\/product"}],"about":[{"href":"https:\/\/www.multicasa.com.br\/inicio\/wp-json\/wp\/v2\/types\/product"}],"wp:featuredmedia":[{"embeddable":true,"href":"https:\/\/www.multicasa.com.br\/inicio\/wp-json\/wp\/v2\/media\/20819"}],"wp:attachment":[{"href":"https:\/\/www.multicasa.com.br\/inicio\/wp-json\/wp\/v2\/media?parent=20756"}],"wp:term":[{"taxonomy":"product_brand","embeddable":true,"href":"https:\/\/www.multicasa.com.br\/inicio\/wp-json\/wp\/v2\/product_brand?post=20756"},{"taxonomy":"product_cat","embeddable":true,"href":"https:\/\/www.multicasa.com.br\/inicio\/wp-json\/wp\/v2\/product_cat?post=20756"},{"taxonomy":"product_tag","embeddable":true,"href":"https:\/\/www.multicasa.com.br\/inicio\/wp-json\/wp\/v2\/product_tag?post=20756"}],"curies":[{"name":"wp","href":"https:\/\/api.w.org\/{rel}","templated":true}]}}