{"id":20758,"date":"2025-06-20T20:08:28","date_gmt":"2025-06-21T00:08:28","guid":{"rendered":"https:\/\/www.multicasa.com.br\/inicio\/?post_type=product&#038;p=20758"},"modified":"2025-10-31T10:38:11","modified_gmt":"2025-10-31T14:38:11","slug":"forma-de-silicone-para-cupcakes-uny-home-12-divisorias","status":"publish","type":"product","link":"https:\/\/www.multicasa.com.br\/inicio\/produto\/forma-de-silicone-para-cupcakes-uny-home-12-divisorias\/","title":{"rendered":"Forma de Silicone para Cupcakes Uny Home 12 Divis\u00f3rias"},"content":{"rendered":"<p>A Forma para Cupcakes \u00e9 produzida em silicone antiaderente e dobr\u00e1vel. Facilita o processo de desenformar suas receitas. Indicada para fazer muffins, cupcakes, mini cheesecakes, etc. Suporta temperaturas elevadas.<\/p>\n","protected":false},"excerpt":{"rendered":"<h4 style=\"margin: 0px;padding: 0px 0px 16px;font-family: Lato, sans-serif;font-weight: bold;line-height: 3rem;color: var(--dark-grey3);font-size: 22px;font-style: normal;letter-spacing: normal;text-align: start;text-indent: 0px;text-transform: none\">Informa\u00e7\u00f5es t\u00e9cnicas<\/h4>\n<p><span style=\"margin: 0px;padding: 0px;font-weight: 450;font-size: 14px;line-height: 21px;color: var(--dark-grey2);font-family: Lato, sans-serif;font-style: normal;letter-spacing: normal;text-align: start;text-indent: 0px;text-transform: none\">Produto: Forma de Cupcake<br \/>\nMarca: Uny Home<br \/>\nMaterial: Silicone<br \/>\nCor: Vermelho<br \/>\nCaracter\u00edsticas: Possui 12 divis\u00f3rias, antiaderente, dobr\u00e1vel, suporta altas temperaturas<br \/>\nItens Inclusos: 1 forma de cupcake<br \/>\nDimens\u00f5es do produto ( A X L X P): 29,5 x 22cm                                                                                                                 Peso: 0,159kg<\/span><\/p>\n","protected":false},"featured_media":20842,"template":"","meta":{"_joinchat":[]},"product_brand":[],"product_cat":[93],"product_tag":[],"class_list":{"0":"post-20758","1":"product","2":"type-product","3":"status-publish","4":"has-post-thumbnail","6":"product_cat-utensilios-para-cozinha","8":"first","9":"outofstock","10":"shipping-taxable","11":"purchasable","12":"product-type-simple"},"_links":{"self":[{"href":"https:\/\/www.multicasa.com.br\/inicio\/wp-json\/wp\/v2\/product\/20758","targetHints":{"allow":["GET"]}}],"collection":[{"href":"https:\/\/www.multicasa.com.br\/inicio\/wp-json\/wp\/v2\/product"}],"about":[{"href":"https:\/\/www.multicasa.com.br\/inicio\/wp-json\/wp\/v2\/types\/product"}],"wp:featuredmedia":[{"embeddable":true,"href":"https:\/\/www.multicasa.com.br\/inicio\/wp-json\/wp\/v2\/media\/20842"}],"wp:attachment":[{"href":"https:\/\/www.multicasa.com.br\/inicio\/wp-json\/wp\/v2\/media?parent=20758"}],"wp:term":[{"taxonomy":"product_brand","embeddable":true,"href":"https:\/\/www.multicasa.com.br\/inicio\/wp-json\/wp\/v2\/product_brand?post=20758"},{"taxonomy":"product_cat","embeddable":true,"href":"https:\/\/www.multicasa.com.br\/inicio\/wp-json\/wp\/v2\/product_cat?post=20758"},{"taxonomy":"product_tag","embeddable":true,"href":"https:\/\/www.multicasa.com.br\/inicio\/wp-json\/wp\/v2\/product_tag?post=20758"}],"curies":[{"name":"wp","href":"https:\/\/api.w.org\/{rel}","templated":true}]}}