{"id":20783,"date":"2025-06-20T20:08:51","date_gmt":"2025-06-21T00:08:51","guid":{"rendered":"https:\/\/www.multicasa.com.br\/inicio\/?post_type=product&#038;p=20783"},"modified":"2025-12-16T18:51:38","modified_gmt":"2025-12-16T22:51:38","slug":"assadeira-de-vidro-oval-opaline-marinex-14l","status":"publish","type":"product","link":"https:\/\/www.multicasa.com.br\/inicio\/produto\/assadeira-de-vidro-oval-opaline-marinex-14l\/","title":{"rendered":"Assadeira de Vidro Oval Opaline Marinex 1,4L"},"content":{"rendered":"<p>A Assadeira de Vidro da linha Opaline Marinex tem capacidade de 1,4L e design oval. \u00c9 perfeita para servir os mais diversos tipos de receita. Vai ao forno, micro-ondas, lava-lou\u00e7as e freezer. Sirva suas receitas de forma pr\u00e1tica e segura.<\/p>\n","protected":false},"excerpt":{"rendered":"<h4 style=\"margin: 0px;padding: 0px 0px 16px;font-family: Lato, sans-serif;font-weight: bold;line-height: 3rem;color: var(--dark-grey3);font-size: 22px;font-style: normal;letter-spacing: normal;text-align: start;text-indent: 0px;text-transform: none\">Informa\u00e7\u00f5es t\u00e9cnicas<\/h4>\n<p><span style=\"margin: 0px;padding: 0px;font-weight: 450;font-size: 14px;line-height: 21px;color: var(--dark-grey2);font-family: Lato, sans-serif;font-style: normal;letter-spacing: normal;text-align: start;text-indent: 0px;text-transform: none\">Produto: Assadeira<br \/>\nMarca: Marinex<br \/>\nMaterial: Vidro<br \/>\nCor: Incolor                                                                                                                                                                      Capacidade: 1,4L<br \/>\nCaracter\u00edsticas: Oval, al\u00e7as ergon\u00f4micas<br \/>\nItens Inclusos: 1 Assadeira<br \/>\nDimens\u00f5es do produto (A x L x P): 7,04 x 19,7 x 30,8cm                                                                                                      Peso: 0,726kg<\/span><\/p>\n","protected":false},"featured_media":20891,"template":"","meta":{"_joinchat":[]},"product_brand":[],"product_cat":[93],"product_tag":[],"class_list":{"0":"post-20783","1":"product","2":"type-product","3":"status-publish","4":"has-post-thumbnail","6":"product_cat-utensilios-para-cozinha","8":"first","9":"outofstock","10":"shipping-taxable","11":"purchasable","12":"product-type-simple"},"_links":{"self":[{"href":"https:\/\/www.multicasa.com.br\/inicio\/wp-json\/wp\/v2\/product\/20783","targetHints":{"allow":["GET"]}}],"collection":[{"href":"https:\/\/www.multicasa.com.br\/inicio\/wp-json\/wp\/v2\/product"}],"about":[{"href":"https:\/\/www.multicasa.com.br\/inicio\/wp-json\/wp\/v2\/types\/product"}],"wp:featuredmedia":[{"embeddable":true,"href":"https:\/\/www.multicasa.com.br\/inicio\/wp-json\/wp\/v2\/media\/20891"}],"wp:attachment":[{"href":"https:\/\/www.multicasa.com.br\/inicio\/wp-json\/wp\/v2\/media?parent=20783"}],"wp:term":[{"taxonomy":"product_brand","embeddable":true,"href":"https:\/\/www.multicasa.com.br\/inicio\/wp-json\/wp\/v2\/product_brand?post=20783"},{"taxonomy":"product_cat","embeddable":true,"href":"https:\/\/www.multicasa.com.br\/inicio\/wp-json\/wp\/v2\/product_cat?post=20783"},{"taxonomy":"product_tag","embeddable":true,"href":"https:\/\/www.multicasa.com.br\/inicio\/wp-json\/wp\/v2\/product_tag?post=20783"}],"curies":[{"name":"wp","href":"https:\/\/api.w.org\/{rel}","templated":true}]}}