{"id":20787,"date":"2025-06-20T20:08:51","date_gmt":"2025-06-21T00:08:51","guid":{"rendered":"https:\/\/www.multicasa.com.br\/inicio\/?post_type=product&#038;p=20787"},"modified":"2025-08-18T01:55:32","modified_gmt":"2025-08-18T05:55:32","slug":"tela-protetora-para-alimentos-branca-premium-home-60x60cm","status":"publish","type":"product","link":"https:\/\/www.multicasa.com.br\/inicio\/produto\/tela-protetora-para-alimentos-branca-premium-home-60x60cm\/","title":{"rendered":"Tela Protetora para Alimentos Branca Premium Home 60x60cm"},"content":{"rendered":"<p>A Tela Protetora da Premium Home protege os alimentos de moscas e mosquitos. Feito \u00e0 m\u00e3o, 100% poli\u00e9ster na cor branca com vi\u00e9s colorido vem no tamanho de 60x60cm, para se ajustar a sua necessidade.<\/p>\n","protected":false},"excerpt":{"rendered":"<h4 style=\"margin: 0px;padding: 0px 0px 16px;font-family: Lato, sans-serif;font-weight: bold;line-height: 3rem;color: var(--dark-grey3);font-size: 22px;font-style: normal;letter-spacing: normal;text-align: start;text-indent: 0px;text-transform: none\">Informa\u00e7\u00f5es t\u00e9cnicas<\/h4>\n<p><span style=\"margin: 0px;padding: 0px;font-weight: 450;font-size: 14px;line-height: 21px;color: var(--dark-grey2);font-family: Lato, sans-serif;font-style: normal;letter-spacing: normal;text-align: start;text-indent: 0px;text-transform: none\">Produto: Cobre Alimentos<br \/>\nMarca: Premium Home<br \/>\nMaterial: Poli\u00e9ster<br \/>\nCor: Branco com vi\u00e9s colorido<br \/>\nCaracter\u00edsticas: Protege os alimentos de moscas e mosquitos, feito \u00e0 m\u00e3o<br \/>\nItens Inclusos: 1 Cobre alimentos                                                                                                                                       Dimens\u00f5es do produto (A X L X P): 60 x 60cm                                                                                                                     Peso: 0,052kg<\/span><\/p>\n","protected":false},"featured_media":20896,"template":"","meta":{"_joinchat":[]},"product_brand":[],"product_cat":[93],"product_tag":[],"class_list":{"0":"post-20787","1":"product","2":"type-product","3":"status-publish","4":"has-post-thumbnail","6":"product_cat-utensilios-para-cozinha","8":"first","9":"outofstock","10":"shipping-taxable","11":"purchasable","12":"product-type-simple"},"_links":{"self":[{"href":"https:\/\/www.multicasa.com.br\/inicio\/wp-json\/wp\/v2\/product\/20787","targetHints":{"allow":["GET"]}}],"collection":[{"href":"https:\/\/www.multicasa.com.br\/inicio\/wp-json\/wp\/v2\/product"}],"about":[{"href":"https:\/\/www.multicasa.com.br\/inicio\/wp-json\/wp\/v2\/types\/product"}],"wp:featuredmedia":[{"embeddable":true,"href":"https:\/\/www.multicasa.com.br\/inicio\/wp-json\/wp\/v2\/media\/20896"}],"wp:attachment":[{"href":"https:\/\/www.multicasa.com.br\/inicio\/wp-json\/wp\/v2\/media?parent=20787"}],"wp:term":[{"taxonomy":"product_brand","embeddable":true,"href":"https:\/\/www.multicasa.com.br\/inicio\/wp-json\/wp\/v2\/product_brand?post=20787"},{"taxonomy":"product_cat","embeddable":true,"href":"https:\/\/www.multicasa.com.br\/inicio\/wp-json\/wp\/v2\/product_cat?post=20787"},{"taxonomy":"product_tag","embeddable":true,"href":"https:\/\/www.multicasa.com.br\/inicio\/wp-json\/wp\/v2\/product_tag?post=20787"}],"curies":[{"name":"wp","href":"https:\/\/api.w.org\/{rel}","templated":true}]}}