{"id":20804,"date":"2025-06-20T20:09:14","date_gmt":"2025-06-21T00:09:14","guid":{"rendered":"https:\/\/www.multicasa.com.br\/inicio\/?post_type=product&#038;p=20804"},"modified":"2026-03-23T16:00:15","modified_gmt":"2026-03-23T20:00:15","slug":"chaleira-eletrica-blackdecker-k2200-preta-2l-127v","status":"publish","type":"product","link":"https:\/\/www.multicasa.com.br\/inicio\/produto\/chaleira-eletrica-blackdecker-k2200-preta-2l-127v\/","title":{"rendered":"Chaleira El\u00e9trica Black+Decker K2200 Preta 2L &#8211; 127V"},"content":{"rendered":"<p>A Chaleira El\u00e9trica Black+Decker K2200 Preta 2L &#8211; 127V vem com seletor de temperatura, possui fun\u00e7\u00e3o manter aquecido a uma temperatura de 70\u00b0C. Ideal para aquecer \u00e1gua para o preparo de bebidas e de alimentos. <\/p>\n","protected":false},"excerpt":{"rendered":"<h4 style=\"margin: 0px;padding: 0px 0px 16px;font-family: Lato, sans-serif;font-weight: bold;line-height: 3rem;color: var(--dark-grey3);font-size: 22px;font-style: normal;letter-spacing: normal;text-align: start;text-indent: 0px;text-transform: none\">Informa\u00e7\u00f5es t\u00e9cnicas<\/h4>\n<p><span style=\"margin: 0px;padding: 0px;font-weight: 450;font-size: 14px;line-height: 21px;color: var(--dark-grey2);font-family: Lato, sans-serif;font-style: normal;letter-spacing: normal;text-align: start;text-indent: 0px;text-transform: none\">Produto: Chaleira<br \/>\nTipo: El\u00e9trica<br \/>\nMarca: Black+Decker<br \/>\nModelo: K2200<br \/>\nMaterial: Pl\u00e1stico<br \/>\nCor: Preta<br \/>\nPot\u00eancia: 1250w<br \/>\nTens\u00e3o el\u00e9trica: 127v<br \/>\nCapacidade: 2L<br \/>\nCaracter\u00edsticas: Com seletor de temperatura; Frequ\u00eancia: 60Hz; Consumo de energia: 0,18 kw\/h; Temperatura: 40 a 100\u00b0C; Tampa com protetor para fechamento seguro; Bico para sa\u00edda de \u00e1gua; Base de aquecimento com porta-fios; Visor do n\u00edvel de \u00e1gua.<br \/>\nItens Inclusos: 1 chaleira el\u00e9trica<br \/>\nDimens\u00f5es do produto (A x L x P): 0,24 x 0,17 x 0,19cm                                                                                                 Peso: 0,94kg<br \/>\nGarantia: 1 ano<br \/>\nOCP: 0040<\/span><\/p>\n","protected":false},"featured_media":20898,"template":"","meta":{"_joinchat":[]},"product_brand":[],"product_cat":[93],"product_tag":[],"class_list":{"0":"post-20804","1":"product","2":"type-product","3":"status-publish","4":"has-post-thumbnail","6":"product_cat-utensilios-para-cozinha","8":"first","9":"instock","10":"shipping-taxable","11":"purchasable","12":"product-type-simple"},"_links":{"self":[{"href":"https:\/\/www.multicasa.com.br\/inicio\/wp-json\/wp\/v2\/product\/20804","targetHints":{"allow":["GET"]}}],"collection":[{"href":"https:\/\/www.multicasa.com.br\/inicio\/wp-json\/wp\/v2\/product"}],"about":[{"href":"https:\/\/www.multicasa.com.br\/inicio\/wp-json\/wp\/v2\/types\/product"}],"wp:featuredmedia":[{"embeddable":true,"href":"https:\/\/www.multicasa.com.br\/inicio\/wp-json\/wp\/v2\/media\/20898"}],"wp:attachment":[{"href":"https:\/\/www.multicasa.com.br\/inicio\/wp-json\/wp\/v2\/media?parent=20804"}],"wp:term":[{"taxonomy":"product_brand","embeddable":true,"href":"https:\/\/www.multicasa.com.br\/inicio\/wp-json\/wp\/v2\/product_brand?post=20804"},{"taxonomy":"product_cat","embeddable":true,"href":"https:\/\/www.multicasa.com.br\/inicio\/wp-json\/wp\/v2\/product_cat?post=20804"},{"taxonomy":"product_tag","embeddable":true,"href":"https:\/\/www.multicasa.com.br\/inicio\/wp-json\/wp\/v2\/product_tag?post=20804"}],"curies":[{"name":"wp","href":"https:\/\/api.w.org\/{rel}","templated":true}]}}