{"id":20808,"date":"2025-06-20T20:09:14","date_gmt":"2025-06-21T00:09:14","guid":{"rendered":"https:\/\/www.multicasa.com.br\/inicio\/?post_type=product&#038;p=20808"},"modified":"2025-10-31T10:38:26","modified_gmt":"2025-10-31T14:38:26","slug":"soquete-adaptador-r17d-g13-taschibra-4-unidades","status":"publish","type":"product","link":"https:\/\/www.multicasa.com.br\/inicio\/produto\/soquete-adaptador-r17d-g13-taschibra-4-unidades\/","title":{"rendered":"Soquete Adaptador R17D-G13 Taschibra 4 Unidades"},"content":{"rendered":"<p>O Soquete Adaptador R17D para G13 da Taschibra \u00e9 ideal para utiliza\u00e7\u00e3o em lumin\u00e1rias, spots e pode ser utilizado com l\u00e2mpadas incandescentes, fluorescentes compactas, luz mista e vapor de merc\u00fario. Corpo em pl\u00e1stico, com casquilho interno, parafusos e bornes em lat\u00e3o. Para redes de tens\u00e3o at\u00e9 250V com limite de corrente de at\u00e9 4A. Vem com 4 pe\u00e7as.<\/p>\n","protected":false},"excerpt":{"rendered":"<h4 style=\"margin: 0px;padding: 0px 0px 16px;font-family: Lato, sans-serif;font-weight: bold;line-height: 3rem;color: var(--dark-grey3);font-size: 22px;font-style: normal;letter-spacing: normal;text-align: start;text-indent: 0px;text-transform: none\">Informa\u00e7\u00f5es t\u00e9cnicas<\/h4>\n<p><span style=\"margin: 0px;padding: 0px;font-weight: 450;font-size: 14px;line-height: 21px;color: var(--dark-grey2);font-family: Lato, sans-serif;font-style: normal;letter-spacing: normal;text-align: start;text-indent: 0px;text-transform: none\">Produto: Soquete Adaptador<br \/>\nMarca: Taschibra<br \/>\nMaterial: Metal e pl\u00e1stico<br \/>\nCor: Branco                                                                                                                                                                      Tens\u00e3o el\u00e9trica: 250v<br \/>\nCaracter\u00edsticas: Adaptador E27 para G9, 2A<br \/>\nItens inclusos: 4 Soquetes adaptador<br \/>\nDimens\u00f5es da embalagem (A x L x P): 12 x 8 x 3,5cm                                                                                                         Peso: 0,03kg<\/span><\/p>\n","protected":false},"featured_media":20918,"template":"","meta":{"_joinchat":[]},"product_brand":[],"product_cat":[119],"product_tag":[],"class_list":{"0":"post-20808","1":"product","2":"type-product","3":"status-publish","4":"has-post-thumbnail","6":"product_cat-materiais-eletricos","8":"first","9":"outofstock","10":"shipping-taxable","11":"purchasable","12":"product-type-simple"},"_links":{"self":[{"href":"https:\/\/www.multicasa.com.br\/inicio\/wp-json\/wp\/v2\/product\/20808","targetHints":{"allow":["GET"]}}],"collection":[{"href":"https:\/\/www.multicasa.com.br\/inicio\/wp-json\/wp\/v2\/product"}],"about":[{"href":"https:\/\/www.multicasa.com.br\/inicio\/wp-json\/wp\/v2\/types\/product"}],"wp:featuredmedia":[{"embeddable":true,"href":"https:\/\/www.multicasa.com.br\/inicio\/wp-json\/wp\/v2\/media\/20918"}],"wp:attachment":[{"href":"https:\/\/www.multicasa.com.br\/inicio\/wp-json\/wp\/v2\/media?parent=20808"}],"wp:term":[{"taxonomy":"product_brand","embeddable":true,"href":"https:\/\/www.multicasa.com.br\/inicio\/wp-json\/wp\/v2\/product_brand?post=20808"},{"taxonomy":"product_cat","embeddable":true,"href":"https:\/\/www.multicasa.com.br\/inicio\/wp-json\/wp\/v2\/product_cat?post=20808"},{"taxonomy":"product_tag","embeddable":true,"href":"https:\/\/www.multicasa.com.br\/inicio\/wp-json\/wp\/v2\/product_tag?post=20808"}],"curies":[{"name":"wp","href":"https:\/\/api.w.org\/{rel}","templated":true}]}}