{"id":20809,"date":"2025-06-20T20:09:14","date_gmt":"2025-06-21T00:09:14","guid":{"rendered":"https:\/\/www.multicasa.com.br\/inicio\/?post_type=product&#038;p=20809"},"modified":"2025-12-16T18:51:59","modified_gmt":"2025-12-16T22:51:59","slug":"mixer-misturador-em-inox-m150-black-decker-preto-a-pilha","status":"publish","type":"product","link":"https:\/\/www.multicasa.com.br\/inicio\/produto\/mixer-misturador-em-inox-m150-black-decker-preto-a-pilha\/","title":{"rendered":"Mixer Misturador em Inox M150 Black + Decker Preto a Pilha"},"content":{"rendered":"<p>O Mixer Misturador em Inox M150 da Black + Decker Preto a Pilha \u00e9 multiuso, para voc\u00ea levar para onde quiser e preparar suas bebidas como preferir. Indicado para misturar bebidas quentes ou frias. Faz espuma no leite, capuccino e chocolates, al\u00e9m de vitaminas e molhos. Possui haste remov\u00edvel em a\u00e7o inoxid\u00e1vel. Tem alta durabilidade e praticidade para limpar. Sem fio, f\u00e1cil de usar, guardar e transportar.<\/p>\n","protected":false},"excerpt":{"rendered":"<h4 style=\"margin: 0px;padding: 0px 0px 16px;font-family: Lato, sans-serif;font-weight: bold;line-height: 3rem;color: var(--dark-grey3);font-size: 22px;font-style: normal;letter-spacing: normal;text-align: start;text-indent: 0px;text-transform: none\">Informa\u00e7\u00f5es t\u00e9cnicas<\/h4>\n<p><span style=\"margin: 0px;padding: 0px;font-weight: 450;font-size: 14px;line-height: 21px;color: var(--dark-grey2);font-family: Lato, sans-serif;font-style: normal;letter-spacing: normal;text-align: start;text-indent: 0px;text-transform: none\">Produto: Mixer Misturador Multiuso                                                                                                                                      Marca: Black + Decker                                                                                                                                                      Modelo: M150-BR<br \/>\nMaterial: Haste em inox destac\u00e1vel e pl\u00e1stico<br \/>\nCor: Preto<br \/>\nCaracter\u00edsticas: Alimenta\u00e7\u00e3o: 2 pilhas AAA (n\u00e3o inclusas); bot\u00e3o liga\/desliga.<br \/>\nItens Inclusos: 1 Mixer misturador multiuso<br \/>\nDimens\u00f5es do produto (A X L X P): 23 x 4 x 4cm                                                                                                          Peso: 0,09kg                                                                                                                                                       Garantia: 1 ano<\/span><\/p>\n","protected":false},"featured_media":25602,"template":"","meta":{"_joinchat":[]},"product_brand":[],"product_cat":[93],"product_tag":[],"class_list":{"0":"post-20809","1":"product","2":"type-product","3":"status-publish","4":"has-post-thumbnail","6":"product_cat-utensilios-para-cozinha","8":"first","9":"outofstock","10":"shipping-taxable","11":"purchasable","12":"product-type-simple"},"_links":{"self":[{"href":"https:\/\/www.multicasa.com.br\/inicio\/wp-json\/wp\/v2\/product\/20809","targetHints":{"allow":["GET"]}}],"collection":[{"href":"https:\/\/www.multicasa.com.br\/inicio\/wp-json\/wp\/v2\/product"}],"about":[{"href":"https:\/\/www.multicasa.com.br\/inicio\/wp-json\/wp\/v2\/types\/product"}],"wp:featuredmedia":[{"embeddable":true,"href":"https:\/\/www.multicasa.com.br\/inicio\/wp-json\/wp\/v2\/media\/25602"}],"wp:attachment":[{"href":"https:\/\/www.multicasa.com.br\/inicio\/wp-json\/wp\/v2\/media?parent=20809"}],"wp:term":[{"taxonomy":"product_brand","embeddable":true,"href":"https:\/\/www.multicasa.com.br\/inicio\/wp-json\/wp\/v2\/product_brand?post=20809"},{"taxonomy":"product_cat","embeddable":true,"href":"https:\/\/www.multicasa.com.br\/inicio\/wp-json\/wp\/v2\/product_cat?post=20809"},{"taxonomy":"product_tag","embeddable":true,"href":"https:\/\/www.multicasa.com.br\/inicio\/wp-json\/wp\/v2\/product_tag?post=20809"}],"curies":[{"name":"wp","href":"https:\/\/api.w.org\/{rel}","templated":true}]}}