{"id":20835,"date":"2025-06-20T20:09:45","date_gmt":"2025-06-21T00:09:45","guid":{"rendered":"https:\/\/www.multicasa.com.br\/inicio\/?post_type=product&#038;p=20835"},"modified":"2025-06-20T20:11:17","modified_gmt":"2025-06-21T00:11:17","slug":"fogao-eletrico-multilaser-easy-cook-duo-2-bocas-2000w-127v","status":"publish","type":"product","link":"https:\/\/www.multicasa.com.br\/inicio\/produto\/fogao-eletrico-multilaser-easy-cook-duo-2-bocas-2000w-127v\/","title":{"rendered":"Fog\u00e3o El\u00e9trico Multilaser Easy Cook Duo 2 Bocas 2000W &#8211; 127V"},"content":{"rendered":"<p>O Fog\u00e3o El\u00e9trico Multilaser Easy Cook Duo 2 Bocas 2000W Preto 127V funciona com todos os tipos de panelas e possui 6 n\u00edveis de temperatura. Ideal para viagens, acampamentos e praias. O sistema dispensa o uso de g\u00e1s garantindo assim mais seguran\u00e7a pra voc\u00ea ficar tranquilo.<\/p>\n","protected":false},"excerpt":{"rendered":"<h4 style=\"margin: 0px;padding: 0px 0px 16px;font-family: Lato, sans-serif;font-weight: bold;line-height: 3rem;color: var(--dark-grey3);font-size: 22px;font-style: normal;letter-spacing: normal;text-align: start;text-indent: 0px;text-transform: none\">Informa\u00e7\u00f5es t\u00e9cnicas<\/h4>\n<p><span style=\"margin: 0px;padding: 0px;font-weight: 450;font-size: 14px;line-height: 21px;color: var(--dark-grey2);font-family: Lato, sans-serif;font-style: normal;letter-spacing: normal;text-align: start;text-indent: 0px;text-transform: none\">Produto: Fog\u00e3o El\u00e9trico<br \/>\nMarca: Multilaser<br \/>\nModelo: Easy Cook Duo CE154<br \/>\nMaterial: Pl\u00e1stico e metal<br \/>\nCor: Preto<br \/>\nPot\u00eancia: 2000w<br \/>\nTens\u00e3o el\u00e9trica: 127v<br \/>\nCaracter\u00edsticas: Port\u00e1til, vers\u00e1til, f\u00e1cil de usar, f\u00e1cil de limpar, potente, 6 n\u00edveis de temperatura, 2 bocas<br \/>\nItens Inclusos: 1 fog\u00e3o el\u00e9trico<br \/>\nDimens\u00f5es do produto (A x L x P): 47 x 8 x 26,2cm<br \/>\nPeso: 2,55kg<\/span><\/p>\n","protected":false},"featured_media":20919,"template":"","meta":{"_joinchat":[]},"product_brand":[],"product_cat":[93],"product_tag":[],"class_list":{"0":"post-20835","1":"product","2":"type-product","3":"status-publish","4":"has-post-thumbnail","6":"product_cat-utensilios-para-cozinha","8":"first","9":"outofstock","10":"shipping-taxable","11":"product-type-simple"},"_links":{"self":[{"href":"https:\/\/www.multicasa.com.br\/inicio\/wp-json\/wp\/v2\/product\/20835","targetHints":{"allow":["GET"]}}],"collection":[{"href":"https:\/\/www.multicasa.com.br\/inicio\/wp-json\/wp\/v2\/product"}],"about":[{"href":"https:\/\/www.multicasa.com.br\/inicio\/wp-json\/wp\/v2\/types\/product"}],"wp:featuredmedia":[{"embeddable":true,"href":"https:\/\/www.multicasa.com.br\/inicio\/wp-json\/wp\/v2\/media\/20919"}],"wp:attachment":[{"href":"https:\/\/www.multicasa.com.br\/inicio\/wp-json\/wp\/v2\/media?parent=20835"}],"wp:term":[{"taxonomy":"product_brand","embeddable":true,"href":"https:\/\/www.multicasa.com.br\/inicio\/wp-json\/wp\/v2\/product_brand?post=20835"},{"taxonomy":"product_cat","embeddable":true,"href":"https:\/\/www.multicasa.com.br\/inicio\/wp-json\/wp\/v2\/product_cat?post=20835"},{"taxonomy":"product_tag","embeddable":true,"href":"https:\/\/www.multicasa.com.br\/inicio\/wp-json\/wp\/v2\/product_tag?post=20835"}],"curies":[{"name":"wp","href":"https:\/\/api.w.org\/{rel}","templated":true}]}}