{"id":20910,"date":"2025-06-20T20:11:04","date_gmt":"2025-06-21T00:11:04","guid":{"rendered":"https:\/\/www.multicasa.com.br\/inicio\/?post_type=product&#038;p=20910"},"modified":"2025-06-20T20:12:29","modified_gmt":"2025-06-21T00:12:29","slug":"abracadeira-em-nylon-76x387mm-natural-frontec-25-unidades","status":"publish","type":"product","link":"https:\/\/www.multicasa.com.br\/inicio\/produto\/abracadeira-em-nylon-76x387mm-natural-frontec-25-unidades\/","title":{"rendered":"Abra\u00e7adeira em Nylon 7,6x387mm Natural Frontec 25 Unidades"},"content":{"rendered":"<p>A Abra\u00e7adeira em Nylon da Frontec \u00e9 ideal para uso diversos. Medindo 7,6 x 387 mm, \u00e9 ideal para fixa\u00e7\u00e3o de diversas pe\u00e7as. De cor natural vem na embalagem com 25 unidades. Com alta resist\u00eancia \u00e0 tra\u00e7\u00e3o e elevada resist\u00eancia mec\u00e2nica.<\/p>\n","protected":false},"excerpt":{"rendered":"<h4 style=\"margin: 0px;padding: 0px 0px 16px;font-family: Lato, sans-serif;font-weight: bold;line-height: 3rem;color: var(--dark-grey3);font-size: 22px;font-style: normal;letter-spacing: normal;text-align: start;text-indent: 0px;text-transform: none\">Informa\u00e7\u00f5es t\u00e9cnicas<\/h4>\n<p><span style=\"margin: 0px;padding: 0px;font-weight: 450;font-size: 14px;line-height: 21px;color: var(--dark-grey2);font-family: Lato, sans-serif;font-style: normal;letter-spacing: normal;text-align: start;text-indent: 0px;text-transform: none\">Produto: Abra\u00e7adeira<br \/>\nMarca: Frontec<br \/>\nMaterial: Nylon<br \/>\nCor: Natural<br \/>\nCaracter\u00edsticas: Multiuso; Alta resist\u00eancia \u00e0 tra\u00e7\u00e3o e elevada resist\u00eancia mec\u00e2nica.<br \/>\nItens inclusos: 25 Abra\u00e7adeiras<br \/>\nDimens\u00f5es do produto (A X L): 7,6 x 387mm                                                                                                               Peso: 0,15kg<\/span><\/p>\n","protected":false},"featured_media":20995,"template":"","meta":{"_joinchat":[]},"product_brand":[],"product_cat":[119],"product_tag":[],"class_list":{"0":"post-20910","1":"product","2":"type-product","3":"status-publish","4":"has-post-thumbnail","6":"product_cat-materiais-eletricos","8":"first","9":"outofstock","10":"shipping-taxable","11":"product-type-simple"},"_links":{"self":[{"href":"https:\/\/www.multicasa.com.br\/inicio\/wp-json\/wp\/v2\/product\/20910","targetHints":{"allow":["GET"]}}],"collection":[{"href":"https:\/\/www.multicasa.com.br\/inicio\/wp-json\/wp\/v2\/product"}],"about":[{"href":"https:\/\/www.multicasa.com.br\/inicio\/wp-json\/wp\/v2\/types\/product"}],"wp:featuredmedia":[{"embeddable":true,"href":"https:\/\/www.multicasa.com.br\/inicio\/wp-json\/wp\/v2\/media\/20995"}],"wp:attachment":[{"href":"https:\/\/www.multicasa.com.br\/inicio\/wp-json\/wp\/v2\/media?parent=20910"}],"wp:term":[{"taxonomy":"product_brand","embeddable":true,"href":"https:\/\/www.multicasa.com.br\/inicio\/wp-json\/wp\/v2\/product_brand?post=20910"},{"taxonomy":"product_cat","embeddable":true,"href":"https:\/\/www.multicasa.com.br\/inicio\/wp-json\/wp\/v2\/product_cat?post=20910"},{"taxonomy":"product_tag","embeddable":true,"href":"https:\/\/www.multicasa.com.br\/inicio\/wp-json\/wp\/v2\/product_tag?post=20910"}],"curies":[{"name":"wp","href":"https:\/\/api.w.org\/{rel}","templated":true}]}}