{"id":20913,"date":"2025-06-20T20:11:05","date_gmt":"2025-06-21T00:11:05","guid":{"rendered":"https:\/\/www.multicasa.com.br\/inicio\/?post_type=product&#038;p=20913"},"modified":"2025-12-16T18:52:38","modified_gmt":"2025-12-16T22:52:38","slug":"jogo-de-colheres-e-xicaras-medidoras-em-plastico-plasutil-9-pecas","status":"publish","type":"product","link":"https:\/\/www.multicasa.com.br\/inicio\/produto\/jogo-de-colheres-e-xicaras-medidoras-em-plastico-plasutil-9-pecas\/","title":{"rendered":"Jogo de Colheres e X\u00edcaras Medidoras em Pl\u00e1stico Plas\u00fatil 9 Pe\u00e7as"},"content":{"rendered":"<p>O Jogo de Colheres e X\u00edcaras Medidoras da Plas\u00fatil com 9 pe\u00e7as sendo: 3 colheres, 1 separador de gema, 4 x\u00edcaras e 1 funil. \u00c9 produzida em pl\u00e1stico resistente que podem ser facilmente empilhadas, promovendo praticidade na armazenagem. Item indispens\u00e1vel para preparar suas receitas com precis\u00e3o.<\/p>\n","protected":false},"excerpt":{"rendered":"<h4 style=\"margin: 0px;padding: 0px 0px 16px;font-family: Lato, sans-serif;font-weight: bold;line-height: 3rem;color: var(--dark-grey3);font-size: 22px;font-style: normal;letter-spacing: normal;text-align: start;text-indent: 0px;text-transform: none\">Informa\u00e7\u00f5es t\u00e9cnicas<\/h4>\n<p><span style=\"margin: 0px;padding: 0px;font-weight: 450;font-size: 14px;line-height: 21px;color: var(--dark-grey2);font-family: Lato, sans-serif;font-style: normal;letter-spacing: normal;text-align: start;text-indent: 0px;text-transform: none\">Produto: Kit Medidores<br \/>\nMarca: Plas\u00fatil<br \/>\nMaterial: Pl\u00e1stico<br \/>\nCor: Colorida<br \/>\nQuantidade de pe\u00e7as: 9<br \/>\nItens Inclusos: 1 colher de caf\u00e9 (2ml); 1 colher de ch\u00e1 (5ml); 1 colher de sopa (15ml); 1 separador de gema; 1 x\u00edcara de 1\/4 (60ml); 1 x\u00edcara de 1\/3 (80ml); 1 x\u00edcara de 1\/2 (120ml); 1 x\u00edcara de 240ml e 1 funil.<br \/>\nDimens\u00f5es do produto (A X L X C): 9,5 x 7,7 x 17,7cm                                                                                                 Peso: 0,145kg<\/span><\/p>\n","protected":false},"featured_media":21001,"template":"","meta":{"_joinchat":[]},"product_brand":[],"product_cat":[93],"product_tag":[],"class_list":{"0":"post-20913","1":"product","2":"type-product","3":"status-publish","4":"has-post-thumbnail","6":"product_cat-utensilios-para-cozinha","8":"first","9":"outofstock","10":"shipping-taxable","11":"purchasable","12":"product-type-simple"},"_links":{"self":[{"href":"https:\/\/www.multicasa.com.br\/inicio\/wp-json\/wp\/v2\/product\/20913","targetHints":{"allow":["GET"]}}],"collection":[{"href":"https:\/\/www.multicasa.com.br\/inicio\/wp-json\/wp\/v2\/product"}],"about":[{"href":"https:\/\/www.multicasa.com.br\/inicio\/wp-json\/wp\/v2\/types\/product"}],"wp:featuredmedia":[{"embeddable":true,"href":"https:\/\/www.multicasa.com.br\/inicio\/wp-json\/wp\/v2\/media\/21001"}],"wp:attachment":[{"href":"https:\/\/www.multicasa.com.br\/inicio\/wp-json\/wp\/v2\/media?parent=20913"}],"wp:term":[{"taxonomy":"product_brand","embeddable":true,"href":"https:\/\/www.multicasa.com.br\/inicio\/wp-json\/wp\/v2\/product_brand?post=20913"},{"taxonomy":"product_cat","embeddable":true,"href":"https:\/\/www.multicasa.com.br\/inicio\/wp-json\/wp\/v2\/product_cat?post=20913"},{"taxonomy":"product_tag","embeddable":true,"href":"https:\/\/www.multicasa.com.br\/inicio\/wp-json\/wp\/v2\/product_tag?post=20913"}],"curies":[{"name":"wp","href":"https:\/\/api.w.org\/{rel}","templated":true}]}}