{"id":20931,"date":"2025-06-20T20:11:26","date_gmt":"2025-06-21T00:11:26","guid":{"rendered":"https:\/\/www.multicasa.com.br\/inicio\/?post_type=product&#038;p=20931"},"modified":"2025-12-08T15:04:49","modified_gmt":"2025-12-08T19:04:49","slug":"organizador-multiuso-clear-fresh-acrilico-para-geladeira-ou-28l","status":"publish","type":"product","link":"https:\/\/www.multicasa.com.br\/inicio\/produto\/organizador-multiuso-clear-fresh-acrilico-para-geladeira-ou-28l\/","title":{"rendered":"Organizador Multiuso Clear Fresh Acr\u00edlico para Geladeira OU 2,8L"},"content":{"rendered":"<p>Organize e otimize os espa\u00e7os da sua geladeira com o Organizador Multiuso OU. Feito de acr\u00edlico, \u00e9 ideal para ajudar na ordem dos alimentos refrigerados porque \u00e9 livre de BPA e n\u00e3o interfere no sabor. Com tampa, mant\u00e9m frutas, verduras e outras comidas sempre frescas e ajuda na visualiza\u00e7\u00e3o do que h\u00e1 no interior do seu eletrodom\u00e9stico. O Organizador Clear Fresh tem capacidade para at\u00e9 2,8 litros.<\/p>\n","protected":false},"excerpt":{"rendered":"<h4 style=\"margin: 0px;padding: 0px 0px 16px;font-family: Lato, sans-serif;font-weight: bold;line-height: 3rem;color: var(--dark-grey3);font-size: 22px;font-style: normal;letter-spacing: normal;text-align: start;text-indent: 0px;text-transform: none\">Informa\u00e7\u00f5es t\u00e9cnicas<\/h4>\n<p><span style=\"margin: 0px;padding: 0px;font-weight: 450;font-size: 14px;line-height: 21px;color: var(--dark-grey2);font-family: Lato, sans-serif;font-style: normal;letter-spacing: normal;text-align: start;text-indent: 0px;text-transform: none\">Produto: Organizador Multiuso<br \/>\nMarca: OU<br \/>\nMaterial: Pl\u00e1stico<br \/>\nItens Inclusos: 1 organizador multiuso<br \/>\nDimens\u00f5es do produto (A x L x P): 13 x 15 x 30cm<\/span><\/p>\n","protected":false},"featured_media":25657,"template":"","meta":{"_joinchat":[]},"product_brand":[],"product_cat":[93],"product_tag":[],"class_list":{"0":"post-20931","1":"product","2":"type-product","3":"status-publish","4":"has-post-thumbnail","6":"product_cat-utensilios-para-cozinha","8":"first","9":"instock","10":"shipping-taxable","11":"purchasable","12":"product-type-simple"},"_links":{"self":[{"href":"https:\/\/www.multicasa.com.br\/inicio\/wp-json\/wp\/v2\/product\/20931","targetHints":{"allow":["GET"]}}],"collection":[{"href":"https:\/\/www.multicasa.com.br\/inicio\/wp-json\/wp\/v2\/product"}],"about":[{"href":"https:\/\/www.multicasa.com.br\/inicio\/wp-json\/wp\/v2\/types\/product"}],"wp:featuredmedia":[{"embeddable":true,"href":"https:\/\/www.multicasa.com.br\/inicio\/wp-json\/wp\/v2\/media\/25657"}],"wp:attachment":[{"href":"https:\/\/www.multicasa.com.br\/inicio\/wp-json\/wp\/v2\/media?parent=20931"}],"wp:term":[{"taxonomy":"product_brand","embeddable":true,"href":"https:\/\/www.multicasa.com.br\/inicio\/wp-json\/wp\/v2\/product_brand?post=20931"},{"taxonomy":"product_cat","embeddable":true,"href":"https:\/\/www.multicasa.com.br\/inicio\/wp-json\/wp\/v2\/product_cat?post=20931"},{"taxonomy":"product_tag","embeddable":true,"href":"https:\/\/www.multicasa.com.br\/inicio\/wp-json\/wp\/v2\/product_tag?post=20931"}],"curies":[{"name":"wp","href":"https:\/\/api.w.org\/{rel}","templated":true}]}}