{"id":20933,"date":"2025-06-20T20:11:26","date_gmt":"2025-06-21T00:11:26","guid":{"rendered":"https:\/\/www.multicasa.com.br\/inicio\/?post_type=product&#038;p=20933"},"modified":"2025-06-23T10:31:45","modified_gmt":"2025-06-23T14:31:45","slug":"queijeira-oreganeira-de-inox-class-home","status":"publish","type":"product","link":"https:\/\/www.multicasa.com.br\/inicio\/produto\/queijeira-oreganeira-de-inox-class-home\/","title":{"rendered":"Queijeira\/Oreganeira de Inox Class Home"},"content":{"rendered":"<p>A Queijeira\/Oreganeira de Inox Class Home \u00e9 perfeita para armazenar e levar queijos ralados ou or\u00e9ganos a mesa. Tamb\u00e9m pode ser utilizada para polvilhar a\u00e7\u00facar, canela e outros ingredientes em p\u00f3. Ideal para servir suas visitas com mais estilo. De f\u00e1cil manuseio e permite adicionar o queijo ralado ou o or\u00e9gano de forma que n\u00e3o tenha desperd\u00edcio.<\/p>\n","protected":false},"excerpt":{"rendered":"<h4 style=\"margin: 0px;padding: 0px 0px 16px;font-family: Lato, sans-serif;font-weight: bold;line-height: 3rem;color: var(--dark-grey3);font-size: 22px;font-style: normal;letter-spacing: normal;text-align: start;text-indent: 0px;text-transform: none\">Informa\u00e7\u00f5es t\u00e9cnicas<\/h4>\n<p><span style=\"margin: 0px;padding: 0px;font-weight: 450;font-size: 14px;line-height: 21px;color: var(--dark-grey2);font-family: Lato, sans-serif;font-style: normal;letter-spacing: normal;text-align: start;text-indent: 0px;text-transform: none\">Produto: Queijeira<br \/>\nMarca: Class Home<br \/>\nMaterial: A\u00e7o inoxid\u00e1vel<br \/>\nCor: Prata<br \/>\nCaracter\u00edsticas: Possui tampa<br \/>\nItens Inclusos: 1 queijeira<br \/>\nDimens\u00f5es do produto (A X L): 10 x 7,5cm (300ml)<br \/>\nPeso: 0,118kg<\/span><\/p>\n","protected":false},"featured_media":25877,"template":"","meta":{"_joinchat":[]},"product_brand":[],"product_cat":[93],"product_tag":[],"class_list":{"0":"post-20933","1":"product","2":"type-product","3":"status-publish","4":"has-post-thumbnail","6":"product_cat-utensilios-para-cozinha","8":"first","9":"outofstock","10":"shipping-taxable","11":"product-type-simple"},"_links":{"self":[{"href":"https:\/\/www.multicasa.com.br\/inicio\/wp-json\/wp\/v2\/product\/20933","targetHints":{"allow":["GET"]}}],"collection":[{"href":"https:\/\/www.multicasa.com.br\/inicio\/wp-json\/wp\/v2\/product"}],"about":[{"href":"https:\/\/www.multicasa.com.br\/inicio\/wp-json\/wp\/v2\/types\/product"}],"wp:featuredmedia":[{"embeddable":true,"href":"https:\/\/www.multicasa.com.br\/inicio\/wp-json\/wp\/v2\/media\/25877"}],"wp:attachment":[{"href":"https:\/\/www.multicasa.com.br\/inicio\/wp-json\/wp\/v2\/media?parent=20933"}],"wp:term":[{"taxonomy":"product_brand","embeddable":true,"href":"https:\/\/www.multicasa.com.br\/inicio\/wp-json\/wp\/v2\/product_brand?post=20933"},{"taxonomy":"product_cat","embeddable":true,"href":"https:\/\/www.multicasa.com.br\/inicio\/wp-json\/wp\/v2\/product_cat?post=20933"},{"taxonomy":"product_tag","embeddable":true,"href":"https:\/\/www.multicasa.com.br\/inicio\/wp-json\/wp\/v2\/product_tag?post=20933"}],"curies":[{"name":"wp","href":"https:\/\/api.w.org\/{rel}","templated":true}]}}