{"id":20958,"date":"2025-06-20T20:11:51","date_gmt":"2025-06-21T00:11:51","guid":{"rendered":"https:\/\/www.multicasa.com.br\/inicio\/?post_type=product&#038;p=20958"},"modified":"2026-03-03T12:14:04","modified_gmt":"2026-03-03T16:14:04","slug":"sensor-de-presenca-para-iluminacao-de-embutir-esp-360-e-intelbras","status":"publish","type":"product","link":"https:\/\/www.multicasa.com.br\/inicio\/produto\/sensor-de-presenca-para-iluminacao-de-embutir-esp-360-e-intelbras\/","title":{"rendered":"Sensor de Presen\u00e7a para Ilumina\u00e7\u00e3o de Embutir ESP 360 E Intelbras"},"content":{"rendered":"<p>Torna-se mais f\u00e1cil ter uma \u00e1rea interna mais tecnol\u00f3gica com o uso do Sensor de Presen\u00e7a para Ilumina\u00e7\u00e3o de Embutir ESP 360 E da Intelbras porque aciona automaticamente as l\u00e2mpadas atrav\u00e9s do movimento de pessoas, animais de m\u00e9dio e grande porte e objetos no local. O sensor de movimento \u00e9 ativado por infravermelho que reconhece o calor corpora, possui \u00e2ngulo de detec\u00e7\u00e3o de 360\u00b0 e alcance de at\u00e9 6 metros, desligando automaticamente com a aus\u00eancia de movimento e a n\u00e3o detec\u00e7\u00e3o de calor. Voc\u00ea n\u00e3o precisa mais se preocupar em acender ou apagar a luz manualmente porque o dispositivo manda os comandos de atua\u00e7\u00e3o direto para as luzes, automatizando todo o servi\u00e7o de liga e desliga. Sensor de Presen\u00e7a Intelbras \u00e9 compat\u00edvel com qualquer tipo de l\u00e2mpada e proporciona praticidade, economia de energia, sustentabilidade e seguran\u00e7a. Com a fun\u00e7\u00e3o fotoc\u00e9lula voc\u00ea pode ajustar a quantidade de luminosidade por 24 horas por dia ou apenas no per\u00edodo noturno, al\u00e9m de poder ajustar o tempo que a l\u00e2mpada deve permanecer acesa, variando entre o m\u00ednimo de 10 segundos e o m\u00e1ximo de 7 minutos. Vale lembrar que ele s\u00f3 desliga ap\u00f3s o per\u00edodo ajustado e a n\u00e3o detec\u00e7\u00e3o de movimento. Recomenda-se a instala\u00e7\u00e3o do sensor de movimento Intelbras no teto ou na parede em uma altura m\u00ednima de 2 metros e m\u00e1xima de 4 metros. O EPS 360 E oferece mais sofistica\u00e7\u00e3o e tecnologia para a sua casa.<\/p>\n","protected":false},"excerpt":{"rendered":"<h4 style=\"margin: 0px;padding: 0px 0px 16px;font-family: Lato, sans-serif;font-weight: bold;line-height: 3rem;color: var(--dark-grey3);font-size: 22px;font-style: normal;letter-spacing: normal;text-align: start;text-indent: 0px;text-transform: none\">Informa\u00e7\u00f5es t\u00e9cnicas<\/h4>\n<p><span style=\"margin: 0px;padding: 0px;font-weight: 450;font-size: 14px;line-height: 21px;color: var(--dark-grey2);font-family: Lato, sans-serif;font-style: normal;letter-spacing: normal;text-align: start;text-indent: 0px;text-transform: none\">Produto: Sensor de presen\u00e7a<br \/>\nMarca: Intelbras<br \/>\nModelo: ESP 360 S<br \/>\nCor: Branca<br \/>\nAlimenta\u00e7\u00e3o: Bivolt autom\u00e1tico (100 a 240 Vac)<br \/>\nCaracter\u00edsticas: Compat\u00edvel com qualquer tipo de l\u00e2mpada; Dist\u00e2ncia m\u00e1xima de detec\u00e7\u00e3o: 6 metros; \u00c2ngulo de detec\u00e7\u00e3o 360\u00b0; Ajuste luminosidade (fotoc\u00e9lula) Noite ou Dia e Noite; Ajuste de tempo de no m\u00ednimo 10 segundos e m\u00e1ximo de 7 minutos; L\u00e2mpadas compat\u00edveis fluorescentes, LED e incandescentes.<br \/>\nItens Inclusos: 1 sensor de presen\u00e7a e 1 Manual<br \/>\nDimens\u00f5es (A x L x P): 74,5 x 61,3 x 61,3mm<\/span><\/p>\n","protected":false},"featured_media":21018,"template":"","meta":{"_joinchat":[]},"product_brand":[],"product_cat":[161],"product_tag":[],"class_list":{"0":"post-20958","1":"product","2":"type-product","3":"status-publish","4":"has-post-thumbnail","6":"product_cat-seguranca","8":"first","9":"outofstock","10":"shipping-taxable","11":"product-type-simple"},"_links":{"self":[{"href":"https:\/\/www.multicasa.com.br\/inicio\/wp-json\/wp\/v2\/product\/20958","targetHints":{"allow":["GET"]}}],"collection":[{"href":"https:\/\/www.multicasa.com.br\/inicio\/wp-json\/wp\/v2\/product"}],"about":[{"href":"https:\/\/www.multicasa.com.br\/inicio\/wp-json\/wp\/v2\/types\/product"}],"wp:featuredmedia":[{"embeddable":true,"href":"https:\/\/www.multicasa.com.br\/inicio\/wp-json\/wp\/v2\/media\/21018"}],"wp:attachment":[{"href":"https:\/\/www.multicasa.com.br\/inicio\/wp-json\/wp\/v2\/media?parent=20958"}],"wp:term":[{"taxonomy":"product_brand","embeddable":true,"href":"https:\/\/www.multicasa.com.br\/inicio\/wp-json\/wp\/v2\/product_brand?post=20958"},{"taxonomy":"product_cat","embeddable":true,"href":"https:\/\/www.multicasa.com.br\/inicio\/wp-json\/wp\/v2\/product_cat?post=20958"},{"taxonomy":"product_tag","embeddable":true,"href":"https:\/\/www.multicasa.com.br\/inicio\/wp-json\/wp\/v2\/product_tag?post=20958"}],"curies":[{"name":"wp","href":"https:\/\/api.w.org\/{rel}","templated":true}]}}