{"id":20985,"date":"2025-06-20T20:12:17","date_gmt":"2025-06-21T00:12:17","guid":{"rendered":"https:\/\/www.multicasa.com.br\/inicio\/?post_type=product&#038;p=20985"},"modified":"2025-08-18T02:04:11","modified_gmt":"2025-08-18T06:04:11","slug":"protetor-de-fritadeira-eletrica-quadrado-em-silicone-preto-multiflex","status":"publish","type":"product","link":"https:\/\/www.multicasa.com.br\/inicio\/produto\/protetor-de-fritadeira-eletrica-quadrado-em-silicone-preto-multiflex\/","title":{"rendered":"Protetor de Fritadeira El\u00e9trica Quadrado em Silicone Preto Multiflex"},"content":{"rendered":"<p>Prote\u00e7\u00e3o em silicone para Air Fry Fritadeira El\u00e9trica,<br \/>\no objetivo \u00e9 proteger e n\u00e3o grudar os alimentos no cesto.<br \/>\nA gente sabe que voc\u00ea procura funcionalidade na hora de<br \/>\npreparar seus alimentos, por isso mesmo que o suporte silicone<br \/>\npara air fryer \u00e9 perfeito para voc\u00ea. Feito com material de alta<br \/>\nqualidade ,mesmo material utilizado em formas para bolos,<br \/>\n100% silicone para uso alimentar n\u00e3o cont\u00e9m BPA na sua<br \/>\ncomposi\u00e7\u00e3o. Flex\u00edvel e resistente ele aguenta a temperaturas<br \/>\nde at\u00e9 230\u00ba, n\u00e3o aderente , evita que os alimentos grudem,<br \/>\nal\u00e9m de serem super f\u00e1ceis de lavar.<\/p>\n","protected":false},"excerpt":{"rendered":"<h4 style=\"margin: 0px;padding: 0px 0px 16px;font-family: Lato, sans-serif;font-weight: bold;line-height: 3rem;color: var(--dark-grey3);font-size: 22px;font-style: normal;letter-spacing: normal;text-align: start;text-indent: 0px;text-transform: none\">Informa\u00e7\u00f5es t\u00e9cnicas<\/h4>\n<p><span style=\"margin: 0px;padding: 0px;font-weight: 450;font-size: 14px;line-height: 21px;color: var(--dark-grey2);font-family: Lato, sans-serif;font-style: normal;letter-spacing: normal;text-align: start;text-indent: 0px;text-transform: none\">Produto: Protetor de Fritateira El\u00e9trica<br \/>\nMarca: Multiflex<br \/>\nMaterial: Silicone<br \/>\nCor: Preto<br \/>\nCaracter\u00edsticas: Flex\u00edvel, Resistente, Aderente, Suporta temperaturas de at\u00e9 230\u00ba, N\u00e3o cont\u00e9m BPA<br \/>\nItens Inclusos: 1 protetor de Fritadeira El\u00e9trica de Silicone<br \/>\nDimens\u00f5es do produto : 23cm<br \/>\nPeso: 140g<br \/>\nPrecau\u00e7\u00f5es:<br \/>\n-N\u00e3o coloque diretamente sobre uma chama;<br \/>\n&#8211; N\u00e3o use palha de a\u00e7o ou qualquer outro tipo de abrasivo;<br \/>\n&#8211; N\u00e3o utilize materiais pontiagudos, facas e objetos cortantes;<br \/>\nAtende Air Fryers Fritadeiras (Diversas marcas)<\/span><\/p>\n","protected":false},"featured_media":26596,"template":"","meta":{"_joinchat":[]},"product_brand":[],"product_cat":[93],"product_tag":[],"class_list":{"0":"post-20985","1":"product","2":"type-product","3":"status-publish","4":"has-post-thumbnail","6":"product_cat-utensilios-para-cozinha","8":"first","9":"instock","10":"shipping-taxable","11":"purchasable","12":"product-type-simple"},"_links":{"self":[{"href":"https:\/\/www.multicasa.com.br\/inicio\/wp-json\/wp\/v2\/product\/20985","targetHints":{"allow":["GET"]}}],"collection":[{"href":"https:\/\/www.multicasa.com.br\/inicio\/wp-json\/wp\/v2\/product"}],"about":[{"href":"https:\/\/www.multicasa.com.br\/inicio\/wp-json\/wp\/v2\/types\/product"}],"wp:featuredmedia":[{"embeddable":true,"href":"https:\/\/www.multicasa.com.br\/inicio\/wp-json\/wp\/v2\/media\/26596"}],"wp:attachment":[{"href":"https:\/\/www.multicasa.com.br\/inicio\/wp-json\/wp\/v2\/media?parent=20985"}],"wp:term":[{"taxonomy":"product_brand","embeddable":true,"href":"https:\/\/www.multicasa.com.br\/inicio\/wp-json\/wp\/v2\/product_brand?post=20985"},{"taxonomy":"product_cat","embeddable":true,"href":"https:\/\/www.multicasa.com.br\/inicio\/wp-json\/wp\/v2\/product_cat?post=20985"},{"taxonomy":"product_tag","embeddable":true,"href":"https:\/\/www.multicasa.com.br\/inicio\/wp-json\/wp\/v2\/product_tag?post=20985"}],"curies":[{"name":"wp","href":"https:\/\/api.w.org\/{rel}","templated":true}]}}