{"id":20986,"date":"2025-06-20T20:12:17","date_gmt":"2025-06-21T00:12:17","guid":{"rendered":"https:\/\/www.multicasa.com.br\/inicio\/?post_type=product&#038;p=20986"},"modified":"2025-06-23T10:35:36","modified_gmt":"2025-06-23T14:35:36","slug":"sensor-porta-janela-wi-fi-agl","status":"publish","type":"product","link":"https:\/\/www.multicasa.com.br\/inicio\/produto\/sensor-porta-janela-wi-fi-agl\/","title":{"rendered":"Sensor Porta\/ Janela Wi-Fi AGL"},"content":{"rendered":"<p>O sensor inteligente de porta e janela Wi-Fi foi projetado com antena WiFi embutida e bateria de l\u00edtio recarreg\u00e1vel, para detectar se portas, janelas, gavetas etc. est\u00e3o abertas ou fechadas. A tecnologia Wi-Fi \u00e9 utilizada para conectar o sensor ao servidor na nuvem, permitindo que o usu\u00e1rio receba as informa\u00e7\u00f5es no celular de alarme de porta aberta rapidamente. Esse produto funciona simplesmente conectado ao seu WiFi. N\u00e3o \u00e9 necess\u00e1ria nenhuma central para funcionamento. Possui uma bateria interna recarreg\u00e1vel com dura\u00e7\u00e3o de at\u00e9 6 meses. Instala\u00e7\u00e3o totalmente sem fios, r\u00e1pida e f\u00e1cil.<\/p>\n","protected":false},"excerpt":{"rendered":"<h4 style=\"margin: 0px;padding: 0px 0px 16px;font-family: Lato, sans-serif;font-weight: bold;line-height: 3rem;color: var(--dark-grey3);font-size: 22px;font-style: normal;letter-spacing: normal;text-align: start;text-indent: 0px;text-transform: none\">Informa\u00e7\u00f5es t\u00e9cnicas<\/h4>\n<p><span style=\"margin: 0px;padding: 0px;font-weight: 450;font-size: 14px;line-height: 21px;color: var(--dark-grey2);font-family: Lato, sans-serif;font-style: normal;letter-spacing: normal;text-align: start;text-indent: 0px;text-transform: none\">Caracter\u00edsticas<br \/>\n&#8211; Instala\u00e7\u00e3o totalmente sem fios, r\u00e1pida e f\u00e1cil<br \/>\n&#8211; Voc\u00ea pode verificar: o n\u00edvel de bateria pelo aplicativo; hist\u00f3rico de abertura e fechamento de porta; indica\u00e7\u00e3o de porta aberta ou fechada pelo aplicativo;<br \/>\n&#8211; Bateria interna recarreg\u00e1vel com dura\u00e7\u00e3o de at\u00e9 6 meses<br \/>\n&#8211; Poss\u00edvel fazer automa\u00e7\u00e3o com outros produtos da linha no aplicativo AGL Home<br \/>\nEspecifica\u00e7\u00f5es t\u00e9cnicas:<br \/>\n&#8211; Pot\u00eancia: bateria de l\u00edtio 3.7V (bateria de l\u00edtio 500mA)<br \/>\n&#8211; Modo de carregamento: Micro-USB 5V \/ 1A<br \/>\n&#8211; Consumo de energia: corrente de pico 300mA, corrente de espera 5PA<br \/>\n&#8211; WIFI: suporte de frequ\u00eancia 802.11 a \/ bg \/ n, wifi 2.4G<br \/>\n&#8211; Temperatura de trabalho: -10 ~ + 50 C<br \/>\n&#8211; Umidade de trabalho: 10% ~ 95% RH<br \/>\n&#8211; Instala\u00e7\u00e3o: Fita dupla face<br \/>\n&#8211; Ambiente de aplica\u00e7\u00e3o: Interno<\/span><\/p>\n","protected":false},"featured_media":25964,"template":"","meta":{"_joinchat":[]},"product_brand":[],"product_cat":[161],"product_tag":[],"class_list":{"0":"post-20986","1":"product","2":"type-product","3":"status-publish","4":"has-post-thumbnail","6":"product_cat-seguranca","8":"first","9":"outofstock","10":"shipping-taxable","11":"product-type-simple"},"_links":{"self":[{"href":"https:\/\/www.multicasa.com.br\/inicio\/wp-json\/wp\/v2\/product\/20986","targetHints":{"allow":["GET"]}}],"collection":[{"href":"https:\/\/www.multicasa.com.br\/inicio\/wp-json\/wp\/v2\/product"}],"about":[{"href":"https:\/\/www.multicasa.com.br\/inicio\/wp-json\/wp\/v2\/types\/product"}],"wp:featuredmedia":[{"embeddable":true,"href":"https:\/\/www.multicasa.com.br\/inicio\/wp-json\/wp\/v2\/media\/25964"}],"wp:attachment":[{"href":"https:\/\/www.multicasa.com.br\/inicio\/wp-json\/wp\/v2\/media?parent=20986"}],"wp:term":[{"taxonomy":"product_brand","embeddable":true,"href":"https:\/\/www.multicasa.com.br\/inicio\/wp-json\/wp\/v2\/product_brand?post=20986"},{"taxonomy":"product_cat","embeddable":true,"href":"https:\/\/www.multicasa.com.br\/inicio\/wp-json\/wp\/v2\/product_cat?post=20986"},{"taxonomy":"product_tag","embeddable":true,"href":"https:\/\/www.multicasa.com.br\/inicio\/wp-json\/wp\/v2\/product_tag?post=20986"}],"curies":[{"name":"wp","href":"https:\/\/api.w.org\/{rel}","templated":true}]}}