{"id":20987,"date":"2025-06-20T20:12:17","date_gmt":"2025-06-21T00:12:17","guid":{"rendered":"https:\/\/www.multicasa.com.br\/inicio\/?post_type=product&#038;p=20987"},"modified":"2025-06-23T10:36:08","modified_gmt":"2025-06-23T14:36:08","slug":"sirene-interna-externa-wi-fi-agl","status":"publish","type":"product","link":"https:\/\/www.multicasa.com.br\/inicio\/produto\/sirene-interna-externa-wi-fi-agl\/","title":{"rendered":"Sirene Interna\/ Externa Wi-Fi AGL"},"content":{"rendered":"<p>A Sirene AGL funciona simplesmente conectado ao seu Wi-Fi, n\u00e3o \u00e9 necess\u00e1ria nenhuma central para funcionamento.<\/p>\n","protected":false},"excerpt":{"rendered":"<h4 style=\"margin: 0px;padding: 0px 0px 16px;font-family: Lato, sans-serif;font-weight: bold;line-height: 3rem;color: var(--dark-grey3);font-size: 22px;font-style: normal;letter-spacing: normal;text-align: start;text-indent: 0px;text-transform: none\">Informa\u00e7\u00f5es t\u00e9cnicas<\/h4>\n<p><span style=\"margin: 0px;padding: 0px;font-weight: 450;font-size: 14px;line-height: 21px;color: var(--dark-grey2);font-family: Lato, sans-serif;font-style: normal;letter-spacing: normal;text-align: start;text-indent: 0px;text-transform: none\">Caracter\u00edsticas:<br \/>\n&#8211; A sirene AGL Wi-Fi funciona em conjunto com outros sensores da linha AGL WiFi ;<br \/>\n&#8211; A comunica\u00e7\u00e3o com os sensores \u00e9 sem fio atrav\u00e9s do wi-fi utilizando a nuvem ( cloud );<br \/>\n&#8211; Voc\u00ea pode fazer sua pr\u00f3pria automa\u00e7\u00e3o no aplicativo AGL Home;<br \/>\n&#8211; Os sensores de presen\u00e7a e porta\/janela da linha Wi-Fi s\u00e3o compat\u00edveis com a Sirene Wi-Fi;<br \/>\n&#8211; Voc\u00ea pode programar e escolher quais sensores v\u00e3o ativar a sirene;<br \/>\n&#8211; Pode ser desativada pelo controle remoto AGL;<br \/>\n&#8211; Possui uma sirene interna com n\u00edvel de 130dB e Led indicativo;<br \/>\n&#8211; Bateria interna de 300mAh;<br \/>\n&#8211; Alimenta\u00e7\u00e3o: DC9V (micro conector 9V \/ 1A);<br \/>\n&#8211; Bateria de backup: bateria de 6V NiMH (300mAh);<br \/>\n&#8211; Frequ\u00eancia Wi-Fi : 2.4G, 802.11 a \/ b \/ g \/ n;<br \/>\n&#8211; Temperatura de trabalho: -20 ~ + 50 \u00b0 C<\/span><\/p>\n","protected":false},"featured_media":25981,"template":"","meta":{"_joinchat":[]},"product_brand":[],"product_cat":[161],"product_tag":[],"class_list":{"0":"post-20987","1":"product","2":"type-product","3":"status-publish","4":"has-post-thumbnail","6":"product_cat-seguranca","8":"first","9":"outofstock","10":"shipping-taxable","11":"product-type-simple"},"_links":{"self":[{"href":"https:\/\/www.multicasa.com.br\/inicio\/wp-json\/wp\/v2\/product\/20987","targetHints":{"allow":["GET"]}}],"collection":[{"href":"https:\/\/www.multicasa.com.br\/inicio\/wp-json\/wp\/v2\/product"}],"about":[{"href":"https:\/\/www.multicasa.com.br\/inicio\/wp-json\/wp\/v2\/types\/product"}],"wp:featuredmedia":[{"embeddable":true,"href":"https:\/\/www.multicasa.com.br\/inicio\/wp-json\/wp\/v2\/media\/25981"}],"wp:attachment":[{"href":"https:\/\/www.multicasa.com.br\/inicio\/wp-json\/wp\/v2\/media?parent=20987"}],"wp:term":[{"taxonomy":"product_brand","embeddable":true,"href":"https:\/\/www.multicasa.com.br\/inicio\/wp-json\/wp\/v2\/product_brand?post=20987"},{"taxonomy":"product_cat","embeddable":true,"href":"https:\/\/www.multicasa.com.br\/inicio\/wp-json\/wp\/v2\/product_cat?post=20987"},{"taxonomy":"product_tag","embeddable":true,"href":"https:\/\/www.multicasa.com.br\/inicio\/wp-json\/wp\/v2\/product_tag?post=20987"}],"curies":[{"name":"wp","href":"https:\/\/api.w.org\/{rel}","templated":true}]}}