{"id":20988,"date":"2025-06-20T20:12:17","date_gmt":"2025-06-21T00:12:17","guid":{"rendered":"https:\/\/www.multicasa.com.br\/inicio\/?post_type=product&#038;p=20988"},"modified":"2025-08-17T19:05:55","modified_gmt":"2025-08-17T23:05:55","slug":"sensor-de-presenca-wi-fi-agl","status":"publish","type":"product","link":"https:\/\/www.multicasa.com.br\/inicio\/produto\/sensor-de-presenca-wi-fi-agl\/","title":{"rendered":"Sensor de Presen\u00e7a Wi-Fi AGL"},"content":{"rendered":"<p>O Sensor de presen\u00e7a AGL funciona simplesmente conectado ao seu WiFi, n\u00e3o \u00e9 necess\u00e1rio nenhuma central para funcionamento.<\/p>\n","protected":false},"excerpt":{"rendered":"<h4 style=\"margin: 0px;padding: 0px 0px 16px;font-family: Lato, sans-serif;font-weight: bold;line-height: 3rem;color: var(--dark-grey3);font-size: 22px;font-style: normal;letter-spacing: normal;text-align: start;text-indent: 0px;text-transform: none\">Informa\u00e7\u00f5es t\u00e9cnicas<\/h4>\n<p><span style=\"margin: 0px;padding: 0px;font-weight: 450;font-size: 14px;line-height: 21px;color: var(--dark-grey2);font-family: Lato, sans-serif;font-style: normal;letter-spacing: normal;text-align: start;text-indent: 0px;text-transform: none\">&#8211; Instala\u00e7\u00e3o totalmente sem fios, r\u00e1pida e f\u00e1cil;<br \/>\n&#8211; Voc\u00ea pode verificar o n\u00edvel de bateria pelo aplicativo;<br \/>\n&#8211; Hist\u00f3rico de detec\u00e7\u00e3o de presen\u00e7a;<br \/>\n&#8211; Bateria interna recarreg\u00e1vel com dura\u00e7\u00e3o de at\u00e9 6 meses (dura\u00e7\u00e3o da bateria pode variar de acordo com quantidade de detec\u00e7\u00f5es di\u00e1rias);<br \/>\n&#8211; Pode funcionar ligado diretamente na energia; ( sugerido para onde h\u00e1 alto fluxo);<br \/>\n&#8211; Carregador micro-USB n\u00e3o incluso no produto;<br \/>\n&#8211; Poss\u00edvel fazer automa\u00e7\u00e3o com outros produtos da linha no aplicativo AGL Home, como por exemplo acionar uma sirene, ligar luzes ou enviar comando para outro dispositivo;<br \/>\n&#8211; Notifica\u00e7\u00f5es push instant\u00e2neas no seu smartphone;<br \/>\n&#8211; O sensor pode ser fixado com buchas e parafusos, fita dupla face ou ent\u00e3o pode simplesmente ser colocado em cima de uma estante ou m\u00f3vel.<\/span><\/p>\n","protected":false},"featured_media":25963,"template":"","meta":{"_joinchat":[]},"product_brand":[],"product_cat":[161],"product_tag":[],"class_list":{"0":"post-20988","1":"product","2":"type-product","3":"status-publish","4":"has-post-thumbnail","6":"product_cat-seguranca","8":"first","9":"outofstock","10":"shipping-taxable","11":"purchasable","12":"product-type-simple"},"_links":{"self":[{"href":"https:\/\/www.multicasa.com.br\/inicio\/wp-json\/wp\/v2\/product\/20988","targetHints":{"allow":["GET"]}}],"collection":[{"href":"https:\/\/www.multicasa.com.br\/inicio\/wp-json\/wp\/v2\/product"}],"about":[{"href":"https:\/\/www.multicasa.com.br\/inicio\/wp-json\/wp\/v2\/types\/product"}],"wp:featuredmedia":[{"embeddable":true,"href":"https:\/\/www.multicasa.com.br\/inicio\/wp-json\/wp\/v2\/media\/25963"}],"wp:attachment":[{"href":"https:\/\/www.multicasa.com.br\/inicio\/wp-json\/wp\/v2\/media?parent=20988"}],"wp:term":[{"taxonomy":"product_brand","embeddable":true,"href":"https:\/\/www.multicasa.com.br\/inicio\/wp-json\/wp\/v2\/product_brand?post=20988"},{"taxonomy":"product_cat","embeddable":true,"href":"https:\/\/www.multicasa.com.br\/inicio\/wp-json\/wp\/v2\/product_cat?post=20988"},{"taxonomy":"product_tag","embeddable":true,"href":"https:\/\/www.multicasa.com.br\/inicio\/wp-json\/wp\/v2\/product_tag?post=20988"}],"curies":[{"name":"wp","href":"https:\/\/api.w.org\/{rel}","templated":true}]}}