{"id":21010,"date":"2025-06-20T20:12:40","date_gmt":"2025-06-21T00:12:40","guid":{"rendered":"https:\/\/www.multicasa.com.br\/inicio\/?post_type=product&#038;p=21010"},"modified":"2025-12-16T18:53:00","modified_gmt":"2025-12-16T22:53:00","slug":"meleira-de-vidro-com-dosador-euro-home-270ml","status":"publish","type":"product","link":"https:\/\/www.multicasa.com.br\/inicio\/produto\/meleira-de-vidro-com-dosador-euro-home-270ml\/","title":{"rendered":"Meleira de Vidro com Dosador Euro Home 270ml"},"content":{"rendered":"<p>A Meleira de Vidro com Dosador Euro Home 270ml \u00e9 perfeita para armazenar e servir mel e gel\u00e9ias. Seu sistema de fechamento protege o conte\u00fado contra insetos e fica linda em qualquer decora\u00e7\u00e3o.<\/p>\n","protected":false},"excerpt":{"rendered":"<h4 style=\"margin: 0px;padding: 0px 0px 16px;font-family: Lato, sans-serif;font-weight: bold;line-height: 3rem;color: var(--dark-grey3);font-size: 22px;font-style: normal;letter-spacing: normal;text-align: start;text-indent: 0px;text-transform: none\">Informa\u00e7\u00f5es t\u00e9cnicas<\/h4>\n<p><span style=\"margin: 0px;padding: 0px;font-weight: 450;font-size: 14px;line-height: 21px;color: var(--dark-grey2);font-family: Lato, sans-serif;font-style: normal;letter-spacing: normal;text-align: start;text-indent: 0px;text-transform: none\">Produto: Meleira<br \/>\nMarca: Euro Home<br \/>\nMaterial: Vidro e tampa em a\u00e7o inox<br \/>\nCor: Incolor e Prata<br \/>\nCapacidade: 270ml<br \/>\nCaracter\u00edstica: Com dosador<br \/>\nItens Inclusos: 1 meleira<br \/>\nDimens\u00f5es do produto (A x L X P): 10 x 8 x 12cm                                                                                                        Peso: 245g<\/span><\/p>\n","protected":false},"featured_media":21053,"template":"","meta":{"_joinchat":[]},"product_brand":[],"product_cat":[93],"product_tag":[],"class_list":{"0":"post-21010","1":"product","2":"type-product","3":"status-publish","4":"has-post-thumbnail","6":"product_cat-utensilios-para-cozinha","8":"first","9":"outofstock","10":"shipping-taxable","11":"purchasable","12":"product-type-simple"},"_links":{"self":[{"href":"https:\/\/www.multicasa.com.br\/inicio\/wp-json\/wp\/v2\/product\/21010","targetHints":{"allow":["GET"]}}],"collection":[{"href":"https:\/\/www.multicasa.com.br\/inicio\/wp-json\/wp\/v2\/product"}],"about":[{"href":"https:\/\/www.multicasa.com.br\/inicio\/wp-json\/wp\/v2\/types\/product"}],"wp:featuredmedia":[{"embeddable":true,"href":"https:\/\/www.multicasa.com.br\/inicio\/wp-json\/wp\/v2\/media\/21053"}],"wp:attachment":[{"href":"https:\/\/www.multicasa.com.br\/inicio\/wp-json\/wp\/v2\/media?parent=21010"}],"wp:term":[{"taxonomy":"product_brand","embeddable":true,"href":"https:\/\/www.multicasa.com.br\/inicio\/wp-json\/wp\/v2\/product_brand?post=21010"},{"taxonomy":"product_cat","embeddable":true,"href":"https:\/\/www.multicasa.com.br\/inicio\/wp-json\/wp\/v2\/product_cat?post=21010"},{"taxonomy":"product_tag","embeddable":true,"href":"https:\/\/www.multicasa.com.br\/inicio\/wp-json\/wp\/v2\/product_tag?post=21010"}],"curies":[{"name":"wp","href":"https:\/\/api.w.org\/{rel}","templated":true}]}}