{"id":21033,"date":"2025-06-20T20:13:04","date_gmt":"2025-06-21T00:13:04","guid":{"rendered":"https:\/\/www.multicasa.com.br\/inicio\/?post_type=product&#038;p=21033"},"modified":"2026-04-09T12:50:16","modified_gmt":"2026-04-09T16:50:16","slug":"suporte-para-filtro-de-cafe-em-plastico-marrom-injetemp-103","status":"publish","type":"product","link":"https:\/\/www.multicasa.com.br\/inicio\/produto\/suporte-para-filtro-de-cafe-em-plastico-marrom-injetemp-103\/","title":{"rendered":"Suporte para Filtro de Caf\u00e9 em Pl\u00e1stico Marrom Injetemp 103"},"content":{"rendered":"<p>Use o Suporte para Filtro de Caf\u00e9 em Pl\u00e1stico da Injetemp para passar seu caf\u00e9. Dispon\u00edvel na cor marrom, \u00e9 ideal para ser usado com filtro de papel descart\u00e1vel, ou de prefer\u00eancia com o filtro longa vida 103 da Injetemp.<\/p>\n","protected":false},"excerpt":{"rendered":"<h4 style=\"margin: 0px;padding: 0px 0px 16px;font-family: Lato, sans-serif;font-weight: bold;line-height: 3rem;color: var(--dark-grey3);font-size: 22px;font-style: normal;letter-spacing: normal;text-align: start;text-indent: 0px;text-transform: none\">Informa\u00e7\u00f5es t\u00e9cnicas<\/h4>\n<p><span style=\"margin: 0px;padding: 0px;font-weight: 450;font-size: 14px;line-height: 21px;color: var(--dark-grey2);font-family: Lato, sans-serif;font-style: normal;letter-spacing: normal;text-align: start;text-indent: 0px;text-transform: none\">Produto: Suporte para Filtro de Caf\u00e9<br \/>\nMarca: Injetemp<br \/>\nMaterial: Pl\u00e1stico<br \/>\nCor: Marrom<br \/>\nCaracter\u00edsticas: Para ser usado com filtro de papel tamanho 103<br \/>\nItens inclusos: 1 Suporte para filtro de caf\u00e9<br \/>\nDimens\u00f5es do produto (A x L x P): 12 x 13 x 13cm                                                                                                      Peso: 0,04kg<\/span><\/p>\n","protected":false},"featured_media":21063,"template":"","meta":{"_joinchat":[]},"product_brand":[],"product_cat":[93],"product_tag":[],"class_list":{"0":"post-21033","1":"product","2":"type-product","3":"status-publish","4":"has-post-thumbnail","6":"product_cat-utensilios-para-cozinha","8":"first","9":"instock","10":"shipping-taxable","11":"purchasable","12":"product-type-simple"},"_links":{"self":[{"href":"https:\/\/www.multicasa.com.br\/inicio\/wp-json\/wp\/v2\/product\/21033","targetHints":{"allow":["GET"]}}],"collection":[{"href":"https:\/\/www.multicasa.com.br\/inicio\/wp-json\/wp\/v2\/product"}],"about":[{"href":"https:\/\/www.multicasa.com.br\/inicio\/wp-json\/wp\/v2\/types\/product"}],"wp:featuredmedia":[{"embeddable":true,"href":"https:\/\/www.multicasa.com.br\/inicio\/wp-json\/wp\/v2\/media\/21063"}],"wp:attachment":[{"href":"https:\/\/www.multicasa.com.br\/inicio\/wp-json\/wp\/v2\/media?parent=21033"}],"wp:term":[{"taxonomy":"product_brand","embeddable":true,"href":"https:\/\/www.multicasa.com.br\/inicio\/wp-json\/wp\/v2\/product_brand?post=21033"},{"taxonomy":"product_cat","embeddable":true,"href":"https:\/\/www.multicasa.com.br\/inicio\/wp-json\/wp\/v2\/product_cat?post=21033"},{"taxonomy":"product_tag","embeddable":true,"href":"https:\/\/www.multicasa.com.br\/inicio\/wp-json\/wp\/v2\/product_tag?post=21033"}],"curies":[{"name":"wp","href":"https:\/\/api.w.org\/{rel}","templated":true}]}}