{"id":21035,"date":"2025-06-20T20:13:04","date_gmt":"2025-06-21T00:13:04","guid":{"rendered":"https:\/\/www.multicasa.com.br\/inicio\/?post_type=product&#038;p=21035"},"modified":"2026-04-14T11:00:28","modified_gmt":"2026-04-14T15:00:28","slug":"autotransformador-2000va-2pt-fiolux","status":"publish","type":"product","link":"https:\/\/www.multicasa.com.br\/inicio\/produto\/autotransformador-2000va-2pt-fiolux\/","title":{"rendered":"Autotransformador 2000Va 2P+T Fiolux"},"content":{"rendered":"<p>Uma situa\u00e7\u00e3o muito comum nos dias de hoje \u00e9 um equipamento el\u00e9trico ter uma voltagem diferente da que \u00e9 fornecida pela distribuidora de energia.<br \/>\nVeja um exemplo simples: Uma geladeira, que possui voltagem 110 Volts, mas o local onde ser\u00e1 utilizada conta apenas com tomadas de 220 Volts. Para que seja poss\u00edvel utiliz\u00e1-la, basta ligar a geladeira ao Auto Transformador e ela funcionar\u00e1 normalmente. O AUTO TRANSFORMADOR FIOLUX \u00e9 BIVOLT, ou seja, efetua troca de tens\u00e3o tanto de 110V para 220V quanto de 220V para 110V. Caso a temperatura ultrapasse o limite de seguran\u00e7a, o transformador se auto desligar\u00e1, retornando ao funcionamento em alguns minutos. (Caso isso ocorra, diminua a carga aplicada ou substitua o auto transformador por um de maior pot\u00eancia).<\/p>\n","protected":false},"excerpt":{"rendered":"<h4 style=\"margin: 0px;padding: 0px 0px 16px;font-family: Lato, sans-serif;font-weight: bold;line-height: 3rem;color: var(--dark-grey3);font-size: 22px;font-style: normal;letter-spacing: normal;text-align: start;text-indent: 0px;text-transform: none\">Informa\u00e7\u00f5es t\u00e9cnicas<\/h4>\n<p><span style=\"margin: 0px;padding: 0px;font-weight: 450;font-size: 14px;line-height: 21px;color: var(--dark-grey2);font-family: Lato, sans-serif;font-style: normal;letter-spacing: normal;text-align: start;text-indent: 0px;text-transform: none\">Produto: AUTOTRANSFORMADOR 2000VA 2P+T FIOLU<br \/>\nMarca:  FIOLUX<br \/>\nCor: preto<\/p>\n<p>&#8211; Leve e Potente;<br \/>\n&#8211; Al\u00e7a para transporte;<br \/>\n&#8211; Tecnologia Superior;<br \/>\n&#8211; Livre de Chumbo;<br \/>\n&#8211; Desarme Autom\u00e1tico em Sobrecarga;<br \/>\n&#8211; 2 anos de garantia;<br \/>\n&#8211; Produto protegido contra excesso de temperatura;<br \/>\n&#8211; Voltagem: BIVOLT;<br \/>\n&#8211; Pot\u00eancia 2000 VA;<br \/>\n&#8211; Frequ\u00eancia (Hz) 5060;<br \/>\n&#8211; Comprimento do cabo 1 Metro;<br \/>\n&#8211; Conte\u00fado da embalagem 1 Auto Transformador, 1 Cabo de For\u00e7a, 1 Adaptador H, 1 Manual de Instru\u00e7\u00f5es;<br \/>\n&#8211; Garantia do Fornecedor 2 Anos;<br \/>\n&#8211; Dimens\u00f5es Produto &#8211; cm (AxLxP) 11 x 8,5 x 17<br \/>\n&#8211; Peso: 3,640 KG<br \/>\n<\/span><\/p>\n","protected":false},"featured_media":24645,"template":"","meta":{"_joinchat":[]},"product_brand":[],"product_cat":[119],"product_tag":[],"class_list":{"0":"post-21035","1":"product","2":"type-product","3":"status-publish","4":"has-post-thumbnail","6":"product_cat-materiais-eletricos","8":"first","9":"instock","10":"shipping-taxable","11":"purchasable","12":"product-type-simple"},"_links":{"self":[{"href":"https:\/\/www.multicasa.com.br\/inicio\/wp-json\/wp\/v2\/product\/21035","targetHints":{"allow":["GET"]}}],"collection":[{"href":"https:\/\/www.multicasa.com.br\/inicio\/wp-json\/wp\/v2\/product"}],"about":[{"href":"https:\/\/www.multicasa.com.br\/inicio\/wp-json\/wp\/v2\/types\/product"}],"wp:featuredmedia":[{"embeddable":true,"href":"https:\/\/www.multicasa.com.br\/inicio\/wp-json\/wp\/v2\/media\/24645"}],"wp:attachment":[{"href":"https:\/\/www.multicasa.com.br\/inicio\/wp-json\/wp\/v2\/media?parent=21035"}],"wp:term":[{"taxonomy":"product_brand","embeddable":true,"href":"https:\/\/www.multicasa.com.br\/inicio\/wp-json\/wp\/v2\/product_brand?post=21035"},{"taxonomy":"product_cat","embeddable":true,"href":"https:\/\/www.multicasa.com.br\/inicio\/wp-json\/wp\/v2\/product_cat?post=21035"},{"taxonomy":"product_tag","embeddable":true,"href":"https:\/\/www.multicasa.com.br\/inicio\/wp-json\/wp\/v2\/product_tag?post=21035"}],"curies":[{"name":"wp","href":"https:\/\/api.w.org\/{rel}","templated":true}]}}