{"id":21038,"date":"2025-06-20T20:13:04","date_gmt":"2025-06-21T00:13:04","guid":{"rendered":"https:\/\/www.multicasa.com.br\/inicio\/?post_type=product&#038;p=21038"},"modified":"2025-06-20T20:13:39","modified_gmt":"2025-06-21T00:13:39","slug":"escova-de-limpeza-para-mamadeira-e-garrafa-scotch-brite","status":"publish","type":"product","link":"https:\/\/www.multicasa.com.br\/inicio\/produto\/escova-de-limpeza-para-mamadeira-e-garrafa-scotch-brite\/","title":{"rendered":"Escova de Limpeza para Mamadeira e Garrafa Scotch Brite"},"content":{"rendered":"<p>Use a Escova de Limpeza para Mamadeira e Garrafa da Scotch Brite para remover res\u00edduos de leite e outros l\u00edquidos que grudam nas bordas e cantos arredondados. Limpa com mais facilidade, lava f\u00e1cil os cantos dif\u00edcies sem riscar. Pode ser utilizada em bicos, copos e outros acess\u00f3rios da alimenta\u00e7\u00e3o do seu beb\u00ea e tamb\u00e9m em garrafas.<\/p>\n","protected":false},"excerpt":{"rendered":"<h4 style=\"margin: 0px;padding: 0px 0px 16px;font-family: Lato, sans-serif;font-weight: bold;line-height: 3rem;color: var(--dark-grey3);font-size: 22px;font-style: normal;letter-spacing: normal;text-align: start;text-indent: 0px;text-transform: none\">Informa\u00e7\u00f5es t\u00e9cnicas<\/h4>\n<p><span style=\"margin: 0px;padding: 0px;font-weight: 450;font-size: 14px;line-height: 21px;color: var(--dark-grey2);font-family: Lato, sans-serif;font-style: normal;letter-spacing: normal;text-align: start;text-indent: 0px;text-transform: none\">Produto: Escova de Limpeza para Mamadeira e Garrafa<br \/>\nMarca: Scotch Brite<br \/>\nItens Inclusos: 1 Escova de limpeza para mamadeira e garrafa<br \/>\nDimens\u00f5es do produto (A X L X P): 300 x 45 x 33mm<br \/>\nPeso: 44g<\/span><\/p>\n","protected":false},"featured_media":21084,"template":"","meta":{"_joinchat":[]},"product_brand":[],"product_cat":[93],"product_tag":[],"class_list":{"0":"post-21038","1":"product","2":"type-product","3":"status-publish","4":"has-post-thumbnail","6":"product_cat-utensilios-para-cozinha","8":"first","9":"outofstock","10":"shipping-taxable","11":"product-type-simple"},"_links":{"self":[{"href":"https:\/\/www.multicasa.com.br\/inicio\/wp-json\/wp\/v2\/product\/21038","targetHints":{"allow":["GET"]}}],"collection":[{"href":"https:\/\/www.multicasa.com.br\/inicio\/wp-json\/wp\/v2\/product"}],"about":[{"href":"https:\/\/www.multicasa.com.br\/inicio\/wp-json\/wp\/v2\/types\/product"}],"wp:featuredmedia":[{"embeddable":true,"href":"https:\/\/www.multicasa.com.br\/inicio\/wp-json\/wp\/v2\/media\/21084"}],"wp:attachment":[{"href":"https:\/\/www.multicasa.com.br\/inicio\/wp-json\/wp\/v2\/media?parent=21038"}],"wp:term":[{"taxonomy":"product_brand","embeddable":true,"href":"https:\/\/www.multicasa.com.br\/inicio\/wp-json\/wp\/v2\/product_brand?post=21038"},{"taxonomy":"product_cat","embeddable":true,"href":"https:\/\/www.multicasa.com.br\/inicio\/wp-json\/wp\/v2\/product_cat?post=21038"},{"taxonomy":"product_tag","embeddable":true,"href":"https:\/\/www.multicasa.com.br\/inicio\/wp-json\/wp\/v2\/product_tag?post=21038"}],"curies":[{"name":"wp","href":"https:\/\/api.w.org\/{rel}","templated":true}]}}