{"id":21039,"date":"2025-06-20T20:13:04","date_gmt":"2025-06-21T00:13:04","guid":{"rendered":"https:\/\/www.multicasa.com.br\/inicio\/?post_type=product&#038;p=21039"},"modified":"2025-12-16T18:54:19","modified_gmt":"2025-12-16T22:54:19","slug":"ebulidor-eletrico-cotherm-2000w-127v","status":"publish","type":"product","link":"https:\/\/www.multicasa.com.br\/inicio\/produto\/ebulidor-eletrico-cotherm-2000w-127v\/","title":{"rendered":"Ebulidor El\u00e9trico Cotherm 2000W &#8211; 127V"},"content":{"rendered":"<p>O Ebulidor El\u00e9trico Cotherm 2000W &#8211; 127V \u00e9 ideal para cozinhar ovos, batatas, legumes e at\u00e9 esquentar \u00f3leo. O mergulh\u00e3o el\u00e9trico \u00e9 essencial para sua cozinha. Tenha praticidade para aquecer \u00e1gua, leite, ch\u00e1 e caf\u00e9. Econ\u00f4mico, pr\u00e1tico, r\u00e1pido e f\u00e1cil de limpar.<br \/>\nAten\u00e7\u00e3o: n\u00e3o ligar o ebulidor fora d\u00e1gua e deslig\u00e1-lo antes de retirar da \u00e1gua. O n\u00edvel de \u00e1gua dever\u00e1 estar dentro dos limites m\u00e1ximo e m\u00ednimo conforme marcado no ebulidor.<\/p>\n","protected":false},"excerpt":{"rendered":"<h4 style=\"margin: 0px;padding: 0px 0px 16px;font-family: Lato, sans-serif;font-weight: bold;line-height: 3rem;color: var(--dark-grey3);font-size: 22px;font-style: normal;letter-spacing: normal;text-align: start;text-indent: 0px;text-transform: none\">Informa\u00e7\u00f5es t\u00e9cnicas<\/h4>\n<p><span style=\"margin: 0px;padding: 0px;font-weight: 450;font-size: 14px;line-height: 21px;color: var(--dark-grey2);font-family: Lato, sans-serif;font-style: normal;letter-spacing: normal;text-align: start;text-indent: 0px;text-transform: none\">Produto: Ebulidor<br \/>\nTipo: El\u00e9trico<br \/>\nMarca: Cotherm<br \/>\nUso indicado: Aquecer \u00e1gua, leite, ch\u00e1 e caf\u00e9<br \/>\nPot\u00eancia: 2000W<br \/>\nTens\u00e3o el\u00e9trica: 127V<br \/>\nItens Inclusos: 1 ebulidor el\u00e9trico<br \/>\nDicas de uso e preserva\u00e7\u00e3o: N\u00e3o ligar ou desligar fora da \u00e1gua, n\u00edvel de \u00e1gua dever\u00e1 estar dentro dos limites m\u00e1ximo e m\u00ednimo conforme marcado no ebulidor.<br \/>\nDimens\u00f5es do produto (A x L x P): 28 x 9cm<br \/>\nPeso: 0,2kg<br \/>\nOCP: 0098<\/span><\/p>\n","protected":false},"featured_media":25090,"template":"","meta":{"_joinchat":[]},"product_brand":[],"product_cat":[93],"product_tag":[],"class_list":{"0":"post-21039","1":"product","2":"type-product","3":"status-publish","4":"has-post-thumbnail","6":"product_cat-utensilios-para-cozinha","8":"first","9":"outofstock","10":"shipping-taxable","11":"purchasable","12":"product-type-simple"},"_links":{"self":[{"href":"https:\/\/www.multicasa.com.br\/inicio\/wp-json\/wp\/v2\/product\/21039","targetHints":{"allow":["GET"]}}],"collection":[{"href":"https:\/\/www.multicasa.com.br\/inicio\/wp-json\/wp\/v2\/product"}],"about":[{"href":"https:\/\/www.multicasa.com.br\/inicio\/wp-json\/wp\/v2\/types\/product"}],"wp:featuredmedia":[{"embeddable":true,"href":"https:\/\/www.multicasa.com.br\/inicio\/wp-json\/wp\/v2\/media\/25090"}],"wp:attachment":[{"href":"https:\/\/www.multicasa.com.br\/inicio\/wp-json\/wp\/v2\/media?parent=21039"}],"wp:term":[{"taxonomy":"product_brand","embeddable":true,"href":"https:\/\/www.multicasa.com.br\/inicio\/wp-json\/wp\/v2\/product_brand?post=21039"},{"taxonomy":"product_cat","embeddable":true,"href":"https:\/\/www.multicasa.com.br\/inicio\/wp-json\/wp\/v2\/product_cat?post=21039"},{"taxonomy":"product_tag","embeddable":true,"href":"https:\/\/www.multicasa.com.br\/inicio\/wp-json\/wp\/v2\/product_tag?post=21039"}],"curies":[{"name":"wp","href":"https:\/\/api.w.org\/{rel}","templated":true}]}}