{"id":21068,"date":"2025-06-20T20:13:28","date_gmt":"2025-06-21T00:13:28","guid":{"rendered":"https:\/\/www.multicasa.com.br\/inicio\/?post_type=product&#038;p=21068"},"modified":"2025-12-16T18:55:24","modified_gmt":"2025-12-16T22:55:24","slug":"colher-de-silicone-preta-unyhome","status":"publish","type":"product","link":"https:\/\/www.multicasa.com.br\/inicio\/produto\/colher-de-silicone-preta-unyhome\/","title":{"rendered":"Colher de Silicone Preta Unyhome"},"content":{"rendered":"<p>A Colher de Silicone Unyhome \u00e9 excelente para compor os utens\u00edlios da sua cozinha. Feita em silicone de alta qualidade, na cor preta, \u00e9 resistente \u00e0 temperatura de at\u00e9 220 graus, n\u00e3o absorve odores e pode ser usada em lava-lou\u00e7as.<\/p>\n","protected":false},"excerpt":{"rendered":"<h4 style=\"margin: 0px;padding: 0px 0px 16px;font-family: Lato, sans-serif;font-weight: bold;line-height: 3rem;color: var(--dark-grey3);font-size: 22px;font-style: normal;letter-spacing: normal;text-align: start;text-indent: 0px;text-transform: none\">Informa\u00e7\u00f5es t\u00e9cnicas<\/h4>\n<p><span style=\"margin: 0px;padding: 0px;font-weight: 450;font-size: 14px;line-height: 21px;color: var(--dark-grey2);font-family: Lato, sans-serif;font-style: normal;letter-spacing: normal;text-align: start;text-indent: 0px;text-transform: none\">Produto: Colher<br \/>\nMarca: Unyhome<br \/>\nMaterial: Silicone<br \/>\nCor: Preta<br \/>\nUso Indicado: Para produtos com antiaderente<br \/>\nCaracter\u00edsticas: Resistente \u00e0 temperatura de at\u00e9 220 graus; Pode ser usada em lava-lou\u00e7as; N\u00e3o absorve odores<br \/>\nItens Inclusos: 1 colher<br \/>\nDimens\u00f5es do Produto (A x L): 27 x 6cm<br \/>\nPeso: 0,083kg<\/span><\/p>\n","protected":false},"featured_media":21117,"template":"","meta":{"_joinchat":[]},"product_brand":[],"product_cat":[93],"product_tag":[],"class_list":{"0":"post-21068","1":"product","2":"type-product","3":"status-publish","4":"has-post-thumbnail","6":"product_cat-utensilios-para-cozinha","8":"first","9":"outofstock","10":"shipping-taxable","11":"product-type-simple"},"_links":{"self":[{"href":"https:\/\/www.multicasa.com.br\/inicio\/wp-json\/wp\/v2\/product\/21068","targetHints":{"allow":["GET"]}}],"collection":[{"href":"https:\/\/www.multicasa.com.br\/inicio\/wp-json\/wp\/v2\/product"}],"about":[{"href":"https:\/\/www.multicasa.com.br\/inicio\/wp-json\/wp\/v2\/types\/product"}],"wp:featuredmedia":[{"embeddable":true,"href":"https:\/\/www.multicasa.com.br\/inicio\/wp-json\/wp\/v2\/media\/21117"}],"wp:attachment":[{"href":"https:\/\/www.multicasa.com.br\/inicio\/wp-json\/wp\/v2\/media?parent=21068"}],"wp:term":[{"taxonomy":"product_brand","embeddable":true,"href":"https:\/\/www.multicasa.com.br\/inicio\/wp-json\/wp\/v2\/product_brand?post=21068"},{"taxonomy":"product_cat","embeddable":true,"href":"https:\/\/www.multicasa.com.br\/inicio\/wp-json\/wp\/v2\/product_cat?post=21068"},{"taxonomy":"product_tag","embeddable":true,"href":"https:\/\/www.multicasa.com.br\/inicio\/wp-json\/wp\/v2\/product_tag?post=21068"}],"curies":[{"name":"wp","href":"https:\/\/api.w.org\/{rel}","templated":true}]}}