{"id":21074,"date":"2025-06-20T20:13:29","date_gmt":"2025-06-21T00:13:29","guid":{"rendered":"https:\/\/www.multicasa.com.br\/inicio\/?post_type=product&#038;p=21074"},"modified":"2025-11-19T14:14:23","modified_gmt":"2025-11-19T18:14:23","slug":"forma-de-bolo-piscina-em-silicone-vermelha-unyhome","status":"publish","type":"product","link":"https:\/\/www.multicasa.com.br\/inicio\/produto\/forma-de-bolo-piscina-em-silicone-vermelha-unyhome\/","title":{"rendered":"Forma de Bolo Piscina em Silicone Vermelha Unyhome"},"content":{"rendered":"<p>A Forma de Bolo Piscina em Silicone Unyhome \u00e9 excelente para assar bolos com o seu belo desenho. Feita em silicone de alta qualidade, na cor vermelha e pode ser usada desde 45 graus negativos at\u00e9 220 graus. Pode ser levada em lava-lou\u00e7as, congelador, forno e microondas.<\/p>\n","protected":false},"excerpt":{"rendered":"<h4 style=\"margin: 0px;padding: 0px 0px 16px;font-family: Lato, sans-serif;font-weight: bold;line-height: 3rem;color: var(--dark-grey3);font-size: 22px;font-style: normal;letter-spacing: normal;text-align: start;text-indent: 0px;text-transform: none\">Informa\u00e7\u00f5es t\u00e9cnicas<\/h4>\n<p><span style=\"margin: 0px;padding: 0px;font-weight: 450;font-size: 14px;line-height: 21px;color: var(--dark-grey2);font-family: Lato, sans-serif;font-style: normal;letter-spacing: normal;text-align: start;text-indent: 0px;text-transform: none\">Produto: Forma de Bolo<br \/>\nModelo: Piscina<br \/>\nMarca: Unyhome<br \/>\nMaterial: Silicone<br \/>\nCor: Vermelha<br \/>\nRecomenda\u00e7\u00f5es: Untar somente na primeira utiliza\u00e7\u00e3o e Lavar bem com \u00e1gua morna antes do primeiro uso<br \/>\nCaracter\u00edsticas: Resistente \u00e0 temperatura desde 45 graus negativos at\u00e9 220 graus; Pode ser usada em lava-lou\u00e7as, congelador, forno ou microondas; N\u00e3o perde as caracter\u00edsticas ao ser enrolada ou dobrada<br \/>\nItens Inclusos: 1 forma de bolo piscina<br \/>\nDimens\u00f5es do Produto (A x L x P): 21,5 x 21,5 x 6cm<br \/>\nPeso: 0,137kg<\/span><\/p>\n","protected":false},"featured_media":21135,"template":"","meta":{"_joinchat":[]},"product_brand":[],"product_cat":[93],"product_tag":[],"class_list":{"0":"post-21074","1":"product","2":"type-product","3":"status-publish","4":"has-post-thumbnail","6":"product_cat-utensilios-para-cozinha","8":"first","9":"outofstock","10":"shipping-taxable","11":"purchasable","12":"product-type-simple"},"_links":{"self":[{"href":"https:\/\/www.multicasa.com.br\/inicio\/wp-json\/wp\/v2\/product\/21074","targetHints":{"allow":["GET"]}}],"collection":[{"href":"https:\/\/www.multicasa.com.br\/inicio\/wp-json\/wp\/v2\/product"}],"about":[{"href":"https:\/\/www.multicasa.com.br\/inicio\/wp-json\/wp\/v2\/types\/product"}],"wp:featuredmedia":[{"embeddable":true,"href":"https:\/\/www.multicasa.com.br\/inicio\/wp-json\/wp\/v2\/media\/21135"}],"wp:attachment":[{"href":"https:\/\/www.multicasa.com.br\/inicio\/wp-json\/wp\/v2\/media?parent=21074"}],"wp:term":[{"taxonomy":"product_brand","embeddable":true,"href":"https:\/\/www.multicasa.com.br\/inicio\/wp-json\/wp\/v2\/product_brand?post=21074"},{"taxonomy":"product_cat","embeddable":true,"href":"https:\/\/www.multicasa.com.br\/inicio\/wp-json\/wp\/v2\/product_cat?post=21074"},{"taxonomy":"product_tag","embeddable":true,"href":"https:\/\/www.multicasa.com.br\/inicio\/wp-json\/wp\/v2\/product_tag?post=21074"}],"curies":[{"name":"wp","href":"https:\/\/api.w.org\/{rel}","templated":true}]}}