{"id":21077,"date":"2025-06-20T20:13:29","date_gmt":"2025-06-21T00:13:29","guid":{"rendered":"https:\/\/www.multicasa.com.br\/inicio\/?post_type=product&#038;p=21077"},"modified":"2026-03-13T06:41:20","modified_gmt":"2026-03-13T10:41:20","slug":"mini-balanca-digital-de-alta-precisao-500g-kokay","status":"publish","type":"product","link":"https:\/\/www.multicasa.com.br\/inicio\/produto\/mini-balanca-digital-de-alta-precisao-500g-kokay\/","title":{"rendered":"Mini Balan\u00e7a Digital de Alta Precis\u00e3o 500g Kokay"},"content":{"rendered":"<p>Ideal para pesar pequenos objetos, a Mini Balan\u00e7a Digital de Alta Precis\u00e3o faz pesagens de 1g at\u00e9 500g. \u00c9 perfeita para pesar joias, bijuterias, componentes eletr\u00f4nicos e outros. Seu design compacto foi desenvolvido para facilitar o dia a dia e caber no seu bolso. Port\u00e1til, funciona \u00e0 base de 2 pilhas AA e tem 4 unidades de medidas. Dispon\u00edvel na cor cinza, a mini balan\u00e7a digital de alta precis\u00e3o \u00e9 sin\u00f4nimo de praticidade.<\/p>\n","protected":false},"excerpt":{"rendered":"<h4 style=\"margin: 0px;padding: 0px 0px 16px;font-family: Lato, sans-serif;font-weight: bold;line-height: 3rem;color: var(--dark-grey3);font-size: 22px;font-style: normal;letter-spacing: normal;text-align: start;text-indent: 0px;text-transform: none\">Informa\u00e7\u00f5es t\u00e9cnicas<\/h4>\n<p><span style=\"margin: 0px;padding: 0px;font-weight: 450;font-size: 14px;line-height: 21px;color: var(--dark-grey2);font-family: Lato, sans-serif;font-style: normal;letter-spacing: normal;text-align: start;text-indent: 0px;text-transform: none\">Produto: Mini Balan\u00e7a de Precis\u00e3o                                                                                                                                Tipo: Port\u00e1til<br \/>\nMarca: Kokay<br \/>\nCor: Cinza<br \/>\nAlimenta\u00e7\u00e3o: 2 pilhas AA<br \/>\nCaracter\u00edsticas: Pesagem m\u00e1xima de 500 x 1g; 4 unidades de medidas: grama (g), on\u00e7a (oz); quilate (ct) e gr\u00e3o (gn)<br \/>\nItens Inclusos: 1 Balan\u00e7a de precis\u00e3o<br \/>\nDimens\u00f5es do produto (A X L X P): 12,5 x 6,7 x 2,5cm<br \/>\nPeso: 0,130kg<\/span><\/p>\n","protected":false},"featured_media":21143,"template":"","meta":{"_joinchat":[]},"product_brand":[],"product_cat":[93],"product_tag":[],"class_list":{"0":"post-21077","1":"product","2":"type-product","3":"status-publish","4":"has-post-thumbnail","6":"product_cat-utensilios-para-cozinha","8":"first","9":"outofstock","10":"shipping-taxable","11":"purchasable","12":"product-type-simple"},"_links":{"self":[{"href":"https:\/\/www.multicasa.com.br\/inicio\/wp-json\/wp\/v2\/product\/21077","targetHints":{"allow":["GET"]}}],"collection":[{"href":"https:\/\/www.multicasa.com.br\/inicio\/wp-json\/wp\/v2\/product"}],"about":[{"href":"https:\/\/www.multicasa.com.br\/inicio\/wp-json\/wp\/v2\/types\/product"}],"wp:featuredmedia":[{"embeddable":true,"href":"https:\/\/www.multicasa.com.br\/inicio\/wp-json\/wp\/v2\/media\/21143"}],"wp:attachment":[{"href":"https:\/\/www.multicasa.com.br\/inicio\/wp-json\/wp\/v2\/media?parent=21077"}],"wp:term":[{"taxonomy":"product_brand","embeddable":true,"href":"https:\/\/www.multicasa.com.br\/inicio\/wp-json\/wp\/v2\/product_brand?post=21077"},{"taxonomy":"product_cat","embeddable":true,"href":"https:\/\/www.multicasa.com.br\/inicio\/wp-json\/wp\/v2\/product_cat?post=21077"},{"taxonomy":"product_tag","embeddable":true,"href":"https:\/\/www.multicasa.com.br\/inicio\/wp-json\/wp\/v2\/product_tag?post=21077"}],"curies":[{"name":"wp","href":"https:\/\/api.w.org\/{rel}","templated":true}]}}