{"id":21096,"date":"2025-06-20T20:13:52","date_gmt":"2025-06-21T00:13:52","guid":{"rendered":"https:\/\/www.multicasa.com.br\/inicio\/?post_type=product&#038;p=21096"},"modified":"2025-10-31T10:42:26","modified_gmt":"2025-10-31T14:42:26","slug":"etiqueta-adesiva-para-geladeira-20-unidades-praticita","status":"publish","type":"product","link":"https:\/\/www.multicasa.com.br\/inicio\/produto\/etiqueta-adesiva-para-geladeira-20-unidades-praticita\/","title":{"rendered":"Etiqueta Adesiva para Geladeira 20 Unidades Praticit\u00e0"},"content":{"rendered":"<p>Com as Etiquetas Adesivas para Organiza\u00e7\u00e3o de Geladeira da Praticit\u00e0 sua geladeira vai ficar ainda mais organizada! Este kit cont\u00e9m 20 etiquetas m\u00e9dia (com 74x42mm cada etiqueta). Feitas em material vin\u00edlico de alta qualidade, aderem a: vidros, madeiras, pl\u00e1sticos, acr\u00edlicos e muito mais. Seu material \u00e9 resistente a \u00e1gua, e caso precise remover a etiqueta, n\u00e3o deixa aquele resqu\u00edcio de papel, pois n\u00e3o tem papel na composi\u00e7\u00e3o da parte adesiva.<\/p>\n","protected":false},"excerpt":{"rendered":"<h4 style=\"margin: 0px;padding: 0px 0px 16px;font-family: Lato, sans-serif;font-weight: bold;line-height: 3rem;color: var(--dark-grey3);font-size: 22px;font-style: normal;letter-spacing: normal;text-align: start;text-indent: 0px;text-transform: none\">Informa\u00e7\u00f5es t\u00e9cnicas<\/h4>\n<p><span style=\"margin: 0px;padding: 0px;font-weight: 450;font-size: 14px;line-height: 21px;color: var(--dark-grey2);font-family: Lato, sans-serif;font-style: normal;letter-spacing: normal;text-align: start;text-indent: 0px;text-transform: none\">Produto: Etiqueta Adesiva<br \/>\nMarca: Praticit\u00e0<br \/>\nMaterial: Vin\u00edlico<br \/>\nCaracter\u00edsticas: Etiquetas tamanho m\u00e9dio, resistente a \u00e1gua<br \/>\nItens Inclusos: 20 etiquetas<br \/>\nDimens\u00f5es do produto (A X L X P): 27 x 21 x 0,3cm<br \/>\nPeso: 10g<\/span><\/p>\n","protected":false},"featured_media":25158,"template":"","meta":{"_joinchat":[]},"product_brand":[],"product_cat":[93],"product_tag":[],"class_list":{"0":"post-21096","1":"product","2":"type-product","3":"status-publish","4":"has-post-thumbnail","6":"product_cat-utensilios-para-cozinha","8":"first","9":"outofstock","10":"shipping-taxable","11":"purchasable","12":"product-type-simple"},"_links":{"self":[{"href":"https:\/\/www.multicasa.com.br\/inicio\/wp-json\/wp\/v2\/product\/21096","targetHints":{"allow":["GET"]}}],"collection":[{"href":"https:\/\/www.multicasa.com.br\/inicio\/wp-json\/wp\/v2\/product"}],"about":[{"href":"https:\/\/www.multicasa.com.br\/inicio\/wp-json\/wp\/v2\/types\/product"}],"wp:featuredmedia":[{"embeddable":true,"href":"https:\/\/www.multicasa.com.br\/inicio\/wp-json\/wp\/v2\/media\/25158"}],"wp:attachment":[{"href":"https:\/\/www.multicasa.com.br\/inicio\/wp-json\/wp\/v2\/media?parent=21096"}],"wp:term":[{"taxonomy":"product_brand","embeddable":true,"href":"https:\/\/www.multicasa.com.br\/inicio\/wp-json\/wp\/v2\/product_brand?post=21096"},{"taxonomy":"product_cat","embeddable":true,"href":"https:\/\/www.multicasa.com.br\/inicio\/wp-json\/wp\/v2\/product_cat?post=21096"},{"taxonomy":"product_tag","embeddable":true,"href":"https:\/\/www.multicasa.com.br\/inicio\/wp-json\/wp\/v2\/product_tag?post=21096"}],"curies":[{"name":"wp","href":"https:\/\/api.w.org\/{rel}","templated":true}]}}