{"id":21097,"date":"2025-06-20T20:13:52","date_gmt":"2025-06-21T00:13:52","guid":{"rendered":"https:\/\/www.multicasa.com.br\/inicio\/?post_type=product&#038;p=21097"},"modified":"2026-01-09T06:40:19","modified_gmt":"2026-01-09T10:40:19","slug":"espatula-e-raspador-multiuso-inox-uny-home-15x115cm","status":"publish","type":"product","link":"https:\/\/www.multicasa.com.br\/inicio\/produto\/espatula-e-raspador-multiuso-inox-uny-home-15x115cm\/","title":{"rendered":"Esp\u00e1tula e Raspador Multiuso Inox Uny Home 15&#215;11,5cm"},"content":{"rendered":"<p>A Esp\u00e1tula e Raspador Multiuso da Uny Home \u00e9 a mais nova queridinha da cozinha brasileira. Ela veio para trazer praticidade e inova\u00e7\u00e3o para a cozinha dos apaixonados por utens\u00edlios dom\u00e9sticos. Feita em a\u00e7o inoxid\u00e1vel, f\u00e1cil de limpar e super resistente.<\/p>\n","protected":false},"excerpt":{"rendered":"<h4 style=\"margin: 0px;padding: 0px 0px 16px;font-family: Lato, sans-serif;font-weight: bold;line-height: 3rem;color: var(--dark-grey3);font-size: 22px;font-style: normal;letter-spacing: normal;text-align: start;text-indent: 0px;text-transform: none\">Informa\u00e7\u00f5es t\u00e9cnicas<\/h4>\n<p><span style=\"margin: 0px;padding: 0px;font-weight: 450;font-size: 14px;line-height: 21px;color: var(--dark-grey2);font-family: Lato, sans-serif;font-style: normal;letter-spacing: normal;text-align: start;text-indent: 0px;text-transform: none\">Produto: Esp\u00e1tula Raspador<br \/>\nMarca: Uny Home<br \/>\nMaterial: A\u00e7o Inox<br \/>\nCor: Prata<br \/>\nCaracter\u00edsticas: Serve para cortar massa; Cortar e transferir legumes para a panela; Raspar res\u00edduos de massas; Cortar e temperar chocolates; Alisar bolos na confeitaria; R\u00e9gua gravada com medidas em cent\u00edmetros e mil\u00edmetros para auxiliar as medidas dos cortes.<br \/>\nItens Inclusos: 1 esp\u00e1tula raspador<br \/>\nDimens\u00f5es do produto (A X L X P): 11,5 x 15 x 2,5cm                                                                                                      Peso: 0,107kg<\/span><\/p>\n","protected":false},"featured_media":0,"template":"","meta":{"_joinchat":[]},"product_brand":[],"product_cat":[93],"product_tag":[],"class_list":{"0":"post-21097","1":"product","2":"type-product","3":"status-publish","5":"product_cat-utensilios-para-cozinha","7":"first","8":"outofstock","9":"shipping-taxable","10":"purchasable","11":"product-type-simple"},"_links":{"self":[{"href":"https:\/\/www.multicasa.com.br\/inicio\/wp-json\/wp\/v2\/product\/21097","targetHints":{"allow":["GET"]}}],"collection":[{"href":"https:\/\/www.multicasa.com.br\/inicio\/wp-json\/wp\/v2\/product"}],"about":[{"href":"https:\/\/www.multicasa.com.br\/inicio\/wp-json\/wp\/v2\/types\/product"}],"wp:attachment":[{"href":"https:\/\/www.multicasa.com.br\/inicio\/wp-json\/wp\/v2\/media?parent=21097"}],"wp:term":[{"taxonomy":"product_brand","embeddable":true,"href":"https:\/\/www.multicasa.com.br\/inicio\/wp-json\/wp\/v2\/product_brand?post=21097"},{"taxonomy":"product_cat","embeddable":true,"href":"https:\/\/www.multicasa.com.br\/inicio\/wp-json\/wp\/v2\/product_cat?post=21097"},{"taxonomy":"product_tag","embeddable":true,"href":"https:\/\/www.multicasa.com.br\/inicio\/wp-json\/wp\/v2\/product_tag?post=21097"}],"curies":[{"name":"wp","href":"https:\/\/api.w.org\/{rel}","templated":true}]}}