{"id":21120,"date":"2025-06-20T20:14:15","date_gmt":"2025-06-21T00:14:15","guid":{"rendered":"https:\/\/www.multicasa.com.br\/inicio\/?post_type=product&#038;p=21120"},"modified":"2025-10-31T10:42:45","modified_gmt":"2025-10-31T14:42:45","slug":"pote-hermetico-retangular-com-escorredor-e-trava-em-plastico-plasutil-12l","status":"publish","type":"product","link":"https:\/\/www.multicasa.com.br\/inicio\/produto\/pote-hermetico-retangular-com-escorredor-e-trava-em-plastico-plasutil-12l\/","title":{"rendered":"Pote Herm\u00e9tico Retangular com Escorredor e Trava em Pl\u00e1stico Plas\u00fatil 1,2L"},"content":{"rendered":"<p>O Pote Herm\u00e9tico Retangular da Plas\u00fatil com capacidade para 1,2L \u00e9 transparente e facilita a visualiza\u00e7\u00e3o dos alimentos quando armazenados em gavetas. Encaixa em qualquer lugar otimizando o espa\u00e7o do arm\u00e1rio. A veda\u00e7\u00e3o com borracha acoplada ao pote \u00e9 f\u00e1cil de limpar, imposs\u00edvel de se perder, garante o fechamento herm\u00e9tico, conservando os alimentos mais frescos por mais tempo. Com escorredor interno, ideal para frutas e verduras higienizadas. Produzido em polipropileno, possui sistema exclusivo de duas travas laterais para mais garantia e seguran\u00e7a no fechamento.<\/p>\n","protected":false},"excerpt":{"rendered":"<h4 style=\"margin: 0px;padding: 0px 0px 16px;font-family: Lato, sans-serif;font-weight: bold;line-height: 3rem;color: var(--dark-grey3);font-size: 22px;font-style: normal;letter-spacing: normal;text-align: start;text-indent: 0px;text-transform: none\">Informa\u00e7\u00f5es t\u00e9cnicas<\/h4>\n<p><span style=\"margin: 0px;padding: 0px;font-weight: 450;font-size: 14px;line-height: 21px;color: var(--dark-grey2);font-family: Lato, sans-serif;font-style: normal;letter-spacing: normal;text-align: start;text-indent: 0px;text-transform: none\">Produto: Pote                                                                                                                                                             Tipo: Herm\u00e9tico<br \/>\nMarca: Plas\u00fatil<br \/>\nMaterial: Polipropileno (PP)<br \/>\nCor: Transparente<br \/>\nCapacidade: 1,2L<br \/>\nCaracter\u00edsticas: Duas travas laterais; Empilh\u00e1vel e com formatos modulares; Resistente a varia\u00e7\u00e3o de temperatura de -10\u00b0C a 110\u00b0C; Vai ao freezer, micro-ondas e lava-lou\u00e7as; Livre de BPA (bisfenol A); Mais resistente a quedas do que os potes feitos de acr\u00edlico, poliestireno ou vidro.<br \/>\nItens Inclusos: 1 pote<br \/>\nDimens\u00f5es do produto (A x L x C): 9,7 x 12,2 x 18cm                                                                                                    Peso: 0,096kg<\/span><\/p>\n","protected":false},"featured_media":21170,"template":"","meta":{"_joinchat":[]},"product_brand":[],"product_cat":[93],"product_tag":[],"class_list":{"0":"post-21120","1":"product","2":"type-product","3":"status-publish","4":"has-post-thumbnail","6":"product_cat-utensilios-para-cozinha","8":"first","9":"outofstock","10":"shipping-taxable","11":"purchasable","12":"product-type-simple"},"_links":{"self":[{"href":"https:\/\/www.multicasa.com.br\/inicio\/wp-json\/wp\/v2\/product\/21120","targetHints":{"allow":["GET"]}}],"collection":[{"href":"https:\/\/www.multicasa.com.br\/inicio\/wp-json\/wp\/v2\/product"}],"about":[{"href":"https:\/\/www.multicasa.com.br\/inicio\/wp-json\/wp\/v2\/types\/product"}],"wp:featuredmedia":[{"embeddable":true,"href":"https:\/\/www.multicasa.com.br\/inicio\/wp-json\/wp\/v2\/media\/21170"}],"wp:attachment":[{"href":"https:\/\/www.multicasa.com.br\/inicio\/wp-json\/wp\/v2\/media?parent=21120"}],"wp:term":[{"taxonomy":"product_brand","embeddable":true,"href":"https:\/\/www.multicasa.com.br\/inicio\/wp-json\/wp\/v2\/product_brand?post=21120"},{"taxonomy":"product_cat","embeddable":true,"href":"https:\/\/www.multicasa.com.br\/inicio\/wp-json\/wp\/v2\/product_cat?post=21120"},{"taxonomy":"product_tag","embeddable":true,"href":"https:\/\/www.multicasa.com.br\/inicio\/wp-json\/wp\/v2\/product_tag?post=21120"}],"curies":[{"name":"wp","href":"https:\/\/api.w.org\/{rel}","templated":true}]}}