{"id":21123,"date":"2025-06-20T20:14:16","date_gmt":"2025-06-21T00:14:16","guid":{"rendered":"https:\/\/www.multicasa.com.br\/inicio\/?post_type=product&#038;p=21123"},"modified":"2025-08-17T19:07:04","modified_gmt":"2025-08-17T23:07:04","slug":"fita-adesiva-antiderrapante-transparente-3m-5m","status":"publish","type":"product","link":"https:\/\/www.multicasa.com.br\/inicio\/produto\/fita-adesiva-antiderrapante-transparente-3m-5m\/","title":{"rendered":"Fita Adesiva Antiderrapante Transparente 3M 5m"},"content":{"rendered":"<p>A Fita Adesiva Antiderrapante Preta 3M \u00e9 perfeita para prevenir quedas em \u00e1reas \u00famidas e escorregadias, como pisos de banheiro, boxes e banheiras. Adesivo com base acr\u00edlica transparente com 5 metros, possui resist\u00eancia a \u00e1gua, mofo e bolor. F\u00e1cil instala\u00e7\u00e3o e textura confort\u00e1vel para os p\u00e9s. <\/p>\n","protected":false},"excerpt":{"rendered":"<h4 style=\"margin: 0px;padding: 0px 0px 16px;font-family: Lato, sans-serif;font-weight: bold;line-height: 3rem;color: var(--dark-grey3);font-size: 22px;font-style: normal;letter-spacing: normal;text-align: start;text-indent: 0px;text-transform: none\">Informa\u00e7\u00f5es t\u00e9cnicas<\/h4>\n<p><span style=\"margin: 0px;padding: 0px;font-weight: 450;font-size: 14px;line-height: 21px;color: var(--dark-grey2);font-family: Lato, sans-serif;font-style: normal;letter-spacing: normal;text-align: start;text-indent: 0px;text-transform: none\">Produto: Fita antiderrapante<br \/>\nMarca: 3M<br \/>\nMaterial: PVC<br \/>\nAcr\u00edlico<br \/>\nCaracter\u00edsticas: Transparente<br \/>\nF\u00e1cil instala\u00e7\u00e3o<br \/>\nIdeal para pisos e escadas<br \/>\nResistente a \u00e1gua, mofo e bolor<br \/>\nItens Inclusos: 1 Fita antiderrapante<br \/>\nDimens\u00f5es do produto (L X C): 5cm x 5m<br \/>\n<\/span><\/p>\n","protected":false},"featured_media":21186,"template":"","meta":{"_joinchat":[]},"product_brand":[],"product_cat":[162],"product_tag":[],"class_list":{"0":"post-21123","1":"product","2":"type-product","3":"status-publish","4":"has-post-thumbnail","6":"product_cat-colas-e-cia","8":"first","9":"outofstock","10":"shipping-taxable","11":"purchasable","12":"product-type-simple"},"_links":{"self":[{"href":"https:\/\/www.multicasa.com.br\/inicio\/wp-json\/wp\/v2\/product\/21123","targetHints":{"allow":["GET"]}}],"collection":[{"href":"https:\/\/www.multicasa.com.br\/inicio\/wp-json\/wp\/v2\/product"}],"about":[{"href":"https:\/\/www.multicasa.com.br\/inicio\/wp-json\/wp\/v2\/types\/product"}],"wp:featuredmedia":[{"embeddable":true,"href":"https:\/\/www.multicasa.com.br\/inicio\/wp-json\/wp\/v2\/media\/21186"}],"wp:attachment":[{"href":"https:\/\/www.multicasa.com.br\/inicio\/wp-json\/wp\/v2\/media?parent=21123"}],"wp:term":[{"taxonomy":"product_brand","embeddable":true,"href":"https:\/\/www.multicasa.com.br\/inicio\/wp-json\/wp\/v2\/product_brand?post=21123"},{"taxonomy":"product_cat","embeddable":true,"href":"https:\/\/www.multicasa.com.br\/inicio\/wp-json\/wp\/v2\/product_cat?post=21123"},{"taxonomy":"product_tag","embeddable":true,"href":"https:\/\/www.multicasa.com.br\/inicio\/wp-json\/wp\/v2\/product_tag?post=21123"}],"curies":[{"name":"wp","href":"https:\/\/api.w.org\/{rel}","templated":true}]}}