{"id":21148,"date":"2025-06-20T20:14:41","date_gmt":"2025-06-21T00:14:41","guid":{"rendered":"https:\/\/www.multicasa.com.br\/inicio\/?post_type=product&#038;p=21148"},"modified":"2025-12-16T19:05:02","modified_gmt":"2025-12-16T23:05:02","slug":"garrafa-com-bico-gole-gut-de-plastico-sanremo-175l","status":"publish","type":"product","link":"https:\/\/www.multicasa.com.br\/inicio\/produto\/garrafa-com-bico-gole-gut-de-plastico-sanremo-175l\/","title":{"rendered":"Garrafa com Bico Gole Gut de Pl\u00e1stico Sanremo 1,75L"},"content":{"rendered":"<p>A Garrafa com Bico Gole Gut de Pl\u00e1stico Sanremo tem capacidade para 1,75L e \u00e9 perfeita para ir tanto na porta da geladeira horizontal ou verticalmente no freezer, sendo herm\u00e9tica e a prova de vazamentos. Produzida em pl\u00e1stico e com bico valvulado, ela \u00e9 ideal para levar em passeios e viagens.<\/p>\n","protected":false},"excerpt":{"rendered":"<h4 style=\"margin: 0px;padding: 0px 0px 16px;font-family: Lato, sans-serif;font-weight: bold;line-height: 3rem;color: var(--dark-grey3);font-size: 22px;font-style: normal;letter-spacing: normal;text-align: start;text-indent: 0px;text-transform: none\">Informa\u00e7\u00f5es t\u00e9cnicas<\/h4>\n<p><span style=\"margin: 0px;padding: 0px;font-weight: 450;font-size: 14px;line-height: 21px;color: var(--dark-grey2);font-family: Lato, sans-serif;font-style: normal;letter-spacing: normal;text-align: start;text-indent: 0px;text-transform: none\">Produto: Garrafa<br \/>\nMarca: Sanremo<br \/>\nMaterial: Pl\u00e1stico<br \/>\nBPA free<br \/>\nCor: Incolor, vermelho e laranja<br \/>\nCapacidade: 1,75L<br \/>\nCaracter\u00edsticas: Bico valvulado<br \/>\nHerm\u00e9tica<br \/>\nItens Inclusos: 1 garrafa<br \/>\nDimens\u00f5es do produto (A x L x P): 21,9 x 14,8 x 9,2cm<\/span><\/p>\n","protected":false},"featured_media":21210,"template":"","meta":{"_joinchat":[]},"product_brand":[],"product_cat":[93],"product_tag":[],"class_list":{"0":"post-21148","1":"product","2":"type-product","3":"status-publish","4":"has-post-thumbnail","6":"product_cat-utensilios-para-cozinha","8":"first","9":"outofstock","10":"shipping-taxable","11":"product-type-simple"},"_links":{"self":[{"href":"https:\/\/www.multicasa.com.br\/inicio\/wp-json\/wp\/v2\/product\/21148","targetHints":{"allow":["GET"]}}],"collection":[{"href":"https:\/\/www.multicasa.com.br\/inicio\/wp-json\/wp\/v2\/product"}],"about":[{"href":"https:\/\/www.multicasa.com.br\/inicio\/wp-json\/wp\/v2\/types\/product"}],"wp:featuredmedia":[{"embeddable":true,"href":"https:\/\/www.multicasa.com.br\/inicio\/wp-json\/wp\/v2\/media\/21210"}],"wp:attachment":[{"href":"https:\/\/www.multicasa.com.br\/inicio\/wp-json\/wp\/v2\/media?parent=21148"}],"wp:term":[{"taxonomy":"product_brand","embeddable":true,"href":"https:\/\/www.multicasa.com.br\/inicio\/wp-json\/wp\/v2\/product_brand?post=21148"},{"taxonomy":"product_cat","embeddable":true,"href":"https:\/\/www.multicasa.com.br\/inicio\/wp-json\/wp\/v2\/product_cat?post=21148"},{"taxonomy":"product_tag","embeddable":true,"href":"https:\/\/www.multicasa.com.br\/inicio\/wp-json\/wp\/v2\/product_tag?post=21148"}],"curies":[{"name":"wp","href":"https:\/\/api.w.org\/{rel}","templated":true}]}}