{"id":21149,"date":"2025-06-20T20:14:41","date_gmt":"2025-06-21T00:14:41","guid":{"rendered":"https:\/\/www.multicasa.com.br\/inicio\/?post_type=product&#038;p=21149"},"modified":"2025-12-16T19:05:06","modified_gmt":"2025-12-16T23:05:06","slug":"cola-instanteanea-pincel-super-bonder-4g","status":"publish","type":"product","link":"https:\/\/www.multicasa.com.br\/inicio\/produto\/cola-instanteanea-pincel-super-bonder-4g\/","title":{"rendered":"Cola Instant\u00eaanea Pincel Super Bonder 4g"},"content":{"rendered":"<p>Ideal para diversos reparos, a cola instant\u00e2nea Super Bonder \u00e9 uma ajuda indispens\u00e1vel para ter em casa! Pr\u00e1tica e eficiente, possui pincel aplicador que dosa perfeitamente a quantidade de cola necess\u00e1ria. Com at\u00e9 50% a mais de for\u00e7a, \u00e9 indicada para colar borracha, couro, madeira, metal, porcelana, papel, pl\u00e1stico e muito mais. F\u00f3rmula sem solvente.<\/p>\n","protected":false},"excerpt":{"rendered":"<h4 style=\"margin: 0px;padding: 0px 0px 16px;font-family: Lato, sans-serif;font-weight: bold;line-height: 3rem;color: var(--dark-grey3);font-size: 22px;font-style: normal;letter-spacing: normal;text-align: start;text-indent: 0px;text-transform: none\">Informa\u00e7\u00f5es t\u00e9cnicas<\/h4>\n<p><span style=\"margin: 0px;padding: 0px;font-weight: 450;font-size: 14px;line-height: 21px;color: var(--dark-grey2);font-family: Lato, sans-serif;font-style: normal;letter-spacing: normal;text-align: start;text-indent: 0px;text-transform: none\">Produto: Cola Instant\u00e2nea<br \/>\nMarca: Super Bonder<br \/>\nComposi\u00e7\u00e3o: \u00c9ster de cianoacrilato<br \/>\nConte\u00fado: 4g<br \/>\nCaracter\u00edsticas: F\u00f3rmula at\u00e9 50% mais forte<br \/>\nSem solventes<br \/>\nCom pincel<br \/>\nPermite maior precis\u00e3o na aplica\u00e7\u00e3o<br \/>\nResistente a temperaturas altas, \u00e1gua e impacto<br \/>\nItens inclusos: 1 Cola Instant\u00e2nea<\/span><\/p>\n","protected":false},"featured_media":24993,"template":"","meta":{"_joinchat":[]},"product_brand":[],"product_cat":[162],"product_tag":[],"class_list":{"0":"post-21149","1":"product","2":"type-product","3":"status-publish","4":"has-post-thumbnail","6":"product_cat-colas-e-cia","8":"first","9":"outofstock","10":"shipping-taxable","11":"product-type-simple"},"_links":{"self":[{"href":"https:\/\/www.multicasa.com.br\/inicio\/wp-json\/wp\/v2\/product\/21149","targetHints":{"allow":["GET"]}}],"collection":[{"href":"https:\/\/www.multicasa.com.br\/inicio\/wp-json\/wp\/v2\/product"}],"about":[{"href":"https:\/\/www.multicasa.com.br\/inicio\/wp-json\/wp\/v2\/types\/product"}],"wp:featuredmedia":[{"embeddable":true,"href":"https:\/\/www.multicasa.com.br\/inicio\/wp-json\/wp\/v2\/media\/24993"}],"wp:attachment":[{"href":"https:\/\/www.multicasa.com.br\/inicio\/wp-json\/wp\/v2\/media?parent=21149"}],"wp:term":[{"taxonomy":"product_brand","embeddable":true,"href":"https:\/\/www.multicasa.com.br\/inicio\/wp-json\/wp\/v2\/product_brand?post=21149"},{"taxonomy":"product_cat","embeddable":true,"href":"https:\/\/www.multicasa.com.br\/inicio\/wp-json\/wp\/v2\/product_cat?post=21149"},{"taxonomy":"product_tag","embeddable":true,"href":"https:\/\/www.multicasa.com.br\/inicio\/wp-json\/wp\/v2\/product_tag?post=21149"}],"curies":[{"name":"wp","href":"https:\/\/api.w.org\/{rel}","templated":true}]}}