{"id":21152,"date":"2025-06-20T20:14:41","date_gmt":"2025-06-21T00:14:41","guid":{"rendered":"https:\/\/www.multicasa.com.br\/inicio\/?post_type=product&#038;p=21152"},"modified":"2025-06-20T20:15:43","modified_gmt":"2025-06-21T00:15:43","slug":"suporte-com-rodas-giratorio-cromado-para-fogao-geladeira-itatiba","status":"publish","type":"product","link":"https:\/\/www.multicasa.com.br\/inicio\/produto\/suporte-com-rodas-giratorio-cromado-para-fogao-geladeira-itatiba\/","title":{"rendered":"Suporte com Rodas Girat\u00f3rio Cromado para Fog\u00e3o\/Geladeira Itatiba"},"content":{"rendered":"<p>O Suporte com Rodas Girat\u00f3rio da Itatiba foi criado para ser utilizado em fog\u00f5es, geladeiras e outros eletrodom\u00e9sticos parecidos (exceto m\u00e1quina de lavar) para ajudar a proteg\u00ea-los e facilitar sua rotina na hora da limpeza e organiza\u00e7\u00e3o. Possui freios de seguran\u00e7a que garantem deslocamento em todas as dire\u00e7\u00f5es e acabamento cromado de duas camadas de banho eletrol\u00edtico, sendo uma de n\u00edquel e a outra de cromo. Seu suporte girat\u00f3rio para fog\u00e3o \u00e9 regul\u00e1vel, mede 77 x 70 cm e deixa seu eletrodom\u00e9stico a 7cm do ch\u00e3o, espa\u00e7o para vassouras e rodos na hora da faxina.<\/p>\n","protected":false},"excerpt":{"rendered":"<h4 style=\"margin: 0px;padding: 0px 0px 16px;font-family: Lato, sans-serif;font-weight: bold;line-height: 3rem;color: var(--dark-grey3);font-size: 22px;font-style: normal;letter-spacing: normal;text-align: start;text-indent: 0px;text-transform: none\">Informa\u00e7\u00f5es t\u00e9cnicas<\/h4>\n<p><span style=\"margin: 0px;padding: 0px;font-weight: 450;font-size: 14px;line-height: 21px;color: var(--dark-grey2);font-family: Lato, sans-serif;font-style: normal;letter-spacing: normal;text-align: start;text-indent: 0px;text-transform: none\">Produto: Suporte para fog\u00e3o\/geladeira<br \/>\nTipo: Girat\u00f3rio<br \/>\nMarca: Itatiba<br \/>\nMaterial: A\u00e7o carbono<br \/>\nAcabamento: Cromado com uma camada de n\u00edquel e uma de cromo<br \/>\nCor: Prata<br \/>\nUso indicado: fog\u00f5es, geladeiras e similares<br \/>\nN\u00e3o usar em m\u00e1quina de lavar-roupa<br \/>\nCaracter\u00edsticas: Gira em todas as dire\u00e7\u00f5es<br \/>\nSuporta at\u00e9 400kg<br \/>\nPossui freios de seguran\u00e7a<br \/>\nItens Inclusos: 1 Suporte para fog\u00e3o\/geladeira<br \/>\nDimens\u00f5es do produto (A X L X P): 77 x 70 x 7cm<br \/>\n<\/span><\/p>\n","protected":false},"featured_media":21218,"template":"","meta":{"_joinchat":[]},"product_brand":[],"product_cat":[93],"product_tag":[],"class_list":{"0":"post-21152","1":"product","2":"type-product","3":"status-publish","4":"has-post-thumbnail","6":"product_cat-utensilios-para-cozinha","8":"first","9":"outofstock","10":"shipping-taxable","11":"product-type-simple"},"_links":{"self":[{"href":"https:\/\/www.multicasa.com.br\/inicio\/wp-json\/wp\/v2\/product\/21152","targetHints":{"allow":["GET"]}}],"collection":[{"href":"https:\/\/www.multicasa.com.br\/inicio\/wp-json\/wp\/v2\/product"}],"about":[{"href":"https:\/\/www.multicasa.com.br\/inicio\/wp-json\/wp\/v2\/types\/product"}],"wp:featuredmedia":[{"embeddable":true,"href":"https:\/\/www.multicasa.com.br\/inicio\/wp-json\/wp\/v2\/media\/21218"}],"wp:attachment":[{"href":"https:\/\/www.multicasa.com.br\/inicio\/wp-json\/wp\/v2\/media?parent=21152"}],"wp:term":[{"taxonomy":"product_brand","embeddable":true,"href":"https:\/\/www.multicasa.com.br\/inicio\/wp-json\/wp\/v2\/product_brand?post=21152"},{"taxonomy":"product_cat","embeddable":true,"href":"https:\/\/www.multicasa.com.br\/inicio\/wp-json\/wp\/v2\/product_cat?post=21152"},{"taxonomy":"product_tag","embeddable":true,"href":"https:\/\/www.multicasa.com.br\/inicio\/wp-json\/wp\/v2\/product_tag?post=21152"}],"curies":[{"name":"wp","href":"https:\/\/api.w.org\/{rel}","templated":true}]}}