{"id":21154,"date":"2025-06-20T20:14:41","date_gmt":"2025-06-21T00:14:41","guid":{"rendered":"https:\/\/www.multicasa.com.br\/inicio\/?post_type=product&#038;p=21154"},"modified":"2026-02-25T12:34:01","modified_gmt":"2026-02-25T16:34:01","slug":"suporte-de-prato-para-parede-arame-dourado-marlete-15cm","status":"publish","type":"product","link":"https:\/\/www.multicasa.com.br\/inicio\/produto\/suporte-de-prato-para-parede-arame-dourado-marlete-15cm\/","title":{"rendered":"Suporte de Prato para Parede Arame Dourado Marlete 15cm"},"content":{"rendered":"<p>Com o Suporte de Prato Aranha Marlete voc\u00ea tem o melhor jeito para pendurar na parede seus pratos com seguran\u00e7a. Sua arma\u00e7\u00e3o met\u00e1lica na cor dourada com gancho de duas molas comporta pratos rasos na medida de 15cm. N\u00e3o usar em pratos abaulados. Seguran\u00e7a e praticidade!<\/p>\n","protected":false},"excerpt":{"rendered":"<h4 style=\"margin: 0px;padding: 0px 0px 16px;font-family: Lato, sans-serif;font-weight: bold;line-height: 3rem;color: var(--dark-grey3);font-size: 22px;font-style: normal;letter-spacing: normal;text-align: start;text-indent: 0px;text-transform: none\">Informa\u00e7\u00f5es t\u00e9cnicas<\/h4>\n<p><span style=\"margin: 0px;padding: 0px;font-weight: 450;font-size: 14px;line-height: 21px;color: var(--dark-grey2);font-family: Lato, sans-serif;font-style: normal;letter-spacing: normal;text-align: start;text-indent: 0px;text-transform: none\">Produto: Suporte para prato<br \/>\nMarca: Marlete<br \/>\nMaterial:<br \/>\nCor: Dourado<br \/>\nCaracter\u00edsticas: Gancho com duas molas<br \/>\nIndicado somente para pratos rasos<br \/>\nItens Inclusos: 1 suporte para gal\u00e3o<br \/>\nDimens\u00f5es do produto (A): 15cm<\/span><\/p>\n","protected":false},"featured_media":26003,"template":"","meta":{"_joinchat":[]},"product_brand":[],"product_cat":[93],"product_tag":[],"class_list":{"0":"post-21154","1":"product","2":"type-product","3":"status-publish","4":"has-post-thumbnail","6":"product_cat-utensilios-para-cozinha","8":"first","9":"outofstock","10":"shipping-taxable","11":"purchasable","12":"product-type-simple"},"_links":{"self":[{"href":"https:\/\/www.multicasa.com.br\/inicio\/wp-json\/wp\/v2\/product\/21154","targetHints":{"allow":["GET"]}}],"collection":[{"href":"https:\/\/www.multicasa.com.br\/inicio\/wp-json\/wp\/v2\/product"}],"about":[{"href":"https:\/\/www.multicasa.com.br\/inicio\/wp-json\/wp\/v2\/types\/product"}],"wp:featuredmedia":[{"embeddable":true,"href":"https:\/\/www.multicasa.com.br\/inicio\/wp-json\/wp\/v2\/media\/26003"}],"wp:attachment":[{"href":"https:\/\/www.multicasa.com.br\/inicio\/wp-json\/wp\/v2\/media?parent=21154"}],"wp:term":[{"taxonomy":"product_brand","embeddable":true,"href":"https:\/\/www.multicasa.com.br\/inicio\/wp-json\/wp\/v2\/product_brand?post=21154"},{"taxonomy":"product_cat","embeddable":true,"href":"https:\/\/www.multicasa.com.br\/inicio\/wp-json\/wp\/v2\/product_cat?post=21154"},{"taxonomy":"product_tag","embeddable":true,"href":"https:\/\/www.multicasa.com.br\/inicio\/wp-json\/wp\/v2\/product_tag?post=21154"}],"curies":[{"name":"wp","href":"https:\/\/api.w.org\/{rel}","templated":true}]}}